{"id":5990,"date":"2025-11-25T14:18:36","date_gmt":"2025-11-25T14:18:36","guid":{"rendered":"https:\/\/tiesupplier.com\/product\/corbata-de-calidad-superior-con-un-diseno-ingenioso\/"},"modified":"2025-11-25T14:18:36","modified_gmt":"2025-11-25T14:18:36","slug":"corbata-de-calidad-superior-con-un-diseno-ingenioso","status":"publish","type":"product","link":"https:\/\/tiesupplier.com\/es\/product\/corbata-de-calidad-superior-con-un-diseno-ingenioso\/","title":{"rendered":"Corbata de calidad superior con un dise\u00f1o ingenioso"},"content":{"rendered":"<p>Nuestra dise\u00f1adora tard\u00f3 3 d\u00edas en dise\u00f1ar esta corbata.<\/p>\n<p>S\u00e9 que te enamorar\u00e1s de este h\u00e1bil dise\u00f1o.<\/p>\n<table class=\"is-zebra all magic-4\">\n<tbody>\n<tr>\n<td colspan=\"1\" rowspan=\"1\">\n<div class=\"magic-5\">\n<div class=\"magic-6\" data-spm-anchor-id=\"0.0.0.i42.49274f0591m7X9\"><b data-spm-anchor-id=\"0.0.0.i28.49274f05avYhT5\"><span class=\"magic-7\">Dise\u00f1o, Color y Logotipo<\/span><\/b><\/div>\n<\/div>\n<\/td>\n<td colspan=\"1\" rowspan=\"1\">\n<div class=\"magic-8\">\n<div class=\"magic-9\" data-spm-anchor-id=\"0.0.0.i104.49274f05avYhT5\"><span class=\"magic-10\"><span class=\"magic-11\" data-spm-anchor-id=\"0.0.0.i86.49274f05avYhT5\">Bienvenido personalizado. <\/span><b class=\"magic-11\" data-spm-anchor-id=\"0.0.0.i226.49274f05avYhT5\"><span class=\"magic-11\">Deja que tu logotipo sea \u00fanica.<\/span><\/b><\/span><\/div>\n<\/div>\n<\/td>\n<\/tr>\n<tr>\n<td colspan=\"1\" rowspan=\"1\">\n<div class=\"magic-5\">\n<div class=\"magic-6\" data-spm-anchor-id=\"0.0.0.i169.49274f05avYhT5\"><span class=\"magic-12\"><b class=\"magic-11\">Material<\/b><\/span><\/div>\n<\/div>\n<\/td>\n<td colspan=\"1\" rowspan=\"1\">\n<div class=\"magic-8\">\n<div class=\"magic-9\" data-spm-anchor-id=\"0.0.0.i199.49274f05avYhT5\"><span class=\"magic-10\"><span class=\"magic-11\">Tejido jacquard de seda pura, estampado de seda pura: sarga de 16 mm, sat\u00e9n de 16 mm, mezcla de seda: algod\u00f3n de seda, viscosa de seda, lana de seda, lino de seda, poli\u00e9ster, algod\u00f3n, lino, lana, etc.<b class=\"magic-11\" data-spm-anchor-id=\"0.0.0.i216.49274f05avYhT5\">Amplia gama para <\/b><\/span><b class=\"magic-11\" data-spm-anchor-id=\"0.0.0.i219.49274f05avYhT5\"><span class=\"magic-11\">Su selecci\u00f3n.<\/span><\/b><\/span><\/div>\n<\/div>\n<\/td>\n<\/tr>\n<tr>\n<td colspan=\"1\" rowspan=\"1\">\n<div class=\"magic-5\">\n<div class=\"magic-6\" data-spm-anchor-id=\"0.0.0.i180.49274f05avYhT5\"><b class=\"magic-11\"><span class=\"magic-12\">Forma<\/span><\/b><\/div>\n<\/div>\n<\/td>\n<td colspan=\"1\" rowspan=\"1\">\n<div class=\"magic-8\"><span class=\"magic-10\">Semi botella, botella o recta.<\/span><\/div>\n<\/td>\n<\/tr>\n<tr>\n<td colspan=\"1\" rowspan=\"1\">\n<div class=\"magic-5\">\n<div class=\"magic-6\"><b class=\"magic-11\" data-spm-anchor-id=\"0.0.0.i182.49274f05avYhT5\"><span class=\"magic-12\">Accesorios<\/span><\/b><\/div>\n<\/div>\n<\/td>\n<td colspan=\"1\" rowspan=\"1\">\n<div class=\"magic-8\"><span class=\"magic-10\"><span class=\"magic-11\">Etiquetas principales personalizadas, etiquetas de cuidado, c\u00f3digos de barras, pegatinas, bolsas de polietileno, cajas de regalo, etc. <\/span><span class=\"magic-11\"><b class=\"magic-11\" data-spm-anchor-id=\"0.0.0.i241.49274f05avYhT5\">Acepte sus demandas especiales, le permitir\u00e1 ahorrar tiempo y preocupaciones.<\/b><\/span><\/span><\/div>\n<\/td>\n<\/tr>\n<tr>\n<td colspan=\"1\" rowspan=\"1\">\n<div class=\"magic-5\">\n<div class=\"magic-6\"><b class=\"magic-11\"><span class=\"magic-12\"> Funciones<\/span><\/b><\/div>\n<\/div>\n<\/td>\n<td colspan=\"1\" rowspan=\"1\">\n<div class=\"magic-8\"><span class=\"magic-10\">Uso para boda,<span class=\"magic-11\">Reuni\u00f3n, fiesta, etc.<\/span><\/span><\/div>\n<\/td>\n<\/tr>\n<tr>\n<td colspan=\"1\" rowspan=\"1\">\n<div class=\"magic-5\">\n<div class=\"magic-6\"><b class=\"magic-11\"><span class=\"magic-12\"> Obra de arte<\/span><\/b><\/div>\n<\/div>\n<\/td>\n<td colspan=\"1\" rowspan=\"1\">\n<div class=\"magic-8\"><span class=\"magic-10\"><span class=\"magic-11\">Archivos de dise\u00f1o en formato AI,CDR,PDF,JPG. <\/span><b class=\"magic-11\" data-spm-anchor-id=\"0.0.0.i245.49274f05avYhT5\"><span class=\"magic-11\">Convierte tu buena idea en realidad.<\/span><\/b><\/span><\/div>\n<\/td>\n<\/tr>\n<tr>\n<td colspan=\"1\" rowspan=\"1\">\n<div class=\"magic-5\">\n<div class=\"magic-6\"><b class=\"magic-11\"><span class=\"magic-12\">Ventajas <\/span><\/b><\/div>\n<\/div>\n<\/td>\n<td colspan=\"1\" rowspan=\"1\">\n<div class=\"magic-8\"><span class=\"magic-10\"><b class=\"magic-11\" data-spm-anchor-id=\"0.0.0.i19.49274f0591m7X9\">Haz que cada corbata sea tuya con tu propio dise\u00f1o<\/b><\/span><\/div>\n<\/td>\n<\/tr>\n<tr>\n<td colspan=\"1\" rowspan=\"1\">\n<div class=\"magic-5\">\n<div class=\"magic-6\"><b class=\"magic-11\"><span class=\"magic-12\"> Paquete<\/span><\/b><\/div>\n<\/div>\n<\/td>\n<td colspan=\"1\" rowspan=\"1\">\n<div class=\"magic-8\"><span class=\"magic-10\">Una pieza en una bolsa de polietileno, 100 piezas\/caja interior, 3 cajas interiores en una caja de cart\u00f3n con bolsa impermeable. <b class=\"magic-11\" data-spm-anchor-id=\"0.0.0.i258.49274f05avYhT5\"><span class=\"magic-11\">Haz lo que quieras, piensa lo que te importa.<\/span><\/b><\/span><\/div>\n<\/td>\n<\/tr>\n<tr>\n<td colspan=\"1\" rowspan=\"1\">\n<div class=\"magic-5\">\n<div class=\"magic-6\"><b class=\"magic-11\"><span class=\"magic-12\">Tama\u00f1o<\/span><\/b><\/div>\n<\/div>\n<\/td>\n<td colspan=\"1\" rowspan=\"1\">\n<div class=\"magic-8\"><span class=\"magic-10\">(4 \u2013 9) CM de ancho, (110 \u2013 165) CM de largo: seg\u00fan la solicitud espec\u00edfica del cliente.<b class=\"magic-11\"><span class=\"magic-11\">Hacer<\/span><\/b> <span class=\"magic-11\"><b class=\"magic-11\" data-spm-anchor-id=\"0.0.0.i1.49274f05t2z7C8\">Tama\u00f1o designado para adaptarse a su cuello.<\/b><\/span><\/span><\/div>\n<\/td>\n<\/tr>\n<tr>\n<td colspan=\"1\" rowspan=\"1\">\n<div class=\"magic-5\">\n<div class=\"magic-6\"><b class=\"magic-11\"><span class=\"magic-12\">Costo de muestra<\/span><\/b><\/div>\n<\/div>\n<\/td>\n<td colspan=\"1\" rowspan=\"1\">\n<div class=\"magic-8\"><span class=\"magic-10\">Muestra de stock disponible de forma gratuita. <b class=\"magic-11\" data-spm-anchor-id=\"0.0.0.i269.49274f05avYhT5\"><span class=\"magic-11\">Solo tienes que pagar el costo de env\u00edo de DHL.<\/span><\/b><\/span><\/div>\n<\/td>\n<\/tr>\n<tr>\n<td colspan=\"1\" rowspan=\"1\">\n<div class=\"magic-5\">\n<div class=\"magic-6\"><b class=\"magic-11\"><span class=\"magic-12\">Tiempo de muestra y tiempo de masa<\/span><\/b><\/div>\n<\/div>\n<\/td>\n<td colspan=\"1\" rowspan=\"1\">\n<div class=\"magic-8\"><span class=\"magic-10\">Tiempo de muestra alrededor de 7 a 15 d\u00edas h\u00e1biles; Tiempo de entrega al por mayor alrededor de 4 a 6 semanas. <span class=\"magic-11\"><b class=\"magic-11\" data-spm-anchor-id=\"0.0.0.i24.49274f0591m7X9\">Nuestra profesional, su satisfacci\u00f3n.<\/b><\/span><\/span><\/div>\n<\/td>\n<\/tr>\n<tr>\n<td colspan=\"1\" rowspan=\"1\">\n<div class=\"magic-5\">\n<div class=\"magic-6\" data-spm-anchor-id=\"0.0.0.i67.49274f0591m7X9\"><b class=\"magic-11\"><span class=\"magic-12\">Cantidad m\u00ednima de pedido <\/span><\/b><\/div>\n<\/div>\n<\/td>\n<td colspan=\"1\" rowspan=\"1\">\n<div class=\"magic-8\"><span class=\"magic-10\">50 uds. <b class=\"magic-11\" data-spm-anchor-id=\"0.0.0.i277.49274f05avYhT5\"><span class=\"magic-11\">MOQ bajo para evitar desperdicio innecesario de sus productos y dinero.<\/span><\/b><\/span><\/div>\n<\/td>\n<\/tr>\n<tr>\n<td colspan=\"1\" rowspan=\"1\">\n<div class=\"magic-5\">\n<div class=\"magic-6\"><b class=\"magic-11\"><span class=\"magic-12\">Plaza de pago<\/span><\/b><\/div>\n<\/div>\n<\/td>\n<td colspan=\"1\" rowspan=\"1\">\n<div class=\"magic-8\"><span class=\"magic-10\">T\/T, Western Union, efectivo, Paypal, Trade Assurance, otros pueden negociarse. <span class=\"magic-11\"><b class=\"magic-11\" data-spm-anchor-id=\"0.0.0.i29.49274f0591m7X9\">Solo 30% de dep\u00f3sito, haga que su capital flotante sea m\u00e1s efectivo.<\/b><\/span><\/span><\/div>\n<\/td>\n<\/tr>\n<tr>\n<td colspan=\"1\" rowspan=\"1\">\n<div class=\"magic-5\">\n<div class=\"magic-6\"><b class=\"magic-11\" data-spm-anchor-id=\"0.0.0.i184.49274f05avYhT5\"><span class=\"magic-12\">Env\u00edo<\/span><\/b><\/div>\n<\/div>\n<\/td>\n<td colspan=\"1\" rowspan=\"1\">\n<div class=\"magic-8\"><span class=\"magic-10\"><span class=\"magic-11\">Por aire, DHL o mar. Si eliges DHL<\/span> <b class=\"magic-11\" data-spm-anchor-id=\"0.0.0.i288.49274f05avYhT5\"><span class=\"magic-11\">Es m\u00e1s r\u00e1pido como si compras en el mercado local.<\/span><\/b><\/span><\/div>\n<\/td>\n<\/tr>\n<tr>\n<td colspan=\"2\" rowspan=\"1\">\n<div class=\"magic-13\" data-spm-anchor-id=\"a2700.wholesale.0.i27.18a769d71qpB6J\"><span class=\"magic-14\">Corbatas, corbatas de hombre, corbatas mas\u00f3nicas, corbatas escolares, corbatas de cuello, corbatas florales, corbatas, corbatas de hombre, corbatas de lujo, corbata de seda personalizada, corbata<br \/>\nNegro, caja de regalo para corbata, corbata para hombre, corbatas de seda para hombre, corbatas para hombre, corbata de seda, corbata con logotipo personalizado, corbatas de seda personalizadas para hombre, corbata de oficina, corbata de seda hecha a mano, corbata de seda con estampado paisley, corbatas de sublimaci\u00f3n, corbata para hombre, corbata de seda Shengzhou, conjunto de corbatas personalizadas, corbata de alta calidad<\/span><\/div>\n<\/td>\n<\/tr>\n<\/tbody>\n<\/table>\n<div class=\"J_module\">\n<h3 id=\"ali-anchor-AliMagic-9sgwxj\" class=\"magic-3\" data-section=\"AliMagic-9sgwxj\" data-section-title=\"Company Profile\"><strong>Perfil de la empresa<\/strong><\/h3>\n<\/div>\n<div class=\"J_module\">\n<div class=\"detail-decorate-json-renderer-container\">\n<div class=\"magic-25\">\n<div class=\"magic-26\">\n<div class=\"magic-27\">\n<div class=\"magic-28\">\n<p class=\"magic-69\" data-spm-anchor-id=\"a2700.details.0.i29.2cf6738fJXf6p4\"><span class=\"magic-70\"><span class=\"magic-51\">Nuestra empresa es una de las empresas l\u00edderes en el sector de las corbatas para hombres desde hace m\u00e1s de 24 a\u00f1os, con 3 f\u00e1bricas y m\u00e1s de 2000 dise\u00f1os (corbata normal para hombre, corbata fina, corbata de punto, pajarita, tirantes y chaleco).<\/span><\/span><\/p>\n<p class=\"magic-69\"><span class=\"magic-70\"><span class=\"magic-51\">Hemos conseguido muchos pedidos y ganado muchos clientes leales. Servirle ser\u00e1 nuestro honor.<\/span><\/span><\/p>\n<p class=\"magic-69\" data-spm-anchor-id=\"a2700.details.0.i28.2cf6738fJXf6p4\"><span class=\"magic-70\"><span class=\"magic-51\">Nuestra lema: Honestidad, Multi-ganancia y Creciendo juntos.<\/span><\/span><\/p>\n<\/div>\n<\/div>\n<\/div>\n<\/div>\n<\/div>\n<\/div>\n<h3><strong>\u00bfQuienes somos?<\/strong><\/h3>\n<p>Fabricante proveedor de corbatas: Shengzhou Covherlab Garment&amp;Accessories Co., Ltd, ubicada en Shaoxing, Zhejiang, China, es una de las f\u00e1bricas l\u00edderes en China. Nuestra empresa produce y vende principalmente productos de accesorios, basados \u200b\u200ben el desarrollo a largo plazo, enfoc\u00e1ndose en la gesti\u00f3n b\u00e1sica y la calidad del producto, tiene un sistema completo de prevenci\u00f3n, venta, servicio posventa y log\u00edstica de productos para cultivar la competitividad del mercado de productos. Desde su creaci\u00f3n, nuestra empresa se ha adherido a la filosof\u00eda empresarial de \u00abgesti\u00f3n de integridad, servicio de alta calidad y ganancias para los clientes\u00bb, dedicada a brindar a los clientes el mejor servicio de calidad y los mejores productos rentables, y aprovechar Internet para traer productos de calidad al mundo.<\/p>\n<p>Tenemos una capacidad de producci\u00f3n diaria de m\u00e1s de 8000 piezas de corbatas y otros accesorios para el cuello. Nuestra gama de productos incluye corbatas, tejidos te\u00f1idos para corbatas y prendas de vestir, bufandas y pa\u00f1uelos, chalecos, pajaritas y otros accesorios para el cuello. Nuestros productos se fabrican con excelente mano de obra, materia prima de primera calidad y equipos de alta gama. Por lo tanto, podemos ofrecerle la mejor calidad al precio m\u00e1s competitivo. Nos dedicamos plenamente a la exportaci\u00f3n, por lo que conocemos sus necesidades y nos comunicamos con usted profesionalmente en ingl\u00e9s. Nuestros clientes provienen de todo el mundo. Para seguir cerca de las tendencias internacionales m\u00e1s actuales, nuestros dise\u00f1adores crean 500 dise\u00f1os nuevos cada 3 meses para satisfacer sus necesidades de dise\u00f1os y colores de moda en todo el mundo. Nos hemos consolidado como una empresa honesta, confiable y con amplia experiencia, con la que nuestros clientes conf\u00edan y desean mantener una relaci\u00f3n comercial duradera. Si desea m\u00e1s informaci\u00f3n sobre nuestra empresa, los productos y los servicios que ofrecemos, cont\u00e1ctenos o visite nuestro sitio web. Le agradecemos enormemente su colaboraci\u00f3n, ya que esperamos establecer nuevas asociaciones con diversos amigos en todo el mundo.         <\/p>\n<p>&nbsp;<\/p>\n","protected":false},"excerpt":{"rendered":"<p>Somos fabricantes en China. Si desea adquirir corbatas en stock al precio m\u00e1s reciente, cons\u00faltenos a continuaci\u00f3n. <\/p>\n<p>Si necesita una corbata personalizada o realizar un pedido OEM\/ODM, env\u00ede su dise\u00f1o por CORREO ELECTR\u00d3NICO.<\/p>\n<p>Correo electr\u00f3nico:<a href=\"mailto:supply@tiesupplier.com\">suministro@tiesupplier.com<\/a><\/p>\n","protected":false},"featured_media":5995,"comment_status":"open","ping_status":"closed","template":"","meta":[],"product_cat":[273],"product_tag":[281,275,282],"class_list":["post-5990","product","type-product","status-publish","has-post-thumbnail","hentry","product_cat-atar","product_tag-corbata-con-logotipo","product_tag-corbata-de-cuello","product_tag-corbata-personalizada","pa_material-polyester"],"aioseo_notices":[],"_links":{"self":[{"href":"https:\/\/tiesupplier.com\/es\/wp-json\/wp\/v2\/product\/5990","targetHints":{"allow":["GET"]}}],"collection":[{"href":"https:\/\/tiesupplier.com\/es\/wp-json\/wp\/v2\/product"}],"about":[{"href":"https:\/\/tiesupplier.com\/es\/wp-json\/wp\/v2\/types\/product"}],"replies":[{"embeddable":true,"href":"https:\/\/tiesupplier.com\/es\/wp-json\/wp\/v2\/comments?post=5990"}],"version-history":[{"count":0,"href":"https:\/\/tiesupplier.com\/es\/wp-json\/wp\/v2\/product\/5990\/revisions"}],"wp:featuredmedia":[{"embeddable":true,"href":"https:\/\/tiesupplier.com\/es\/wp-json\/wp\/v2\/media\/5995"}],"wp:attachment":[{"href":"https:\/\/tiesupplier.com\/es\/wp-json\/wp\/v2\/media?parent=5990"}],"wp:term":[{"taxonomy":"product_cat","embeddable":true,"href":"https:\/\/tiesupplier.com\/es\/wp-json\/wp\/v2\/product_cat?post=5990"},{"taxonomy":"product_tag","embeddable":true,"href":"https:\/\/tiesupplier.com\/es\/wp-json\/wp\/v2\/product_tag?post=5990"}],"curies":[{"name":"wp","href":"https:\/\/api.w.org\/{rel}","templated":true}]}}