{"id":5996,"date":"2025-11-25T14:18:36","date_gmt":"2025-11-25T14:18:36","guid":{"rendered":"https:\/\/tiesupplier.com\/product\/china-polyester-necktie-pocket-cuff-ink-tie-clip-men-necktie-set\/"},"modified":"2025-11-25T14:18:36","modified_gmt":"2025-11-25T14:18:36","slug":"china-polyester-necktie-pocket-cuff-ink-tie-clip-men-necktie-set","status":"publish","type":"product","link":"https:\/\/tiesupplier.com\/es\/product\/china-polyester-necktie-pocket-cuff-ink-tie-clip-men-necktie-set\/","title":{"rendered":"China Polyester Necktie Pocket Cuff-Ink Tie Clip Men Necktie Set"},"content":{"rendered":"<div readability=\"47\">\n<ins class=\"adsbygoogle\" data-ad-client=\"ca-pub-2713617115809499\" data-ad-slot=\"6100242752\" data-ad-format=\"auto\" data-full-width-responsive=\"true\"><\/ins><\/p>\n<p>Conjunto de corbata de poli\u00e9ster. Corbata de poli\u00e9ster china con pu\u00f1os de bolsillo y clip de corbata de tinta. Conjunto de corbata de hombre. Corbata de seda. Elaboradas con la mejor seda, ofrecen durabilidad y un tacto lujoso, a\u00f1adiendo elegancia a cualquier look. Nuestras corbatas de seda est\u00e1n disponibles en una variedad de colores y estampados, y se pueden personalizar para un toque \u00fanico. Adem\u00e1s, usar corbatas de seda puede a\u00f1adir un toque de elegancia a cualquier look, haci\u00e9ndote sentir seguro y preparado para cualquier evento. Nuestras corbatas est\u00e1n hechas a mano para durar, y con el cuidado adecuado, pueden transmitirse de generaci\u00f3n en generaci\u00f3n. Para empezar, puedes usarlas con confianza sabiendo que llevas un accesorio de moda que no solo es elegante sino tambi\u00e9n duradero. Pero, \u00bfcu\u00e1les son los beneficios de usar nuestras corbatas de seda de alta calidad? Ya sea que quieras a\u00f1adir un monograma especial, incorporar un s\u00edmbolo memorable o crear un estampado \u00fanico, nuestros h\u00e1biles artesanos har\u00e1n realidad la corbata de tus sue\u00f1os. Convertir\u00e1 la corbata de tus sue\u00f1os en una realidad.<br \/>Set includes tie, scarf, cufflinks, tie clip, white gift box, gift bag<br \/>Tama\u00f1o de la corbata: 146 x 8 x 3,5 cm. Incluye corbata, pa\u00f1uelo, gemelos, pasador de corbata, caja de regalo blanca y bolsa de regalo. Juego de corbata de poli\u00e9ster. Corbata de poli\u00e9ster china con pu\u00f1os de bolsillo y pasador de corbata de tinta. Juego de corbata de hombre. Corbata de seda. Elaboradas con la mejor seda, ofrecen durabilidad y un tacto lujoso, a\u00f1adiendo elegancia a cualquier look. Nuestras corbatas de seda est\u00e1n disponibles en una variedad de colores y estampados, y se pueden personalizar para un toque \u00fanico. Adem\u00e1s, usar corbatas de seda puede a\u00f1adir un toque de elegancia a cualquier look, haci\u00e9ndote sentir seguro y preparado para cualquier evento. Nuestras corbatas est\u00e1n hechas a mano para durar y, con el cuidado adecuado, pueden transmitirse de generaci\u00f3n en generaci\u00f3n. Para empezar, puedes usarlas con la confianza de saber que llevas un accesorio de moda que no solo es elegante sino tambi\u00e9n duradero. Pero, \u00bfcu\u00e1les son las ventajas de usar nuestras corbatas de seda de alta calidad? Ya sea que quieras a\u00f1adir un monograma especial, incorporar un s\u00edmbolo memorable o crear un estampado \u00fanico, nuestros h\u00e1biles artesanos&#8230; Ya sea que quieras a\u00f1adir un toque especial&#8230; Ya sea que desee crear un monograma, incorporar un s\u00edmbolo memorable o crear un patr\u00f3n \u00fanico, nuestros h\u00e1biles artesanos convertir\u00e1n la corbata de sus sue\u00f1os en una realidad.<br \/>Square scarf size: 25x25cm<br \/>Cufflink size: 1.6cm<br \/>Box size: 16&#215;10.5x7cm<br \/>1. Material: poli\u00e9ster. Tama\u00f1o de la caja: 16 x 10,5 x 7 cm. Tama\u00f1o de los gemelos: 1,6 cm. Tama\u00f1o del pa\u00f1uelo cuadrado: 25 x 25 cm. Tama\u00f1o de la corbata: 146 x 8 x 3,5 cm. El juego incluye corbata, pa\u00f1uelo, gemelos, pasador de corbata, caja de regalo blanca y bolsa de regalo. Juego de corbata de poli\u00e9ster. Corbata de poli\u00e9ster china con pu\u00f1os de bolsillo y pasador de corbata de tinta. Juego de corbata de hombre. Corbata de seda. Elaboradas con la mejor seda, ofrecen durabilidad y un tacto lujoso, a\u00f1adiendo elegancia a cualquier atuendo. Nuestras corbatas de seda est\u00e1n disponibles en una variedad de colores y estampados, y se pueden personalizar para un toque \u00fanico. Adem\u00e1s, usar corbatas de seda puede a\u00f1adir un toque de elegancia a cualquier atuendo, haci\u00e9ndote sentir seguro y preparado para cualquier evento. Nuestras corbatas est\u00e1n hechas a mano para durar y, con el cuidado adecuado, pueden transmitirse de generaci\u00f3n en generaci\u00f3n. Para empezar, puedes usarlas con confianza sabiendo que llevas un accesorio de moda que no solo es elegante sino tambi\u00e9n duradero. Pero, \u00bfcu\u00e1les son los beneficios de usar nuestra seda de alta calidad? \u00bfCorbatas? Ya sea que desee agregar un monograma especial, incorporar un s\u00edmbolo memorable o crear un patr\u00f3n \u00fanico, nuestros h\u00e1biles artesanos har\u00e1n realidad la corbata de sus sue\u00f1os. Ya sea que desee agregar un monograma especial, incorporar un s\u00edmbolo memorable o crear un patr\u00f3n \u00fanico, nuestros h\u00e1biles artesanos har\u00e1n realidad la corbata de sus sue\u00f1os. <br \/>2.Necktie Size:145&#8211;148cm long, 5-8cm wide. <br \/>3. Se aceptan dise\u00f1os personalizados. 2. Tama\u00f1o de la corbata: 145&#8211;148 cm de largo, 5-8 cm de ancho. 1. Material: poli\u00e9ster. Tama\u00f1o de la caja: 16&#215;10.5x7cm Tama\u00f1o de los gemelos: 1.6cm Tama\u00f1o de la bufanda cuadrada: 25x25cm Tama\u00f1o de la corbata: 146x8x3.5cm El juego incluye corbata, bufanda, gemelos, clip de corbata, caja de regalo blanca, bolsa de regalo. Juego de corbata de poli\u00e9ster. Corbata de poli\u00e9ster de China, pu\u00f1os de bolsillo, clip de corbata de tinta, juego de corbata para hombre. Corbata de seda. Elaboradas con la mejor seda, ofrecen durabilidad y una sensaci\u00f3n de lujo, a\u00f1adiendo elegancia a cualquier atuendo. Nuestras corbatas de seda est\u00e1n disponibles en una variedad de colores y patrones, y se pueden personalizar para un toque \u00fanico. Adem\u00e1s, usar corbatas de seda puede a\u00f1adir un toque de elegancia a cualquier atuendo, haci\u00e9ndote sentir seguro y preparado para cualquier evento. Nuestras corbatas est\u00e1n hechas a mano para durar y, con el cuidado adecuado, pueden transmitirse de generaci\u00f3n en generaci\u00f3n. Para empezar, puedes usarlas con confianza. Saber que llevas un accesorio de moda que no solo es elegante, sino tambi\u00e9n duradero. Pero, \u00bfcu\u00e1les son los beneficios de usar nuestras corbatas de seda de alta calidad? Ya sea que quieras a\u00f1adir un monograma especial, incorporar un s\u00edmbolo memorable o crear un patr\u00f3n \u00fanico, nuestros h\u00e1biles artesanos har\u00e1n realidad la corbata de tus sue\u00f1os. <br \/>4.Your logo can be printed or woven on it to promote. <br \/>5. M\u00e1s estilos, m\u00e1s colores para elegir 4. Su logotipo puede ser impreso o tejido en \u00e9l para promocionarlo. 3. Se aceptan dise\u00f1os personalizados. 2. Tama\u00f1o de la corbata: 145&#8211;148 cm de largo, 5-8 cm de ancho. 1. Material: poli\u00e9ster. Tama\u00f1o de la caja: 16&#215;10.5x7cm Tama\u00f1o del gemelo: 1.6cm Tama\u00f1o de la bufanda cuadrada: 25x25cm Tama\u00f1o de la corbata: 146x8x3.5cm El juego incluye corbata, bufanda, gemelos, clip de corbata, caja de regalo blanca, bolsa de regalo Juego de corbata de poli\u00e9ster China Corbata de poli\u00e9ster Pu\u00f1o de bolsillo-Pinza de corbata de tinta Juego de corbata para hombre Corbata de seda Elaboradas con la mejor seda, ofrecen durabilidad y una sensaci\u00f3n de lujo, a\u00f1adiendo elegancia a cualquier atuendo. Nuestras corbatas de seda est\u00e1n disponibles en una variedad de colores y patrones, y se pueden personalizar para darle un toque \u00fanico. Adem\u00e1s, usar corbatas de seda puede a\u00f1adir un toque de elegancia a cualquier atuendo, haci\u00e9ndote sentir seguro y preparado para cualquier evento. Nuestras corbatas est\u00e1n hechas a mano para durar, Y con el cuidado adecuado, pueden transmitirse de generaci\u00f3n en generaci\u00f3n. Para empezar, puede usarlas con confianza sabiendo que est\u00e1 luciendo un accesorio de moda que no solo es elegante sino tambi\u00e9n duradero. Pero, \u00bfcu\u00e1les son los beneficios de usar nuestras corbatas de seda de alta calidad? Ya sea que desee agregar un monograma especial, incorporar un s\u00edmbolo memorable o crear un patr\u00f3n \u00fanico, nuestros h\u00e1biles artesanos har\u00e1n realidad la corbata de sus sue\u00f1os. <br \/>6.8 years experience in necktie designing,manufacturing and exporting.<br \/>7.Packing:1 tie in a polybag .300PCS in a carton (80*34*60CM).70000PCS in a container <\/p>\n<p>We have many stock designs,if you need other designs,please feel free to contact us.<\/p>\n<p>    <ins class=\"adsbygoogle\" data-ad-layout=\"in-article\" data-ad-format=\"fluid\" data-ad-client=\"ca-pub-2713617115809499\" data-ad-slot=\"5641077753\"><\/ins>\n                            <\/div>\n","protected":false},"excerpt":{"rendered":"<p>Conjunto de corbata de poli\u00e9ster. Corbata de poli\u00e9ster china con pu\u00f1os de bolsillo y clip de corbata de tinta. Conjunto de corbata de hombre. Corbata de seda. Elaboradas con la mejor seda, ofrecen durabilidad y un tacto lujoso, a\u00f1adiendo elegancia a cualquier look. Nuestras corbatas de seda est\u00e1n disponibles en una variedad de colores y [&hellip;]<\/p>\n","protected":false},"featured_media":5997,"comment_status":"open","ping_status":"closed","template":"","meta":[],"product_cat":[273],"product_tag":[],"class_list":["post-5996","product","type-product","status-publish","has-post-thumbnail","hentry","product_cat-atar"],"aioseo_notices":[],"_links":{"self":[{"href":"https:\/\/tiesupplier.com\/es\/wp-json\/wp\/v2\/product\/5996","targetHints":{"allow":["GET"]}}],"collection":[{"href":"https:\/\/tiesupplier.com\/es\/wp-json\/wp\/v2\/product"}],"about":[{"href":"https:\/\/tiesupplier.com\/es\/wp-json\/wp\/v2\/types\/product"}],"replies":[{"embeddable":true,"href":"https:\/\/tiesupplier.com\/es\/wp-json\/wp\/v2\/comments?post=5996"}],"version-history":[{"count":0,"href":"https:\/\/tiesupplier.com\/es\/wp-json\/wp\/v2\/product\/5996\/revisions"}],"wp:featuredmedia":[{"embeddable":true,"href":"https:\/\/tiesupplier.com\/es\/wp-json\/wp\/v2\/media\/5997"}],"wp:attachment":[{"href":"https:\/\/tiesupplier.com\/es\/wp-json\/wp\/v2\/media?parent=5996"}],"wp:term":[{"taxonomy":"product_cat","embeddable":true,"href":"https:\/\/tiesupplier.com\/es\/wp-json\/wp\/v2\/product_cat?post=5996"},{"taxonomy":"product_tag","embeddable":true,"href":"https:\/\/tiesupplier.com\/es\/wp-json\/wp\/v2\/product_tag?post=5996"}],"curies":[{"name":"wp","href":"https:\/\/api.w.org\/{rel}","templated":true}]}}