{"id":5998,"date":"2025-11-25T14:18:36","date_gmt":"2025-11-25T14:18:36","guid":{"rendered":"https:\/\/tiesupplier.com\/product\/corbata-morada-de-seda-de-buena-calidad-para-hombre\/"},"modified":"2025-11-25T14:18:36","modified_gmt":"2025-11-25T14:18:36","slug":"corbata-morada-de-seda-de-buena-calidad-para-hombre","status":"publish","type":"product","link":"https:\/\/tiesupplier.com\/es\/product\/corbata-morada-de-seda-de-buena-calidad-para-hombre\/","title":{"rendered":"Corbata morada de seda de buena calidad para hombre"},"content":{"rendered":"<p data-pm-slice=\"1 1 []\">\u00a1Experimente una combinaci\u00f3n perfecta de estilo y calidad con nuestra hermosa selecci\u00f3n de corbatas de seda de alta calidad de 8 CM! Ya sea que optes por un cl\u00e1sico blanco o negro, o quieras agregar un toque de color a tu atuendo, \u00a1nuestra corbata violeta llevar\u00e1 tu estilo a un nivel completamente nuevo!<\/p>\n<p>Fabricadas con la mejor seda, cada una de nuestras corbatas promete una sensaci\u00f3n lujosa que dejar\u00e1 tu piel suave y tersa. Disponible en una gama de colores y patrones, seguro que encontrar\u00e1s la combinaci\u00f3n perfecta para cualquier ocasi\u00f3n.<\/p>\n<p>\u00bfPero qu\u00e9 pasa si tu color o patr\u00f3n favorito no est\u00e1 disponible en nuestro stock? \u00a1No hay necesidad de preocuparse! En [nombre de la empresa], ofrecemos un servicio \u00fanico de personalizaci\u00f3n de corbatas que le permite personalizar su corbata favorita con su toque \u00fanico. Ya sea que desee agregar un monograma especial, incorporar un s\u00edmbolo memorable o crear un patr\u00f3n \u00fanico, nuestros h\u00e1biles artesanosYa sea que desee agregar un monograma especial, incorporar un s\u00edmbolo memorable o crear un patr\u00f3n \u00fanico, nuestros h\u00e1biles artesanos convertir\u00e1n la corbata de sus sue\u00f1os en una realidad. convertir\u00e1n la corbata de sus sue\u00f1os en una realidad.<\/p>\n<p>Pero, \u00bfcu\u00e1les son los beneficios de usar nuestras corbatas de seda de alta calidad? Ya sea que desee agregar un monograma especial, incorporar un s\u00edmbolo memorable o crear un patr\u00f3n \u00fanico, nuestros h\u00e1biles artesanos convertir\u00e1n la corbata de sus sue\u00f1os en realidad. Para empezar, puede usarlas con confianza sabiendo que est\u00e1 luciendo un accesorio de moda que no solo es elegante sino tambi\u00e9n duradero. Pero, \u00bfcu\u00e1les son los beneficios de usar nuestras corbatas de seda de alta calidad? Ya sea que desee agregar un monograma especial, incorporar un s\u00edmbolo memorable o crear un patr\u00f3n \u00fanico, nuestros h\u00e1biles artesanos har\u00e1n realidad la corbata de sus sue\u00f1os. Nuestras corbatas est\u00e1n hechas a mano para durar, y con el cuidado adecuado, pueden transmitirse de generaci\u00f3n en generaci\u00f3n. Para empezar, puede usarlas con confianza sabiendo que est\u00e1 luciendo un accesorio de moda que no solo es elegante sino tambi\u00e9n duradero. Pero, \u00bfcu\u00e1les son los beneficios de usar nuestras corbatas de seda de alta calidad? Ya sea que desee agregar un monograma especial, incorporar un s\u00edmbolo memorable o crear un patr\u00f3n \u00fanico, nuestros h\u00e1biles artesanos har\u00e1n realidad la corbata de sus sue\u00f1os. Adem\u00e1s, usar corbatas de seda puede agregar un toque de elegancia a cualquier atuendo, haci\u00e9ndote sentir seguro y preparado para cualquier evento. Nuestras corbatas est\u00e1n hechas a mano para durar y, con el cuidado adecuado, pueden transmitirse de generaci\u00f3n en generaci\u00f3n. Para empezar, puedes usarlas con confianza sabiendo que est\u00e1s luciendo un accesorio de moda que no solo es elegante sino tambi\u00e9n duradero. Pero, \u00bfcu\u00e1les son los beneficios de usar nuestras corbatas de seda de alta calidad? Ya sea que desees agregar un monograma especial, incorporar un s\u00edmbolo memorable o crear un patr\u00f3n \u00fanico, nuestros h\u00e1biles artesanos har\u00e1n realidad la corbata de tus sue\u00f1os.<\/p>\n","protected":false},"excerpt":{"rendered":"<p data-pm-slice=\"1 1 []\">Nuestras corbatas de seda est\u00e1n disponibles en una variedad de colores y patrones, y se pueden personalizar para un toque \u00fanico. Adem\u00e1s, usar corbatas de seda puede agregar un toque de elegancia a cualquier atuendo, haci\u00e9ndote sentir seguro y preparado para cualquier evento. Nuestras corbatas est\u00e1n hechas a mano para durar, y con el cuidado adecuado, pueden transmitirse de generaci\u00f3n en generaci\u00f3n. Para empezar, puedes usarlas con confianza sabiendo que est\u00e1s luciendo un accesorio de moda que no solo es elegante sino tambi\u00e9n duradero. Pero, \u00bfcu\u00e1les son los beneficios de usar nuestras corbatas de seda de alta calidad? Ya sea que desees agregar un monograma especial, incorporar un s\u00edmbolo memorable o crear un patr\u00f3n \u00fanico, nuestros h\u00e1biles artesanos har\u00e1n realidad la corbata de tus sue\u00f1os. Elaboradas con la seda m\u00e1s fina, ofrecen durabilidad y una sensaci\u00f3n de lujo, a\u00f1adiendo elegancia a cualquier atuendo. Nuestras corbatas de seda est\u00e1n disponibles en una variedad de colores y patrones, y se pueden personalizar para un toque \u00fanico. Adem\u00e1s, usar corbatas de seda puede agregar un toque de elegancia a cualquier atuendo, haci\u00e9ndote sentir seguro y preparado para cualquier evento. Nuestras corbatas est\u00e1n hechas a mano para durar, y con el cuidado adecuado, pueden transmitirse de generaci\u00f3n en generaci\u00f3n. Para empezar, puedes usarlas con confianza sabiendo que est\u00e1s luciendo un accesorio de moda que no solo es elegante sino tambi\u00e9n duradero. Pero, \u00bfcu\u00e1les son los beneficios de usar nuestras corbatas de seda de alta calidad? Ya sea que desees agregar un monograma especial, incorporar un s\u00edmbolo memorable o crear un patr\u00f3n \u00fanico, nuestros h\u00e1biles artesanos har\u00e1n realidad la corbata de tus sue\u00f1os.<\/p>\n","protected":false},"featured_media":6021,"comment_status":"open","ping_status":"closed","template":"","meta":[],"product_cat":[273],"product_tag":[276,282],"class_list":["post-5998","product","type-product","status-publish","has-post-thumbnail","hentry","product_cat-atar","product_tag-corbata-al-por-mayor","product_tag-corbata-personalizada"],"aioseo_notices":[],"_links":{"self":[{"href":"https:\/\/tiesupplier.com\/es\/wp-json\/wp\/v2\/product\/5998","targetHints":{"allow":["GET"]}}],"collection":[{"href":"https:\/\/tiesupplier.com\/es\/wp-json\/wp\/v2\/product"}],"about":[{"href":"https:\/\/tiesupplier.com\/es\/wp-json\/wp\/v2\/types\/product"}],"replies":[{"embeddable":true,"href":"https:\/\/tiesupplier.com\/es\/wp-json\/wp\/v2\/comments?post=5998"}],"version-history":[{"count":0,"href":"https:\/\/tiesupplier.com\/es\/wp-json\/wp\/v2\/product\/5998\/revisions"}],"wp:featuredmedia":[{"embeddable":true,"href":"https:\/\/tiesupplier.com\/es\/wp-json\/wp\/v2\/media\/6021"}],"wp:attachment":[{"href":"https:\/\/tiesupplier.com\/es\/wp-json\/wp\/v2\/media?parent=5998"}],"wp:term":[{"taxonomy":"product_cat","embeddable":true,"href":"https:\/\/tiesupplier.com\/es\/wp-json\/wp\/v2\/product_cat?post=5998"},{"taxonomy":"product_tag","embeddable":true,"href":"https:\/\/tiesupplier.com\/es\/wp-json\/wp\/v2\/product_tag?post=5998"}],"curies":[{"name":"wp","href":"https:\/\/api.w.org\/{rel}","templated":true}]}}