{"id":6026,"date":"2025-11-25T14:18:35","date_gmt":"2025-11-25T14:18:35","guid":{"rendered":"https:\/\/tiesupplier.com\/product\/panuelo-de-bolsillo-de-poliester-de-moda-para-hombre\/"},"modified":"2025-11-25T14:18:35","modified_gmt":"2025-11-25T14:18:35","slug":"panuelo-de-bolsillo-de-poliester-de-moda-para-hombre","status":"publish","type":"product","link":"https:\/\/tiesupplier.com\/es\/product\/panuelo-de-bolsillo-de-poliester-de-moda-para-hombre\/","title":{"rendered":"Pa\u00f1uelo de bolsillo de poli\u00e9ster de moda para hombre"},"content":{"rendered":"<table class=\"has-title all magic-4\">\n<tbody>\n<tr>\n<td colspan=\"1\" rowspan=\"1\">\n<div class=\"magic-5\" data-spm-anchor-id=\"a2700.details.0.i28.2d46101f93HDNM\">art\u00edculo<\/div>\n<\/td>\n<td colspan=\"1\" rowspan=\"1\">\n<div class=\"magic-6\">valor<\/div>\n<\/td>\n<\/tr>\n<tr>\n<td colspan=\"1\" rowspan=\"1\">\n<div class=\"magic-5\">D\u00eda festivo<\/div>\n<\/td>\n<td colspan=\"1\" rowspan=\"1\">\n<div class=\"magic-6\">D\u00eda de la Madre, D\u00eda del Padre, A\u00f1o Nuevo Chino, Navidad, Pascua, Acci\u00f3n de Gracias, Halloween, Nacimiento, Eid, Oktoberfest, A\u00f1o Nuevo, San Valent\u00edn<\/div>\n<\/td>\n<\/tr>\n<tr>\n<td colspan=\"1\" rowspan=\"1\">\n<div class=\"magic-5\">Estaci\u00f3n<\/div>\n<\/td>\n<td colspan=\"1\" rowspan=\"1\">\n<div class=\"magic-6\">Cada d\u00eda<\/div>\n<\/td>\n<\/tr>\n<tr>\n<td colspan=\"1\" rowspan=\"1\">\n<div class=\"magic-5\">Espacio de la habitaci\u00f3n<\/div>\n<\/td>\n<td colspan=\"1\" rowspan=\"1\">\n<div class=\"magic-6\" data-spm-anchor-id=\"a2700.details.0.i30.2d46101f93HDNM\">Escritorio, Encimera, Cocina, Patio, Armario, Ba\u00f1o, Dormitorio, Comedor, Dormitorio, Entrada, Interior y exterior, Sala de estar, Habitaci\u00f3n infantil, Oficina, Pasillo, Exterior, Cuarto de beb\u00e9, Lavander\u00eda<\/div>\n<\/td>\n<\/tr>\n<tr>\n<td colspan=\"1\" rowspan=\"1\">\n<div class=\"magic-5\">Material<\/div>\n<\/td>\n<td colspan=\"1\" rowspan=\"1\">\n<div class=\"magic-6\">100% poli\u00e9ster<\/div>\n<\/td>\n<\/tr>\n<tr>\n<td colspan=\"1\" rowspan=\"1\">\n<div class=\"magic-5\">Estilo<\/div>\n<\/td>\n<td colspan=\"1\" rowspan=\"1\">\n<div class=\"magic-6\">Casual<\/div>\n<\/td>\n<\/tr>\n<tr>\n<td colspan=\"1\" rowspan=\"1\">\n<div class=\"magic-5\">PatronaCasual<\/div>\n<\/td>\n<td colspan=\"1\" rowspan=\"1\">\n<div class=\"magic-6\">HILO TE\u00d1IDO<\/div>\n<\/td>\n<\/tr>\n<tr>\n<td colspan=\"1\" rowspan=\"1\">\n<div class=\"magic-5\">Grupo de edad<\/div>\n<\/td>\n<td colspan=\"1\" rowspan=\"1\">\n<div class=\"magic-6\">Adultas<\/div>\n<\/td>\n<\/tr>\n<tr>\n<td colspan=\"1\" rowspan=\"1\">\n<div class=\"magic-5\">T\u00e9cnica<\/div>\n<\/td>\n<td colspan=\"1\" rowspan=\"1\">\n<div class=\"magic-6\">tejido<\/div>\n<\/td>\n<\/tr>\n<tr>\n<td colspan=\"1\" rowspan=\"1\">\n<div class=\"magic-5\">G\u00e9nero<\/div>\n<\/td>\n<td colspan=\"1\" rowspan=\"1\">\n<div class=\"magic-6\">hombres<\/div>\n<\/td>\n<\/tr>\n<tr>\n<td colspan=\"1\" rowspan=\"1\">\n<div class=\"magic-5\">Tama\u00f1o<\/div>\n<\/td>\n<td colspan=\"1\" rowspan=\"1\">\n<div class=\"magic-6\">seg\u00fan tu petici\u00f3n<\/div>\n<\/td>\n<\/tr>\n<tr>\n<td colspan=\"1\" rowspan=\"1\">\n<div class=\"magic-5\">Lugar de origen<\/div>\n<\/td>\n<td colspan=\"1\" rowspan=\"1\">\n<div class=\"magic-6\">Porcelana<\/div>\n<\/td>\n<\/tr>\n<tr>\n<td colspan=\"1\" rowspan=\"1\">\n<div class=\"magic-5\"><\/div>\n<\/td>\n<td colspan=\"1\" rowspan=\"1\">\n<div class=\"magic-6\">Zhejiang<\/div>\n<\/td>\n<\/tr>\n<tr>\n<td colspan=\"1\" rowspan=\"1\">\n<div class=\"magic-5\">Nombre de marca<\/div>\n<\/td>\n<td colspan=\"1\" rowspan=\"1\">\n<div class=\"magic-6\">boyi<\/div>\n<\/td>\n<\/tr>\n<tr>\n<td colspan=\"1\" rowspan=\"1\">\n<div class=\"magic-5\">N\u00famero de modelo<\/div>\n<\/td>\n<td colspan=\"1\" rowspan=\"1\">\n<div class=\"magic-6\">reco-371<\/div>\n<\/td>\n<\/tr>\n<tr>\n<td colspan=\"1\" rowspan=\"1\">\n<div class=\"magic-5\">Clasificar<\/div>\n<\/td>\n<td colspan=\"1\" rowspan=\"1\">\n<div class=\"magic-6\">Cuadrada de bolsillo de poli\u00e9ster<\/div>\n<\/td>\n<\/tr>\n<tr>\n<td colspan=\"1\" rowspan=\"1\">\n<div class=\"magic-5\">Tama\u00f1o<\/div>\n<\/td>\n<td colspan=\"1\" rowspan=\"1\">\n<div class=\"magic-6\">25*25 cm (opcional) o seg\u00fan su solicitud<\/div>\n<\/td>\n<\/tr>\n<tr>\n<td colspan=\"1\" rowspan=\"1\">\n<div class=\"magic-5\">Color<\/div>\n<\/td>\n<td colspan=\"1\" rowspan=\"1\">\n<div class=\"magic-6\">Los colores base est\u00e1n disponibles<\/div>\n<\/td>\n<\/tr>\n<tr>\n<td colspan=\"1\" rowspan=\"1\">\n<div class=\"magic-5\">Estaci\u00f3n<\/div>\n<\/td>\n<td colspan=\"1\" rowspan=\"1\">\n<div class=\"magic-6\">Todas las estaciones<\/div>\n<\/td>\n<\/tr>\n<tr>\n<td colspan=\"1\" rowspan=\"1\">\n<div class=\"magic-5\">Refinamiento<\/div>\n<\/td>\n<td colspan=\"1\" rowspan=\"1\">\n<div class=\"magic-6\">Acabado de tejido de color<\/div>\n<\/td>\n<\/tr>\n<tr>\n<td colspan=\"1\" rowspan=\"1\">\n<div class=\"magic-5\">Patrona<\/div>\n<\/td>\n<td colspan=\"1\" rowspan=\"1\">\n<div class=\"magic-6\">Punto, cuadros, rayas<\/div>\n<\/td>\n<\/tr>\n<tr>\n<td colspan=\"1\" rowspan=\"1\">\n<div class=\"magic-5\">Env\u00edo<\/div>\n<\/td>\n<td colspan=\"1\" rowspan=\"1\">\n<div class=\"magic-6\">Por correo expreso, mar\u00edtimo o a\u00e9reo.<\/div>\n<\/td>\n<\/tr>\n<tr>\n<td colspan=\"1\" rowspan=\"1\">\n<div class=\"magic-5\">Tiempo de muestra<\/div>\n<\/td>\n<td colspan=\"1\" rowspan=\"1\">\n<div class=\"magic-6\">5-7 d\u00edas<\/div>\n<\/td>\n<\/tr>\n<tr>\n<td colspan=\"1\" rowspan=\"1\">\n<div class=\"magic-5\">Tiempo de producci\u00f3n<\/div>\n<\/td>\n<td colspan=\"1\" rowspan=\"1\">\n<div class=\"magic-6\">12-14 d\u00edas<\/div>\n<\/td>\n<\/tr>\n<tr>\n<td colspan=\"1\" rowspan=\"1\">\n<div class=\"magic-5\">Nombre del producto<\/div>\n<\/td>\n<td colspan=\"1\" rowspan=\"1\">\n<div class=\"magic-6\">Pa\u00f1uelo de bolsillo de poli\u00e9ster para hombre<\/div>\n<\/td>\n<\/tr>\n<\/tbody>\n<\/table>\n<h3><strong>Preguntas frecuentes<\/strong><\/h3>\n<ol>\n<li><strong>Dise\u00f1o.<\/strong>Fabricamos corbatas personalizadas que siguen la cultura corporativa, logotipo, uso e imagen.<\/li>\n<li><span data-spm-anchor-id=\"a2700.details.0.i32.5b265b35tzF1DR\"><strong>F\u00e1brica.<\/strong> Contamos con nuestra propia f\u00e1brica de corbatas, fabricante de corbatas en China. (Calidad de marca, precio de f\u00e1brica)  <\/span><\/li>\n<li><strong>Experiencia.<\/strong> Fabricamos corbatas para hombres desde hace 14 a\u00f1os. (30 trabajadores de corbatas tienen 20 a\u00f1os de experiencia en la fabricaci\u00f3n de corbatas. <\/li>\n<li><strong>Cantidad m\u00ednima de pedido.<\/strong> Podemos hacer 30 corbatas de hombre por color.<\/li>\n<li><strong>Entrega:<\/strong>Env\u00edo y r\u00e1pido econ\u00f3mico de corbatas. Se puede rastrear todo. (Corbata de muestra: 7 d\u00edas. Corbata al por mayor: 2-4 semanas).  <\/li>\n<li><strong>Calidad:<\/strong>Contamos con un estricto sistema de control de calidad de corbatas. Comprobaci\u00f3n de la tela de la corbata \u2013 Comprobaci\u00f3n del corte de la corbata \u2013 Comprobaci\u00f3n de la corbata \u2013 Comprobaci\u00f3n del embalaje de la corbata.<\/li>\n<li data-spm-anchor-id=\"a2700.details.0.i30.5b265b35tzF1DR\"><strong>OEM y ODM,<\/strong>Podemos colocar la etiqueta de su corbata en la corbata.<\/li>\n<li><strong>Servicio: <\/strong>Respuesta r\u00e1pida a su consulta, equipo de trabajo profesional y buen servicio.<\/li>\n<li data-spm-anchor-id=\"a2700.details.0.i31.5b265b35tzF1DR\"><strong>Certificado.<\/strong> Contamos con informes de pruebas de tejidos para corbatas de SGS e Intertek. Todas nuestras corbatas superan las pruebas AZO Free y otras pruebas requeridas. <\/li>\n<li data-spm-anchor-id=\"a2700.details.0.i29.5b265b35tzF1DR\"><strong>Exportar.<\/strong> Exportaci\u00f3n de corbatas propias desde hace 10 a\u00f1os. Exportaci\u00f3n a m\u00e1s de 40 pa\u00edses. <\/li>\n<\/ol>\n<table border=\"2\" width=\"962\" cellspacing=\"0\" cellpadding=\"0\">\n<tbody>\n<tr>\n<td height=\"31\" data-spm-anchor-id=\"a2700.wholesale.0.i21.612c71535Y8m7B\">ART\u00cdCULO<\/td>\n<td>Cantidad<\/td>\n<td>ENGA\u00d1AR<\/td>\n<td>Digital<\/td>\n<td>Carga de muestra<\/td>\n<td> plazo de entrega<\/td>\n<\/tr>\n<tr>\n<td rowspan=\"6\" height=\"122\">poli\u00e9ster<br \/>\n(corbata escolar)<br \/>\nHecho a m\u00e1quina<br \/>\n960 pinos<\/td>\n<td>50 piezas<\/td>\n<td>$1.70<\/td>\n<td><\/td>\n<td rowspan=\"6\">$15.00<\/td>\n<td rowspan=\"6\">7 d\u00edas<\/td>\n<\/tr>\n<tr>\n<td height=\"19\">100 piezas<\/td>\n<td>$1.50<\/td>\n<td><\/td>\n<\/tr>\n<tr>\n<td height=\"22\">300 piezas<\/td>\n<td>$1.30<\/td>\n<td><\/td>\n<\/tr>\n<tr>\n<td height=\"19\">500 piezas<\/td>\n<td>$1.10<\/td>\n<td><\/td>\n<\/tr>\n<tr>\n<td height=\"21\">1000 piezas<\/td>\n<td>$0.80<\/td>\n<td><\/td>\n<\/tr>\n<tr>\n<td height=\"21\">2000 piezas<\/td>\n<td>$0.70<\/td>\n<td><\/td>\n<\/tr>\n<tr>\n<td rowspan=\"7\" height=\"148\">poli\u00e9ster impreso<\/td>\n<td>50 piezas<\/td>\n<td>$3.00<\/td>\n<td>$3.00<\/td>\n<td rowspan=\"3\">estampado de seda<br \/>\n30 USD por pantalla<\/td>\n<td rowspan=\"3\">10 d\u00edas<\/td>\n<\/tr>\n<tr>\n<td height=\"21\">100 piezas<\/td>\n<td>$2.50<\/td>\n<td>$2.50<\/td>\n<\/tr>\n<tr>\n<td height=\"21\">300 piezas<\/td>\n<td>$1.50<\/td>\n<td>$1.80<\/td>\n<\/tr>\n<tr>\n<td height=\"21\">500 piezas<\/td>\n<td>$1.20<\/td>\n<td>$1.50<\/td>\n<td rowspan=\"4\">impreso digitalmente<br \/>\n100usd por dise\u00f1o<\/td>\n<td rowspan=\"4\">7 d\u00edas<\/td>\n<\/tr>\n<tr>\n<td height=\"21\">1000 piezas<\/td>\n<td>$1.10<\/td>\n<td>$1.30<\/td>\n<\/tr>\n<tr>\n<td height=\"20\">2000 piezas<\/td>\n<td>$1.00<\/td>\n<td>$1.20<\/td>\n<\/tr>\n<tr>\n<td height=\"23\">3000 piezas<\/td>\n<td>$0.90<\/td>\n<td>$1.10<\/td>\n<\/tr>\n<tr>\n<td rowspan=\"8\" height=\"161\"> Microfibra<br \/>\n(club, empresa)<br \/>\nhecho a mano<br \/>\n1200 pinos<\/td>\n<td>50 piezas<\/td>\n<td>$2.40<\/td>\n<td><\/td>\n<td rowspan=\"8\">$15.00<\/td>\n<td rowspan=\"14\"> 7 d\u00edas<\/td>\n<\/tr>\n<tr>\n<td height=\"19\">100 piezas<\/td>\n<td>$2.10<\/td>\n<td><\/td>\n<\/tr>\n<tr>\n<td height=\"23\">200 piezas<\/td>\n<td>$1.90<\/td>\n<td><\/td>\n<\/tr>\n<tr>\n<td height=\"19\">300 piezas<\/td>\n<td>$1.80<\/td>\n<td><\/td>\n<\/tr>\n<tr>\n<td height=\"19\">500 piezas<\/td>\n<td>$1.60<\/td>\n<td><\/td>\n<\/tr>\n<tr>\n<td height=\"19\">1000 piezas<\/td>\n<td>$1.40<\/td>\n<td><\/td>\n<\/tr>\n<tr>\n<td height=\"19\">2000 piezas<\/td>\n<td>$1.35<\/td>\n<td><\/td>\n<\/tr>\n<tr>\n<td height=\"20\">3000 piezas<\/td>\n<td>$1.30<\/td>\n<td><\/td>\n<\/tr>\n<tr>\n<td rowspan=\"6\" height=\"115\">Seda<br \/>\ncorbata hecha a mano<br \/>\n1200 pinos<\/td>\n<td>50 piezas<\/td>\n<td>$4.90<\/td>\n<td><\/td>\n<td rowspan=\"6\">$30.00<\/td>\n<\/tr>\n<tr>\n<td height=\"19\">100 piezas<\/td>\n<td>$4.70<\/td>\n<td><\/td>\n<\/tr>\n<tr>\n<td height=\"19\">300 piezas<\/td>\n<td>$4.50<\/td>\n<td><\/td>\n<\/tr>\n<tr>\n<td height=\"19\">500 piezas<\/td>\n<td>$4.45<\/td>\n<td><\/td>\n<\/tr>\n<tr>\n<td height=\"19\">1000 piezas<\/td>\n<td>$4.40<\/td>\n<td><\/td>\n<\/tr>\n<tr>\n<td height=\"20\">2000 piezas<\/td>\n<td>$4.35<\/td>\n<td><\/td>\n<\/tr>\n<tr>\n<td rowspan=\"6\" height=\"115\">estampado de seda<\/td>\n<td>50 piezas<\/td>\n<td>$4.90<\/td>\n<td>$4.90<\/td>\n<td rowspan=\"3\">estampado de seda<br \/>\n30 USD por pantalla<\/td>\n<td rowspan=\"3\">10 d\u00edas<\/td>\n<\/tr>\n<tr>\n<td height=\"19\">100 piezas<\/td>\n<td>$4.00<\/td>\n<td>$4.20<\/td>\n<\/tr>\n<tr>\n<td height=\"19\">300 piezas<\/td>\n<td>$3.50<\/td>\n<td>$3.70<\/td>\n<\/tr>\n<tr>\n<td height=\"19\">500 piezas<\/td>\n<td>$3.30<\/td>\n<td>$3.50<\/td>\n<td rowspan=\"3\">impreso digitalmente<br \/>\n100usd por dise\u00f1o<\/td>\n<td rowspan=\"3\">7 d\u00edas<\/td>\n<\/tr>\n<tr>\n<td height=\"19\">1000 piezas<\/td>\n<td>$3.20<\/td>\n<td data-spm-anchor-id=\"a2700.wholesale.0.i31.612c71535Y8m7B\">$3.40<\/td>\n<\/tr>\n<tr>\n<td height=\"20\">2000 piezas<\/td>\n<td>$3.10<\/td>\n<td>$3.30<\/td>\n<\/tr>\n<tr>\n<td rowspan=\"7\" height=\"134\">Transporte de mercanc\u00edas por Europa<br \/>\nDHL puerta a puerta<br \/>\nlazos<\/td>\n<td>50 piezas<\/td>\n<td>2,00 USD\/pieza<\/td>\n<td><\/td>\n<td><\/td>\n<td><\/td>\n<\/tr>\n<tr>\n<td height=\"19\">100 piezas<\/td>\n<td>1,50 USD\/pieza<\/td>\n<td><\/td>\n<td><\/td>\n<td><\/td>\n<\/tr>\n<tr>\n<td height=\"19\">200 piezas<\/td>\n<td>1,20 USD\/pieza<\/td>\n<td><\/td>\n<td><\/td>\n<td><\/td>\n<\/tr>\n<tr>\n<td height=\"19\">300 piezas<\/td>\n<td>0,90 USD\/pieza<\/td>\n<td><\/td>\n<td><\/td>\n<td><\/td>\n<\/tr>\n<tr>\n<td height=\"19\">500 piezas<\/td>\n<td>0,70 USD\/pieza<\/td>\n<td><\/td>\n<td><\/td>\n<td><\/td>\n<\/tr>\n<tr>\n<td height=\"19\">1000 piezas<\/td>\n<td>0,65 USD\/pieza<\/td>\n<td><\/td>\n<td><\/td>\n<td><\/td>\n<\/tr>\n<tr>\n<td height=\"20\">2000 piezas<\/td>\n<td>0,60 USD\/pieza<\/td>\n<td><\/td>\n<td><\/td>\n<td><\/td>\n<\/tr>\n<\/tbody>\n<\/table>\n<div>\n<p><strong><span data-spm-anchor-id=\"a2700.wholesale.0.i41.612c71535Y8m7B\">C\u00f3mo hacer un pedido<\/span><\/strong><\/p>\n<\/div>\n<div>\n<ol>\n<li><strong>Dise\u00f1o:<\/strong>Env\u00edenos su dise\u00f1o art\u00edstico en archivo JPG (aseg\u00farese de que sea un archivo de alta definici\u00f3n o formato ai), o simplemente d\u00edganos su idea sobre el dise\u00f1o y los colores, y env\u00edenos el logotipo, tenemos nuestro dise\u00f1ador dibujando ilustraciones en opci\u00f3n a-b-c para su selecci\u00f3n.<\/li>\n<li><strong>Confirmaci\u00f3n de tela:<\/strong>Tome una decisi\u00f3n sobre el uso del material, ofrecemos: tejido de seda, tejido de poli\u00e9ster de 1200 agujas, tejido de poli\u00e9ster de 2400 agujas, tejido de poli\u00e9ster de 960 agujas, estampado de seda, estampado de poli\u00e9ster.<\/li>\n<li data-spm-anchor-id=\"a2700.wholesale.0.i40.612c71535Y8m7B\"><strong>Haciendo:<\/strong>Elige uno de nuestros dos m\u00e9todos de fabricaci\u00f3n: hecho a mano o a m\u00e1quina. El m\u00e9todo de fabricaci\u00f3n de una m\u00e1quina suele ser para corbatas escolares, ya que es mucho m\u00e1s duradero. <\/li>\n<li><strong>Cita:<\/strong>Danos tu cantidad de pedido objetivo, te ofrecemos el mejor precio de f\u00e1brica para ti.<\/li>\n<li><strong>Pago:<\/strong>Tras confirmar el precio, existen varios m\u00e9todos de pago. Recomendamos pagar con PayPal, Western Union, MoneyGram o Alipay para muestras y transferencia bancaria para producci\u00f3n. <\/li>\n<li><strong>Muestreo:<\/strong>Tras recibir el pago, organizaremos la toma de muestras lo antes posible. Normalmente, el plazo de entrega es de 7 a 10 d\u00edas. <\/li>\n<li><strong>Entrega:<\/strong>Utilizamos el env\u00edo expr\u00e9s internacional como nuestra soluci\u00f3n de entrega de muestra, normalmente le llegar\u00e1 en 3-7 d\u00edas h\u00e1biles con alta eficiencia; en cuanto a la producci\u00f3n, utilizaremos el aire o el barco como forma econ\u00f3mica.<\/li>\n<li><strong>Servicio postventa:<\/strong>Si hay alg\u00fan problema de calidad o pregunta, comun\u00edquese con nosotros de inmediato dentro de dos meses, le ayudaremos a resolver el problema de forma gratuita.<\/li>\n<\/ol>\n<div>\n<p><strong><span data-spm-anchor-id=\"a2700.wholesale.0.i43.612c71535Y8m7B\">Preguntas frecuentes<\/span><\/strong><\/p>\n<\/div>\n<div>\n<ul>\n<li><strong>\u00bfQu\u00e9 tipos de materiales puedes utilizar para hacer una corbata?<\/strong>\n<ul>\n<li>Ofrecemos: tejido de seda, tejido de poli\u00e9ster de 1200 agujas, tejido de poli\u00e9ster de 2400 agujas, tejido de poli\u00e9ster de 960 agujas, estampado de seda, estampado de poli\u00e9ster.<\/li>\n<\/ul>\n<\/li>\n<\/ul>\n<ul>\n<li><strong>\u00bfPuedo tejer o imprimir mi propio dise\u00f1o?<\/strong>\n<ul>\n<li>Claro que s\u00ed, solo env\u00edanos tu dise\u00f1o. Adem\u00e1s, tenemos millas de dise\u00f1os para que elijas. <\/li>\n<\/ul>\n<\/li>\n<\/ul>\n<ul>\n<li><strong>\u00bfD\u00f3nde puedo conseguir tus dise\u00f1os?<\/strong>\n<ul>\n<li>Si lo solicita, podemos enviarle fotos de muestras en archivo JPG por correo electr\u00f3nico, o enviarle una tarjeta de muestras por correo a su cargo.<\/li>\n<\/ul>\n<\/li>\n<\/ul>\n<ul>\n<li><strong>\u00bfSer\u00eda posible obtener una muestra de corbata personalizada?<\/strong>\n<ul>\n<li>Por supuesto, podemos preparar la corbata de muestra en un plazo de 7 a 10 d\u00edas.<\/li>\n<\/ul>\n<\/li>\n<\/ul>\n<ul>\n<li><strong>\u00bfCu\u00e1l es la cantidad m\u00ednima de pedido?<\/strong>\n<ul>\n<li>Nuestro pedido m\u00ednimo es de 50 unidades por dise\u00f1o\/color. El precio es flexible seg\u00fan la cantidad del pedido. <\/li>\n<\/ul>\n<\/li>\n<\/ul>\n<ul>\n<li><strong>\u00bfCuanto cuesta el muestreo de corbata?<\/strong>\n<ul>\n<li>El precio var\u00eda seg\u00fan la tela, as\u00ed que contactemos, nuestro departamento de ventas le cotizar\u00e1 el mejor precio.<\/li>\n<\/ul>\n<\/li>\n<\/ul>\n<ul>\n<li><strong>\u00bfCual es su tiempo de entrega?<\/strong>\n<ul>\n<li>Muestreo 7-10 d\u00edas, pedido al por mayor 15-20 d\u00edas.<\/li>\n<\/ul>\n<\/li>\n<\/ul>\n<ul>\n<li><strong>\u00bfC\u00f3mo debo realizar el pago?<\/strong>\n<ul>\n<li>Le recomendamos pagar a trav\u00e9s de PayPal, Western Union, Money Program, Ali Pay en cantidades peque\u00f1as (menos de US$1000), T\/T para cantidades grandes. LC para valores superiores a 10000usd. <\/li>\n<\/ul>\n<\/li>\n<\/ul>\n<ul>\n<li><strong>\u00bfQu\u00e9 tipos de certificado tienes?<\/strong>\n<ul>\n<li>Licenciatura en Ciencias, FWF.<\/li>\n<\/ul>\n<\/li>\n<\/ul>\n<ul>\n<li><strong>\u00bfPueden sus corbatas cumplir con el est\u00e1ndar europeo?<\/strong>\n<ul>\n<li data-spm-anchor-id=\"a2700.wholesale.0.i42.612c71535Y8m7B\">S\u00ed, normalmente realizamos pruebas de BV para el cliente, como H&amp;M, PEACOCKS.<\/li>\n<\/ul>\n<\/li>\n<\/ul>\n<h3>\u00bfQuienes somos?<\/h3>\n<p><a href=\"https:\/\/logo-tie.com\/\">Corbata con logotipo<\/a>Fabricante: Shengzhou Covherlab Garment&amp;Accessories Co., Ltd, ubicada en Shaoxing, Zhejiang, China, es una de las f\u00e1bricas l\u00edderes en China. Nuestra empresa produce y vende principalmente productos de accesorios, basados \u200b\u200ben el desarrollo a largo plazo, enfoc\u00e1ndose en la gesti\u00f3n b\u00e1sica y la calidad del producto, tiene un sistema completo de prevenci\u00f3n, venta, servicio posventa y log\u00edstica de productos para cultivar la competitividad del mercado de productos. Desde su creaci\u00f3n, nuestra empresa se ha adherido a la filosof\u00eda empresarial de \u00abgesti\u00f3n de integridad, servicio de alta calidad y ganancias para los clientes\u00bb, dedicada a brindar a los clientes el mejor servicio de calidad y los mejores productos rentables, y aprovechar Internet para traer productos de calidad al mundo.<\/p>\n<p>Tenemos una capacidad de producci\u00f3n diaria de m\u00e1s de 8000 piezas de corbatas y otros accesorios para el cuello. Nuestra gama de productos incluye corbatas, tejidos te\u00f1idos para corbatas y prendas de vestir, bufandas y pa\u00f1uelos, chalecos, pajaritas y otros accesorios para el cuello. Nuestros productos se fabrican con excelente mano de obra, materia prima de primera calidad y equipos de alta gama. Por lo tanto, podemos ofrecerle la mejor calidad al precio m\u00e1s competitivo. Nos dedicamos plenamente a la exportaci\u00f3n, por lo que conocemos sus necesidades y nos comunicamos con usted profesionalmente en ingl\u00e9s. Nuestros clientes provienen de todo el mundo. Para seguir cerca de las tendencias internacionales m\u00e1s actuales, nuestros dise\u00f1adores crean 500 dise\u00f1os nuevos cada 3 meses para satisfacer sus necesidades de dise\u00f1os y colores de moda en todo el mundo. Nos hemos consolidado como una empresa honesta, confiable y con amplia experiencia, con la que nuestros clientes conf\u00edan y desean mantener una relaci\u00f3n comercial duradera. Si desea m\u00e1s informaci\u00f3n sobre nuestra empresa, los productos y los servicios que ofrecemos, cont\u00e1ctenos o visite nuestro sitio web. Le agradecemos enormemente su colaboraci\u00f3n, ya que esperamos establecer nuevas asociaciones con diversos amigos en todo el mundo.         <\/p>\n<\/div>\n<\/div>\n<p>&nbsp;<\/p>\n","protected":false},"excerpt":{"rendered":"<p>Somos fabricantes en China. Si desea adquirir corbatas en stock al precio m\u00e1s reciente, cons\u00faltenos a continuaci\u00f3n. <\/p>\n<p>Si necesita una corbata personalizada o realizar un pedido OEM\/ODM, env\u00ede su dise\u00f1o por CORREO ELECTR\u00d3NICO.<\/p>\n<p>Correo electr\u00f3nico:<a href=\"mailto:supply@tiesupplier.com\">suministro@tiesupplier.com<\/a><\/p>\n","protected":false},"featured_media":6027,"comment_status":"open","ping_status":"closed","template":"","meta":[],"product_cat":[278],"product_tag":[],"class_list":["post-6026","product","type-product","status-publish","has-post-thumbnail","hentry","product_cat-bufanda","pa_material-polyester"],"aioseo_notices":[],"_links":{"self":[{"href":"https:\/\/tiesupplier.com\/es\/wp-json\/wp\/v2\/product\/6026","targetHints":{"allow":["GET"]}}],"collection":[{"href":"https:\/\/tiesupplier.com\/es\/wp-json\/wp\/v2\/product"}],"about":[{"href":"https:\/\/tiesupplier.com\/es\/wp-json\/wp\/v2\/types\/product"}],"replies":[{"embeddable":true,"href":"https:\/\/tiesupplier.com\/es\/wp-json\/wp\/v2\/comments?post=6026"}],"version-history":[{"count":0,"href":"https:\/\/tiesupplier.com\/es\/wp-json\/wp\/v2\/product\/6026\/revisions"}],"wp:featuredmedia":[{"embeddable":true,"href":"https:\/\/tiesupplier.com\/es\/wp-json\/wp\/v2\/media\/6027"}],"wp:attachment":[{"href":"https:\/\/tiesupplier.com\/es\/wp-json\/wp\/v2\/media?parent=6026"}],"wp:term":[{"taxonomy":"product_cat","embeddable":true,"href":"https:\/\/tiesupplier.com\/es\/wp-json\/wp\/v2\/product_cat?post=6026"},{"taxonomy":"product_tag","embeddable":true,"href":"https:\/\/tiesupplier.com\/es\/wp-json\/wp\/v2\/product_tag?post=6026"}],"curies":[{"name":"wp","href":"https:\/\/api.w.org\/{rel}","templated":true}]}}