{"id":6040,"date":"2025-11-25T14:18:35","date_gmt":"2025-11-25T14:18:35","guid":{"rendered":"https:\/\/tiesupplier.com\/product\/corbata-de-microfibra-de-color-liso-para-hombre\/"},"modified":"2026-01-10T07:07:21","modified_gmt":"2026-01-10T07:07:21","slug":"corbata-de-microfibra-de-color-liso-para-hombre","status":"publish","type":"product","link":"https:\/\/tiesupplier.com\/es\/product\/corbata-de-microfibra-de-color-liso-para-hombre\/","title":{"rendered":"Corbata de microfibra de color liso para hombre"},"content":{"rendered":"<p>Esta corbata de color s\u00f3lido est\u00e1 en stock, puedes agregarla a tu carrito para comprarla.<\/p>\n<p>El material es poli\u00e9ster y la corbata es fina, mide 45 x 5 x 3,5 cm.<\/p>\n<h3>\u00bfQuienes somos?<\/h3>\n<p>Corbata con logotipoFabricante: Shengzhou Covherlab Garment&amp;Accessories Co., Ltd, ubicada en Shaoxing, Zhejiang, China, es una de las f\u00e1bricas l\u00edderes en China. Nuestra empresa produce y vende principalmente productos de accesorios, basados \u200b\u200ben el desarrollo a largo plazo, enfoc\u00e1ndose en la gesti\u00f3n b\u00e1sica y la calidad del producto, tiene un sistema completo de prevenci\u00f3n, venta, servicio posventa y log\u00edstica de productos para cultivar la competitividad del mercado de productos. Desde su creaci\u00f3n, nuestra empresa se ha adherido a la filosof\u00eda empresarial de \u00abgesti\u00f3n de integridad, servicio de alta calidad y ganancias para los clientes\u00bb, dedicada a brindar a los clientes el mejor servicio de calidad y los mejores productos rentables, y aprovechar Internet para traer productos de calidad al mundo.<\/p>\n<p>Tenemos una capacidad de producci\u00f3n diaria de m\u00e1s de 8000 piezas de corbatas y otros accesorios para el cuello. Nuestra gama de productos incluye corbatas, tejidos te\u00f1idos para corbatas y prendas de vestir, bufandas y pa\u00f1uelos, chalecos, pajaritas y otros accesorios para el cuello. Nuestros productos se fabrican con excelente mano de obra, materia prima de primera calidad y equipos de alta gama. Por lo tanto, podemos ofrecerle la mejor calidad al precio m\u00e1s competitivo. Nos dedicamos plenamente a la exportaci\u00f3n, por lo que conocemos sus necesidades y nos comunicamos con usted profesionalmente en ingl\u00e9s. Nuestros clientes provienen de todo el mundo. Para seguir cerca de las tendencias internacionales m\u00e1s actuales, nuestros dise\u00f1adores crean 500 dise\u00f1os nuevos cada 3 meses para satisfacer sus necesidades de dise\u00f1os y colores de moda en todo el mundo. Nos hemos consolidado como una empresa honesta, confiable y con amplia experiencia, con la que nuestros clientes conf\u00edan y desean mantener una relaci\u00f3n comercial duradera. Si desea m\u00e1s informaci\u00f3n sobre nuestra empresa, los productos y los servicios que ofrecemos, cont\u00e1ctenos o visite nuestro sitio web. Le agradecemos enormemente su colaboraci\u00f3n, ya que esperamos establecer nuevas asociaciones con diversos amigos en todo el mundo.         <\/p>\n<p>&nbsp;<\/p>\n<h3>\u00bfC\u00f3mo hacer una corbata personalizada?<\/h3>\n<h6><strong><span id=\"w_74\" class=\"\">Prep\u00e1rese con antelaci\u00f3n<\/span><\/strong><\/h6>\n<p>Debes preparar el patr\u00f3n, el tama\u00f1o (tanto ancho como largo), el color,<span id=\"w_109\" class=\"\">Textil <\/span><span id=\"w_110\" class=\"\">Tecnolog\u00eda (tejido jacquard o estampado),<\/span>y el material de tu corbata. y el detalle adjunto.<\/p>\n<table class=\"is-zebra all magic-4\">\n<tbody>\n<tr>\n<td colspan=\"1\" rowspan=\"1\">\n<div class=\"magic-5\">\n<div class=\"magic-6\" data-spm-anchor-id=\"0.0.0.i42.49274f0591m7X9\"><b data-spm-anchor-id=\"0.0.0.i28.49274f05avYhT5\"><span class=\"magic-7\">Dise\u00f1o, Color y Logotipo<\/span><\/b><\/div>\n<\/div>\n<\/td>\n<td colspan=\"1\" rowspan=\"1\">\n<div class=\"magic-8\" data-spm-anchor-id=\"a2700.wholesale.0.i19.6f1446fa42s6cd\">\n<div class=\"magic-9\" data-spm-anchor-id=\"0.0.0.i104.49274f05avYhT5\"><span class=\"magic-10\"><span class=\"magic-11\" data-spm-anchor-id=\"0.0.0.i86.49274f05avYhT5\">Bienvenido personalizado. <\/span><b class=\"magic-11\" data-spm-anchor-id=\"0.0.0.i226.49274f05avYhT5\"><span class=\"magic-11\">Deja que tu logotipo sea \u00fanica.<\/span><\/b><\/span><\/div>\n<\/div>\n<\/td>\n<\/tr>\n<tr>\n<td colspan=\"1\" rowspan=\"1\">\n<div class=\"magic-5\">\n<div class=\"magic-6\" data-spm-anchor-id=\"0.0.0.i169.49274f05avYhT5\"><span class=\"magic-12\"><b class=\"magic-11\">Material<\/b><\/span><\/div>\n<\/div>\n<\/td>\n<td colspan=\"1\" rowspan=\"1\">\n<div class=\"magic-8\">\n<div class=\"magic-9\" data-spm-anchor-id=\"0.0.0.i199.49274f05avYhT5\"><span class=\"magic-10\"><span class=\"magic-11\">Tejido jacquard de seda pura, estampado de seda pura: sarga de 16 mm, sat\u00e9n de 16 mm, mezcla de seda: algod\u00f3n de seda, viscosa de seda, lana de seda, lino de seda, poli\u00e9ster, algod\u00f3n, lino, lana, etc.<b class=\"magic-11\" data-spm-anchor-id=\"0.0.0.i216.49274f05avYhT5\">Amplia gama para <\/b><\/span><b class=\"magic-11\" data-spm-anchor-id=\"0.0.0.i219.49274f05avYhT5\"><span class=\"magic-11\">Su selecci\u00f3n.<\/span><\/b><\/span><\/div>\n<\/div>\n<\/td>\n<\/tr>\n<tr>\n<td colspan=\"1\" rowspan=\"1\">\n<div class=\"magic-5\">\n<div class=\"magic-6\" data-spm-anchor-id=\"0.0.0.i180.49274f05avYhT5\"><b class=\"magic-11\"><span class=\"magic-12\">Forma<\/span><\/b><\/div>\n<\/div>\n<\/td>\n<td colspan=\"1\" rowspan=\"1\">\n<div class=\"magic-8\"><span class=\"magic-10\">Semi botella, botella o recta.<\/span><\/div>\n<\/td>\n<\/tr>\n<tr>\n<td colspan=\"1\" rowspan=\"1\">\n<div class=\"magic-5\">\n<div class=\"magic-6\"><b class=\"magic-11\" data-spm-anchor-id=\"0.0.0.i182.49274f05avYhT5\"><span class=\"magic-12\">Accesorios<\/span><\/b><\/div>\n<\/div>\n<\/td>\n<td colspan=\"1\" rowspan=\"1\">\n<div class=\"magic-8\"><span class=\"magic-10\"><span class=\"magic-11\" data-spm-anchor-id=\"a2700.wholesale.0.i21.6f1446fa42s6cd\">Etiquetas principales personalizadas, etiquetas de cuidado, c\u00f3digos de barras, pegatinas, bolsas de polietileno, cajas de regalo, etc. <\/span><span class=\"magic-11\"><b class=\"magic-11\" data-spm-anchor-id=\"0.0.0.i241.49274f05avYhT5\">Acepte sus demandas especiales, le permitir\u00e1 ahorrar tiempo y preocupaciones.<\/b><\/span><\/span><\/div>\n<\/td>\n<\/tr>\n<tr>\n<td colspan=\"1\" rowspan=\"1\">\n<div class=\"magic-5\">\n<div class=\"magic-6\"><b class=\"magic-11\"><span class=\"magic-12\"> Funciones<\/span><\/b><\/div>\n<\/div>\n<\/td>\n<td colspan=\"1\" rowspan=\"1\">\n<div class=\"magic-8\" data-spm-anchor-id=\"a2700.wholesale.0.i20.6f1446fa42s6cd\"><span class=\"magic-10\">Uso para boda,<span class=\"magic-11\">Reuni\u00f3n, fiesta, etc.<\/span><\/span><\/div>\n<\/td>\n<\/tr>\n<tr>\n<td colspan=\"1\" rowspan=\"1\">\n<div class=\"magic-5\">\n<div class=\"magic-6\"><b class=\"magic-11\"><span class=\"magic-12\"> Obra de arte<\/span><\/b><\/div>\n<\/div>\n<\/td>\n<td colspan=\"1\" rowspan=\"1\">\n<div class=\"magic-8\"><span class=\"magic-10\"><span class=\"magic-11\">Archivos de dise\u00f1o en formato AI,CDR,PDF,JPG. <\/span><b class=\"magic-11\" data-spm-anchor-id=\"0.0.0.i245.49274f05avYhT5\"><span class=\"magic-11\">Convierte tu buena idea en realidad.<\/span><\/b><\/span><\/div>\n<\/td>\n<\/tr>\n<tr>\n<td colspan=\"1\" rowspan=\"1\">\n<div class=\"magic-5\">\n<div class=\"magic-6\"><b class=\"magic-11\"><span class=\"magic-12\">Ventajas <\/span><\/b><\/div>\n<\/div>\n<\/td>\n<td colspan=\"1\" rowspan=\"1\">\n<div class=\"magic-8\"><span class=\"magic-10\"><b class=\"magic-11\" data-spm-anchor-id=\"0.0.0.i19.49274f0591m7X9\">Haz que cada corbata sea tuya con tu propio dise\u00f1o<\/b><\/span><\/div>\n<\/td>\n<\/tr>\n<tr>\n<td colspan=\"1\" rowspan=\"1\">\n<div class=\"magic-5\">\n<div class=\"magic-6\"><b class=\"magic-11\"><span class=\"magic-12\"> Paquete<\/span><\/b><\/div>\n<\/div>\n<\/td>\n<td colspan=\"1\" rowspan=\"1\">\n<div class=\"magic-8\"><span class=\"magic-10\">Una pieza en una bolsa de polietileno, 100 piezas\/caja interior, 3 cajas interiores en una caja de cart\u00f3n con bolsa impermeable. <b class=\"magic-11\" data-spm-anchor-id=\"0.0.0.i258.49274f05avYhT5\"><span class=\"magic-11\" data-spm-anchor-id=\"a2700.wholesale.0.i24.6f1446fa42s6cd\">Haz lo que quieras, piensa lo que te importa.<\/span><\/b><\/span><\/div>\n<\/td>\n<\/tr>\n<tr>\n<td colspan=\"1\" rowspan=\"1\">\n<div class=\"magic-5\">\n<div class=\"magic-6\"><b class=\"magic-11\"><span class=\"magic-12\">Tama\u00f1o<\/span><\/b><\/div>\n<\/div>\n<\/td>\n<td colspan=\"1\" rowspan=\"1\">\n<div class=\"magic-8\"><span class=\"magic-10\" data-spm-anchor-id=\"a2700.wholesale.0.i23.6f1446fa42s6cd\">(4 \u2013 9) CM de ancho, (110 \u2013 165) CM de largo: seg\u00fan la solicitud espec\u00edfica del cliente.<b class=\"magic-11\"><span class=\"magic-11\">Hacer<\/span><\/b><span class=\"magic-11\"><b class=\"magic-11\" data-spm-anchor-id=\"0.0.0.i1.49274f05t2z7C8\">Tama\u00f1o designado para adaptarse a su cuello.<\/b><\/span><\/span><\/div>\n<\/td>\n<\/tr>\n<tr>\n<td colspan=\"1\" rowspan=\"1\">\n<div class=\"magic-5\">\n<div class=\"magic-6\"><b class=\"magic-11\"><span class=\"magic-12\">Costo de muestra<\/span><\/b><\/div>\n<\/div>\n<\/td>\n<td colspan=\"1\" rowspan=\"1\">\n<div class=\"magic-8\"><span class=\"magic-10\">Muestra de stock disponible de forma gratuita. <b class=\"magic-11\" data-spm-anchor-id=\"0.0.0.i269.49274f05avYhT5\"><span class=\"magic-11\">Solo tienes que pagar el costo de env\u00edo de DHL.<\/span><\/b><\/span><\/div>\n<\/td>\n<\/tr>\n<tr>\n<td colspan=\"1\" rowspan=\"1\">\n<div class=\"magic-5\">\n<div class=\"magic-6\"><b class=\"magic-11\"><span class=\"magic-12\">Tiempo de muestra y tiempo de masa<\/span><\/b><\/div>\n<\/div>\n<\/td>\n<td colspan=\"1\" rowspan=\"1\">\n<div class=\"magic-8\"><span class=\"magic-10\">Tiempo de muestra alrededor de 7 a 15 d\u00edas h\u00e1biles; Tiempo de entrega al por mayor alrededor de 4 a 6 semanas. <span class=\"magic-11\"><b class=\"magic-11\" data-spm-anchor-id=\"0.0.0.i24.49274f0591m7X9\">Nuestra profesional, su satisfacci\u00f3n.<\/b><\/span><\/span><\/div>\n<\/td>\n<\/tr>\n<tr>\n<td colspan=\"1\" rowspan=\"1\">\n<div class=\"magic-5\">\n<div class=\"magic-6\" data-spm-anchor-id=\"0.0.0.i67.49274f0591m7X9\"><b class=\"magic-11\"><span class=\"magic-12\">Cantidad m\u00ednima de pedido <\/span><\/b><\/div>\n<\/div>\n<\/td>\n<td colspan=\"1\" rowspan=\"1\">\n<div class=\"magic-8\" data-spm-anchor-id=\"a2700.wholesale.0.i25.6f1446fa42s6cd\"><span class=\"magic-10\">50 uds. <b class=\"magic-11\" data-spm-anchor-id=\"0.0.0.i277.49274f05avYhT5\"><span class=\"magic-11\">MOQ bajo para evitar desperdicio innecesario de sus productos y dinero.<\/span><\/b><\/span><\/div>\n<\/td>\n<\/tr>\n<tr>\n<td colspan=\"1\" rowspan=\"1\">\n<div class=\"magic-5\">\n<div class=\"magic-6\"><b class=\"magic-11\"><span class=\"magic-12\">Plaza de pago<\/span><\/b><\/div>\n<\/div>\n<\/td>\n<td colspan=\"1\" rowspan=\"1\">\n<div class=\"magic-8\" data-spm-anchor-id=\"a2700.wholesale.0.i17.6f1446fa42s6cd\"><span class=\"magic-10\" data-spm-anchor-id=\"a2700.wholesale.0.i18.6f1446fa42s6cd\">T\/T, Western Union, efectivo, Paypal, Trade Assurance, otros pueden negociarse. <span class=\"magic-11\"><b class=\"magic-11\" data-spm-anchor-id=\"0.0.0.i29.49274f0591m7X9\">Solo 30% de dep\u00f3sito, haga que su capital flotante sea m\u00e1s efectivo.<\/b><\/span><\/span><\/div>\n<\/td>\n<\/tr>\n<tr>\n<td colspan=\"1\" rowspan=\"1\">\n<div class=\"magic-5\">\n<div class=\"magic-6\"><b class=\"magic-11\" data-spm-anchor-id=\"0.0.0.i184.49274f05avYhT5\"><span class=\"magic-12\">Env\u00edo<\/span><\/b><\/div>\n<\/div>\n<\/td>\n<td colspan=\"1\" rowspan=\"1\">\n<div class=\"magic-8\"><span class=\"magic-10\"><span class=\"magic-11\">Por aire, DHL o mar. Si eliges DHL<\/span> <b class=\"magic-11\" data-spm-anchor-id=\"0.0.0.i288.49274f05avYhT5\"><span class=\"magic-11\">Es m\u00e1s r\u00e1pido como si compras en el mercado local.<\/span><\/b><\/span><\/div>\n<\/td>\n<\/tr>\n<tr>\n<td colspan=\"2\" rowspan=\"1\">\n<div class=\"magic-13\" data-spm-anchor-id=\"a2700.wholesale.0.i26.6f1446fa42s6cd\"><span class=\"magic-14\">Corbatas, corbatas de hombre, corbatas mas\u00f3nicas, corbatas escolares, corbatas de cuello, corbatas florales, corbatas, corbatas de hombre, corbatas de lujo, corbata de seda personalizada, corbata<br \/>\nNegro, caja de regalo de corbata, corbata de hombre, corbatas de seda hombres, corbatas de hombre, corbata de seda, corbata con logotipo personalizado, corbatas de seda personalizadas, corbata de oficina, corbata de seda hecha a mano, corbata de seda paisley, corbatas de sublimaci\u00f3n, corbata para hombres, corbata de seda shengzhou, conjunto de corbata personalizada, corbata de alta calidad, corbata de China.<\/span><\/div>\n<\/td>\n<\/tr>\n<\/tbody>\n<\/table>\n<p>&nbsp;<\/p>\n<p>&nbsp;<\/p>\n","protected":false},"excerpt":{"rendered":"<p>Esta corbata de color s\u00f3lido est\u00e1 en stock, puedes agregarla a tu carrito para comprarla. El material es poli\u00e9ster y la corbata es fina, mide 45 x 5 x 3,5 cm. \u00bfQuienes somos? Corbata con logotipoFabricante: Shengzhou Covherlab Garment&amp;Accessories Co., Ltd, ubicada en Shaoxing, Zhejiang, China, es una de las f\u00e1bricas l\u00edderes en China. Nuestra [&hellip;]<\/p>\n","protected":false},"featured_media":6041,"comment_status":"open","ping_status":"closed","template":"","meta":[],"product_cat":[273],"product_tag":[285,286],"class_list":["post-6040","product","type-product","status-publish","has-post-thumbnail","hentry","product_cat-atar","product_tag-corbata-de-color-liso","product_tag-corbata-de-microfibra","pa_material-polyester"],"aioseo_notices":[],"_links":{"self":[{"href":"https:\/\/tiesupplier.com\/es\/wp-json\/wp\/v2\/product\/6040","targetHints":{"allow":["GET"]}}],"collection":[{"href":"https:\/\/tiesupplier.com\/es\/wp-json\/wp\/v2\/product"}],"about":[{"href":"https:\/\/tiesupplier.com\/es\/wp-json\/wp\/v2\/types\/product"}],"replies":[{"embeddable":true,"href":"https:\/\/tiesupplier.com\/es\/wp-json\/wp\/v2\/comments?post=6040"}],"version-history":[{"count":1,"href":"https:\/\/tiesupplier.com\/es\/wp-json\/wp\/v2\/product\/6040\/revisions"}],"predecessor-version":[{"id":6045,"href":"https:\/\/tiesupplier.com\/es\/wp-json\/wp\/v2\/product\/6040\/revisions\/6045"}],"wp:featuredmedia":[{"embeddable":true,"href":"https:\/\/tiesupplier.com\/es\/wp-json\/wp\/v2\/media\/6041"}],"wp:attachment":[{"href":"https:\/\/tiesupplier.com\/es\/wp-json\/wp\/v2\/media?parent=6040"}],"wp:term":[{"taxonomy":"product_cat","embeddable":true,"href":"https:\/\/tiesupplier.com\/es\/wp-json\/wp\/v2\/product_cat?post=6040"},{"taxonomy":"product_tag","embeddable":true,"href":"https:\/\/tiesupplier.com\/es\/wp-json\/wp\/v2\/product_tag?post=6040"}],"curies":[{"name":"wp","href":"https:\/\/api.w.org\/{rel}","templated":true}]}}