{"id":6053,"date":"2025-11-25T14:18:35","date_gmt":"2025-11-25T14:18:35","guid":{"rendered":"https:\/\/tiesupplier.com\/product\/corbata-duradera-y-de-uso-frecuente-para-hombres\/"},"modified":"2025-11-25T14:18:35","modified_gmt":"2025-11-25T14:18:35","slug":"corbata-duradera-y-de-uso-frecuente-para-hombres","status":"publish","type":"product","link":"https:\/\/tiesupplier.com\/es\/product\/corbata-duradera-y-de-uso-frecuente-para-hombres\/","title":{"rendered":"Corbata duradera y de uso frecuente para hombres."},"content":{"rendered":"<p>Esta corbata utiliza tela de microfibra 1200, es muy suave en su uso.<\/p>\n<div class=\"J_module\">\n<h3 id=\"ali-anchor-AliMagic-rqvbhc\" class=\"magic-0\" data-section=\"AliMagic-rqvbhc\" data-section-title=\"Specification\" data-spm-anchor-id=\"a2700.details.0.i20.5bc4686f3CHIID\">Especificaci\u00f3n<\/h3>\n<\/div>\n<div class=\"J_module\">\n<div class=\"ife-detail-decorate-table\">\n<table class=\"has-title all magic-7\">\n<tbody>\n<tr>\n<td colspan=\"1\" rowspan=\"1\">\n<div class=\"magic-8\">art\u00edculo<\/div>\n<\/td>\n<td colspan=\"1\" rowspan=\"1\">\n<div class=\"magic-9\">valor<\/div>\n<\/td>\n<\/tr>\n<tr>\n<td colspan=\"1\" rowspan=\"1\">\n<div class=\"magic-8\">Lugar de origen<\/div>\n<\/td>\n<td colspan=\"1\" rowspan=\"1\">\n<div class=\"magic-9\">Porcelana<\/div>\n<\/td>\n<\/tr>\n<tr>\n<td colspan=\"1\" rowspan=\"1\">\n<div class=\"magic-8\">Nombre de marca<\/div>\n<\/td>\n<td colspan=\"1\" rowspan=\"1\">\n<div class=\"magic-9\">AILINFADUN o OEM<\/div>\n<\/td>\n<\/tr>\n<tr>\n<td colspan=\"1\" rowspan=\"1\">\n<div class=\"magic-8\">N\u00famero de modelo<\/div>\n<\/td>\n<td colspan=\"1\" rowspan=\"1\">\n<div class=\"magic-9\">ZA4<\/div>\n<\/td>\n<\/tr>\n<tr>\n<td colspan=\"1\" rowspan=\"1\">\n<div class=\"magic-8\">Patrona Casual<\/div>\n<\/td>\n<td colspan=\"1\" rowspan=\"1\">\n<div class=\"magic-9\">Raya, florete, enrejado, lunares, otras<\/div>\n<\/td>\n<\/tr>\n<tr>\n<td colspan=\"1\" rowspan=\"1\">\n<div class=\"magic-8\">Tejer<\/div>\n<\/td>\n<td colspan=\"1\" rowspan=\"1\">\n<div class=\"magic-9\" data-spm-anchor-id=\"a2700.details.0.i21.5bc4686f3CHIID\">Tejido jacquard<\/div>\n<\/td>\n<\/tr>\n<tr>\n<td colspan=\"1\" rowspan=\"1\">\n<div class=\"magic-8\">Material<\/div>\n<\/td>\n<td colspan=\"1\" rowspan=\"1\">\n<div class=\"magic-9\">100% poli\u00e9ster<\/div>\n<\/td>\n<\/tr>\n<tr>\n<td colspan=\"1\" rowspan=\"1\">\n<div class=\"magic-8\">Estaci\u00f3n<\/div>\n<\/td>\n<td colspan=\"1\" rowspan=\"1\">\n<div class=\"magic-9\">Primavera, oto\u00f1o, invierno<\/div>\n<\/td>\n<\/tr>\n<tr>\n<td colspan=\"1\" rowspan=\"1\">\n<div class=\"magic-8\">Estilo<\/div>\n<\/td>\n<td colspan=\"1\" rowspan=\"1\">\n<div class=\"magic-9\">Negocio<\/div>\n<\/td>\n<\/tr>\n<tr>\n<td colspan=\"1\" rowspan=\"1\">\n<div class=\"magic-8\">NOROESTE<\/div>\n<\/td>\n<td colspan=\"1\" rowspan=\"1\">\n<div class=\"magic-9\">60 gramos<\/div>\n<\/td>\n<\/tr>\n<tr>\n<td colspan=\"1\" rowspan=\"1\">\n<div class=\"magic-8\">Palabra clave<\/div>\n<\/td>\n<td colspan=\"1\" rowspan=\"1\">\n<div class=\"magic-9\">Corbata con logotipo<\/div>\n<\/td>\n<\/tr>\n<\/tbody>\n<\/table>\n<\/div>\n<\/div>\n<h3><strong>\u00bfQuienes somos?<\/strong><\/h3>\n<p>Fabricante proveedor de corbatas: Shengzhou Covherlab Garment&amp;Accessories Co., Ltd, ubicada en Shaoxing, Zhejiang, China, es una de las f\u00e1bricas l\u00edderes en China. Nuestra empresa produce y vende principalmente productos de accesorios, basados \u200b\u200ben el desarrollo a largo plazo, enfoc\u00e1ndose en la gesti\u00f3n b\u00e1sica y la calidad del producto, tiene un sistema completo de prevenci\u00f3n, venta, servicio posventa y log\u00edstica de productos para cultivar la competitividad del mercado de productos. Desde su creaci\u00f3n, nuestra empresa se ha adherido a la filosof\u00eda empresarial de \u00abgesti\u00f3n de integridad, servicio de alta calidad y ganancias para los clientes\u00bb, dedicada a brindar a los clientes el mejor servicio de calidad y los mejores productos rentables, y aprovechar Internet para traer productos de calidad al mundo.<\/p>\n<p>Tenemos una capacidad de producci\u00f3n diaria de m\u00e1s de 8000 piezas de corbatas y otros accesorios para el cuello. Nuestra gama de productos incluye corbatas, tejidos te\u00f1idos para corbatas y prendas de vestir, bufandas y pa\u00f1uelos, chalecos, pajaritas y otros accesorios para el cuello. Nuestros productos se fabrican con excelente mano de obra, materia prima de primera calidad y equipos de alta gama. Por lo tanto, podemos ofrecerle la mejor calidad al precio m\u00e1s competitivo. Nos dedicamos plenamente a la exportaci\u00f3n, por lo que conocemos sus necesidades y nos comunicamos con usted profesionalmente en ingl\u00e9s. Nuestros clientes provienen de todo el mundo. Para seguir cerca de las tendencias internacionales m\u00e1s actuales, nuestros dise\u00f1adores crean 500 dise\u00f1os nuevos cada 3 meses para satisfacer sus necesidades de dise\u00f1os y colores de moda en todo el mundo. Nos hemos consolidado como una empresa honesta, confiable y con amplia experiencia, con la que nuestros clientes conf\u00edan y desean mantener una relaci\u00f3n comercial duradera. Si desea m\u00e1s informaci\u00f3n sobre nuestra empresa, los productos y los servicios que ofrecemos, cont\u00e1ctenos o visite nuestro sitio web. Le agradecemos enormemente su colaboraci\u00f3n, ya que esperamos establecer nuevas asociaciones con diversos amigos en todo el mundo.         <\/p>\n<p>&nbsp;<\/p>\n<p>&nbsp;<\/p>\n<div class=\"J_module\">\n<h3><strong>Preguntas frecuentes<\/strong><\/h3>\n<p><b>1.\u00bfCu\u00e1l es el proceso de pedido?<\/b><\/p>\n<p>1\uff09Consulta: proporci\u00f3nenos todos los requisitos claros (cantidad total y detalles del paquete).<\/p>\n<p>2) Cotizaci\u00f3n: cotizaci\u00f3n oficial con todas las especificaciones claras de nuestro equipo profesional.<\/p>\n<p>3) Muestra de marcado: confirme todos los detalles de la cotizaci\u00f3n y la muestra final.<\/p>\n<p>4)Producci\u00f3n\u2014producci\u00f3n en masa.<\/p>\n<p>5) Env\u00edo: por mar o por aire.<\/p>\n<p><b>2.\u00bfQu\u00e9 condiciones de pago utiliz\u00e1is?<\/b><\/p>\n<p>En cuanto a las condiciones de pago, depende del importe total.<\/p>\n<p><b>3.\u00bfC\u00f3mo env\u00edan los productos?<\/b><\/p>\n<p>Por mar, por aire, por mensajer\u00eda, TNT, DHL, Fedex, UPS, etc. Depende de ti .<\/p>\n<p><b>4.\u00bfCu\u00e1l es el tiempo medio de entrega?<\/b><\/p>\n<p>La muestra suele tardar entre 10 y 20 d\u00edas seg\u00fan el tipo de producto. Bulk order usually takes about 35 days.<\/p>\n<p><b>5.\u00bfC\u00f3mo puedo obtener una lista de precios de un mayorista?<\/b><\/p>\n<p>Env\u00edenos un correo electr\u00f3nico y cu\u00e9ntenos sobre su mercado con MOQ para cada pedido. Le enviaremos la lista de precios competitivos lo antes posible.<\/p>\n<div>\n<div><strong>Servicio de preventa:<\/strong><\/div>\n<div data-spm-anchor-id=\"a2700.wholesale.0.i25.3ebb17eaenPQ9N\">1. Buena calidad + precio de f\u00e1brica + respuesta r\u00e1pida + servicio confiable, es nuestra fe de trabajo.<br \/>\n2. Trabajador profesional y equipo de comercio exterior de alto efecto laboral, responde a su consulta de Alibaba y mensajes comerciales en 12 horas h\u00e1biles, puede confiar totalmente en nuestro servicio.<\/div>\n<\/div>\n<div>\n<div><strong>P:\u00bfEs usted una f\u00e1brica o una empresa comercial?<\/strong><\/div>\n<div>A: Somos un fabricante profesional, damos una c\u00e1lida bienvenida a clientes de todo el mundo para que visiten nuestra f\u00e1brica y cooperen con nosotros.<\/div>\n<\/div>\n<div>\n<div><strong>P: \u00bfC\u00f3mo puedo obtener muestras y realizar un pedido?<\/strong><\/div>\n<div>A:Nos sentimos honrados de ofrecerle muestras. Una vez confirmadas las muestras, se realiza un dep\u00f3sito del 50% antes de la producci\u00f3n por menos de 10 000 USD, los productos se enviar\u00e1n una vez que se alcance el saldo total.<\/div>\n<\/div>\n<div>\n<div><strong>P: \u00bfCu\u00e1l es su ventaja? \u00bfPor qu\u00e9 nos elige?<\/strong><\/div>\n<div data-spm-anchor-id=\"a2700.wholesale.0.i24.3ebb17eaenPQ9N\">1) 20 a\u00f1os de experiencia en la producci\u00f3n de accesorios para hombres e I + D, tenemos las t\u00e9cnicas y el equipo m\u00e1s profesionales. M\u00e1s ventajas en precio.<br \/>\n2) Gran capacidad de producci\u00f3n, suministro sostenible, seg\u00fan los requisitos del cliente, apoyamos el paquete incluido personalizado.<br \/>\n3) Utilizamos materias primas 100% nuevas y el mejor proceso de producci\u00f3n, en consecuencia, nuestra tasa de defectos es inferior al 0,01%.<\/div>\n<\/div>\n<\/div>\n","protected":false},"excerpt":{"rendered":"<div class=\"woocommerce-product-details__short-description\">\n<p>Somos fabricantes en China. Si desea adquirir corbatas en stock al precio m\u00e1s reciente, cons\u00faltenos a continuaci\u00f3n. <\/p>\n<p>Si necesita una corbata personalizada o realizar un pedido OEM\/ODM, env\u00ede su dise\u00f1o por CORREO ELECTR\u00d3NICO.<\/p>\n<p>Correo electr\u00f3nico:<a href=\"mailto:supply@tiesupplier.com\">suministro@tiesupplier.com<\/a><\/p>\n<\/div>\n<form class=\"cart\" action=\"https:\/\/tiesupplier.com\/supply\/lianjia-property-company-logo-tie\/\" enctype=\"multipart\/form-data\" method=\"post\">\n<div class=\"quantity\"><label class=\"screen-reader-text\" for=\"quantity_62e410ab2ce13\">Corbata con el logotipo de la empresa inmobiliaria Lianjia<\/label><input id=\"quantity_62e410ab2ce13\" class=\"input-text qty text\" title=\"Cantidad\" autocomplete=\"off\" max=\"\" min=\"1\" name=\"quantity\" size=\"4\" step=\"1\" type=\"number\" value=\"1\" placeholder=\"\"><\/div>\n<\/form>\n","protected":false},"featured_media":6054,"comment_status":"open","ping_status":"closed","template":"","meta":[],"product_cat":[273],"product_tag":[281,275,286],"class_list":["post-6053","product","type-product","status-publish","has-post-thumbnail","hentry","product_cat-atar","product_tag-corbata-con-logotipo","product_tag-corbata-de-cuello","product_tag-corbata-de-microfibra","pa_material-polyester"],"aioseo_notices":[],"_links":{"self":[{"href":"https:\/\/tiesupplier.com\/es\/wp-json\/wp\/v2\/product\/6053","targetHints":{"allow":["GET"]}}],"collection":[{"href":"https:\/\/tiesupplier.com\/es\/wp-json\/wp\/v2\/product"}],"about":[{"href":"https:\/\/tiesupplier.com\/es\/wp-json\/wp\/v2\/types\/product"}],"replies":[{"embeddable":true,"href":"https:\/\/tiesupplier.com\/es\/wp-json\/wp\/v2\/comments?post=6053"}],"version-history":[{"count":0,"href":"https:\/\/tiesupplier.com\/es\/wp-json\/wp\/v2\/product\/6053\/revisions"}],"wp:featuredmedia":[{"embeddable":true,"href":"https:\/\/tiesupplier.com\/es\/wp-json\/wp\/v2\/media\/6054"}],"wp:attachment":[{"href":"https:\/\/tiesupplier.com\/es\/wp-json\/wp\/v2\/media?parent=6053"}],"wp:term":[{"taxonomy":"product_cat","embeddable":true,"href":"https:\/\/tiesupplier.com\/es\/wp-json\/wp\/v2\/product_cat?post=6053"},{"taxonomy":"product_tag","embeddable":true,"href":"https:\/\/tiesupplier.com\/es\/wp-json\/wp\/v2\/product_tag?post=6053"}],"curies":[{"name":"wp","href":"https:\/\/api.w.org\/{rel}","templated":true}]}}