{"id":6059,"date":"2025-11-25T14:18:35","date_gmt":"2025-11-25T14:18:35","guid":{"rendered":"https:\/\/tiesupplier.com\/product\/corbatas-accesorios-corbatas-con-cremallera-para-hombre-corbata-de-poliester-tejido-jacquard-venta-al-por-mayor\/"},"modified":"2025-11-25T14:18:35","modified_gmt":"2025-11-25T14:18:35","slug":"corbatas-accesorios-corbatas-con-cremallera-para-hombre-corbata-de-poliester-tejido-jacquard-venta-al-por-mayor","status":"publish","type":"product","link":"https:\/\/tiesupplier.com\/es\/product\/corbatas-accesorios-corbatas-con-cremallera-para-hombre-corbata-de-poliester-tejido-jacquard-venta-al-por-mayor\/","title":{"rendered":"Corbatas, accesorios, corbatas con cremallera para hombre, corbata de poli\u00e9ster tejido jacquard, venta al por mayor"},"content":{"rendered":"<p data-pm-slice=\"1 1 []\">Las corbatas con cremallera para hombre de Tie Accessories, corbatas de tejido jacquard de poli\u00e9ster para venta al por mayor, han aparecido en las p\u00e1ginas de algunas de las revistas de moda m\u00e1s importantes del mundo, \u00a1incluidos nuestros exclusivos pares de calle de la Semana de la Moda de Londres Primavera\/Verano 2018! No es solo una corbata, es una declaraci\u00f3n de estilo, clase y carisma. Entendemos que nuestros clientes desean causar una poderosa impresi\u00f3n con su estilo, y nuestra corbata marca el tono para lograr ese impacto.<\/p>\n<p>\u2b50\u00bfCuales son los beneficios de esta corbata?<\/p>\n<p>\u2705Prometemos una calidad superior que no solo est\u00e1 hecha para durar, sino tambi\u00e9n para acentuar su apariencia general. \u00a1Para que puedas lucirlo con orgullo!<\/p>\n<p>\u2705Viene en una variedad de colores y patrones para combinar con cualquier conjunto, desde el cl\u00e1sico hasta el moderno. Ya sea que prefieras la elegancia de los colores s\u00f3lidos o el encanto de los patrones de moda, \u00a1tenemos una corbata que combina con tu estilo!<\/p>\n<p>\u2705Nuestros accesorios de corbata para hombre, corbatas con cremallera, corbata de tejido jacquard de poli\u00e9ster para venta al por mayor no solo son f\u00e1ciles de usar y llevar, sino que tambi\u00e9n est\u00e1n dise\u00f1ados para agregar un elemento de sofisticaci\u00f3n y estilo a cualquier atuendo. \u00a1Con nuestra corbata ser\u00e1s el centro de atenci\u00f3n en poco tiempo!<\/p>\n<p>\u2705Sabemos que la apariencia importa en el mundo actual, y nuestra corbata est\u00e1 dise\u00f1ada para ayudarle a causar una impresi\u00f3n duradera. Entonces, \u00bfpor qu\u00e9 no probar algo diferente y dejar una impresi\u00f3n inolvidable?<\/p>\n<p>\u2b50\u00bfPor qu\u00e9 deber\u00edas elegir nuestra corbata?<\/p>\n<p>\u2705Estamos orgullosos de nuestros productos de alta calidad, y las corbatas con cremallera para hombre, corbatas tejidas de poli\u00e9ster y jacquard para venta al por mayor no son una excepci\u00f3n.<\/p>\n<p>\u2705Nuestro compromiso con la satisfacci\u00f3n del cliente es nuestra m\u00e1xima prioridad y trabajamos incansablemente para garantizar que nuestros clientes est\u00e9n satisfechos con sus compras.<\/p>\n<p>\u2705Nuestros dise\u00f1os son vanguardistas y modernos, por lo que puedes estar seguro de que nuestra corbata te mantendr\u00e1 actualizado con las \u00faltimas tendencias de la moda.<\/p>\n<p>\u2705Nuestros productos est\u00e1n elaborados con sumo cuidado y atenci\u00f3n al detalle, garantizando que obtenga un producto que no solo sea est\u00e9ticamente agradable, sino tambi\u00e9n c\u00f3modo y duradero.<\/p>\n<p>\u2705Ofrecemos una amplia gama de tama\u00f1os y colores para satisfacer las necesidades de todos, y nuestro amable equipo de atenci\u00f3n al cliente est\u00e1 siempre disponible para ayudarlo con cualquier pregunta o inquietud que pueda tener.<\/p>\n<p>En conclusi\u00f3n, nuestros accesorios de corbata para hombre, corbatas con cremallera, corbata de tejido jacquard de poli\u00e9ster para venta al por mayor son la manera perfecta de agregarle algo de estilo a su guardarropa. Creemos que todo hombre debe sentirse seguro, elegante y poderoso, \u00a1y nuestra corbata est\u00e1 aqu\u00ed para ayudarte a lograrlo! Entonces, \u00bfqu\u00e9 est\u00e1s esperando? Agregue un poco de estilo y h\u00e1gase notar con nuestros exclusivos accesorios de corbata, corbatas con cremallera para hombre, corbata de jacquard tejida de poli\u00e9ster para venta al por mayor.<\/p>\n<p>\ud83d\udd37 \u00ab\u00a1Transforma tu look con nuestros exclusivos accesorios de corbata! Corbatas con cremallera para hombre: \u00a1Corbata de poli\u00e9ster jacquard tejida al por mayor!\u00bb #CorbatasAlPorMayor #CorbatasAlPorMayor #AccesoriosDeCorbata #AccesoriosDeCorbataAlPorMayor #corbatajacquardtejidadepoli\u00e9ster #accesorioshombre #alpormayor #accesoriosparatrajes #corbatas #trajes #vestido #elegante #corbatas #moda #accesorios #negocios #hombre #accesoriospara\u00e9l<\/p>\n","protected":false},"excerpt":{"rendered":"<p><span class=\"text-_primary-7\">Oh<\/span>tu corbata es hola<span class=\"text-_primary-7\">gramo<\/span>h<span class=\"text-_primary-7\">-q<\/span>calidad<span class=\"text-_primary-7\">y<\/span>y<span class=\"text-_primary-7\">metro<\/span>una<span class=\"text-_primary-7\">d<\/span>y con atenci\u00f3n al detalle para garantizar una calidad duradera y<span class=\"text-_primary-7\">mf<\/span>orte.<span class=\"text-_primary-7\"> <\/span>Nuestro compromiso con la satisfacci\u00f3n del cliente es nuestra m\u00e1xima prioridad. Ofrecemos una amplia gama de tama\u00f1os y colores para satisfacer las necesidades de todos.<span class=\"text-_primary-7\">G<\/span>\u00a1Se nota con nuestros exclusivos accesorios de corbata, corbatas con cremallera para hombre, corbata tejida de poli\u00e9ster Jacquard para venta al por mayor!<\/p>\n","protected":false},"featured_media":6060,"comment_status":"open","ping_status":"closed","template":"","meta":[],"product_cat":[273],"product_tag":[],"class_list":["post-6059","product","type-product","status-publish","has-post-thumbnail","hentry","product_cat-atar"],"aioseo_notices":[],"_links":{"self":[{"href":"https:\/\/tiesupplier.com\/es\/wp-json\/wp\/v2\/product\/6059","targetHints":{"allow":["GET"]}}],"collection":[{"href":"https:\/\/tiesupplier.com\/es\/wp-json\/wp\/v2\/product"}],"about":[{"href":"https:\/\/tiesupplier.com\/es\/wp-json\/wp\/v2\/types\/product"}],"replies":[{"embeddable":true,"href":"https:\/\/tiesupplier.com\/es\/wp-json\/wp\/v2\/comments?post=6059"}],"version-history":[{"count":0,"href":"https:\/\/tiesupplier.com\/es\/wp-json\/wp\/v2\/product\/6059\/revisions"}],"wp:featuredmedia":[{"embeddable":true,"href":"https:\/\/tiesupplier.com\/es\/wp-json\/wp\/v2\/media\/6060"}],"wp:attachment":[{"href":"https:\/\/tiesupplier.com\/es\/wp-json\/wp\/v2\/media?parent=6059"}],"wp:term":[{"taxonomy":"product_cat","embeddable":true,"href":"https:\/\/tiesupplier.com\/es\/wp-json\/wp\/v2\/product_cat?post=6059"},{"taxonomy":"product_tag","embeddable":true,"href":"https:\/\/tiesupplier.com\/es\/wp-json\/wp\/v2\/product_tag?post=6059"}],"curies":[{"name":"wp","href":"https:\/\/api.w.org\/{rel}","templated":true}]}}