{"id":6073,"date":"2025-11-25T14:18:35","date_gmt":"2025-11-25T14:18:35","guid":{"rendered":"https:\/\/tiesupplier.com\/product\/corbata-de-graduacion-elegante-de-china-con-bordado\/"},"modified":"2025-11-25T14:18:35","modified_gmt":"2025-11-25T14:18:35","slug":"corbata-de-graduacion-elegante-de-china-con-bordado","status":"publish","type":"product","link":"https:\/\/tiesupplier.com\/es\/product\/corbata-de-graduacion-elegante-de-china-con-bordado\/","title":{"rendered":"Corbata de graduaci\u00f3n elegante de China con bordado"},"content":{"rendered":"<div readability=\"35\">\n<p>\n<ins class=\"adsbygoogle\" data-ad-client=\"ca-pub-2713617115809499\" data-ad-slot=\"6100242752\" data-ad-format=\"auto\" data-full-width-responsive=\"true\"><\/ins><br \/>\n Descripci\u00f3n del producto:<br \/>Corbata de graduaci\u00f3n con bordado<br \/>Corbata hecha 100% de seda o poli\u00e9ster<br \/>Corbata con el logo de tu colegio bordado<br \/>Corbata de 145*10&amp;3.8 pulgadas de medida, o seg\u00fan su solicitud<br \/>Corbata de dise\u00f1o de moda y excelente confecci\u00f3n.<br \/>\u00bfPor qu\u00e9 realizar un pedido en Mondon:<br \/>Mondon es un fabricante profesional con 10 a\u00f1os de experiencia especializado en productos de graduaci\u00f3n y vestimenta religiosa.<br \/>Precio bajo. La experiencia de compra de f\u00e1brica nos ayuda a adquirir el precio m\u00e1s competitivo de material para asegurarnos de que obtenga una mejor cotizaci\u00f3n.<br \/>Buena capacidad de dise\u00f1o personalizado. El equipo de investigaci\u00f3n y desarrollo (I+D) tiene una amplia experiencia en varios estilos de vestimenta de graduaci\u00f3n.<br \/>Alta calidad garantizada. El control de calidad interno en nuestra f\u00e1brica garantiza que cada producto de nuestra f\u00e1brica es un buen producto.<br \/>Servicio de alta eficiencia. Nuestra experiencia en exportaci\u00f3n tambi\u00e9n ayuda a nuestros clientes a obtener el mejor costo de env\u00edo y una entrega oportuna. <ins class=\"adsbygoogle\" data-ad-layout=\"in-article\" data-ad-format=\"fluid\" data-ad-client=\"ca-pub-2713617115809499\" data-ad-slot=\"5641077753\"><\/ins>\n                            <\/p>\n<\/p><\/div>\n","protected":false},"excerpt":{"rendered":"<p>Descripci\u00f3n del producto:Corbata de graduaci\u00f3n con bordadoCorbata hecha 100% de seda o poli\u00e9sterCorbata con el logo de tu colegio bordadoCorbata de 145*10&amp;3.8 pulgadas de medida, o seg\u00fan su solicitudCorbata de dise\u00f1o de moda y excelente confecci\u00f3n.\u00bfPor qu\u00e9 realizar un pedido en Mondon:Mondon es un fabricante profesional con 10 a\u00f1os de experiencia especializado en productos de [&hellip;]<\/p>\n","protected":false},"featured_media":0,"comment_status":"open","ping_status":"closed","template":"","meta":[],"product_cat":[273],"product_tag":[],"class_list":["post-6073","product","type-product","status-publish","hentry","product_cat-atar"],"aioseo_notices":[],"_links":{"self":[{"href":"https:\/\/tiesupplier.com\/es\/wp-json\/wp\/v2\/product\/6073","targetHints":{"allow":["GET"]}}],"collection":[{"href":"https:\/\/tiesupplier.com\/es\/wp-json\/wp\/v2\/product"}],"about":[{"href":"https:\/\/tiesupplier.com\/es\/wp-json\/wp\/v2\/types\/product"}],"replies":[{"embeddable":true,"href":"https:\/\/tiesupplier.com\/es\/wp-json\/wp\/v2\/comments?post=6073"}],"version-history":[{"count":0,"href":"https:\/\/tiesupplier.com\/es\/wp-json\/wp\/v2\/product\/6073\/revisions"}],"wp:attachment":[{"href":"https:\/\/tiesupplier.com\/es\/wp-json\/wp\/v2\/media?parent=6073"}],"wp:term":[{"taxonomy":"product_cat","embeddable":true,"href":"https:\/\/tiesupplier.com\/es\/wp-json\/wp\/v2\/product_cat?post=6073"},{"taxonomy":"product_tag","embeddable":true,"href":"https:\/\/tiesupplier.com\/es\/wp-json\/wp\/v2\/product_tag?post=6073"}],"curies":[{"name":"wp","href":"https:\/\/api.w.org\/{rel}","templated":true}]}}