{"id":6076,"date":"2025-11-25T14:18:35","date_gmt":"2025-11-25T14:18:35","guid":{"rendered":"https:\/\/tiesupplier.com\/product\/oferta-especial-de-amazon-corbata-de-lentejuelas-navidena-para-adultos-y-ninos-espectaculo-de-magia-de-baile-callejero-comun-colorido\/"},"modified":"2025-11-25T14:18:35","modified_gmt":"2025-11-25T14:18:35","slug":"oferta-especial-de-amazon-corbata-de-lentejuelas-navidena-para-adultos-y-ninos-espectaculo-de-magia-de-baile-callejero-comun-colorido","status":"publish","type":"product","link":"https:\/\/tiesupplier.com\/es\/product\/oferta-especial-de-amazon-corbata-de-lentejuelas-navidena-para-adultos-y-ninos-espectaculo-de-magia-de-baile-callejero-comun-colorido\/","title":{"rendered":"Oferta especial de Amazon: corbata de lentejuelas navide\u00f1a para adultos y ni\u00f1os, espect\u00e1culo de magia de baile callejero com\u00fan, colorido"},"content":{"rendered":"<div readability=\"83\">\n<ins class=\"adsbygoogle\" data-ad-client=\"ca-pub-2713617115809499\" data-ad-slot=\"6100242752\" data-ad-format=\"auto\" data-full-width-responsive=\"true\"><\/ins><\/p>\n<p>Corbata de lentejuelas de Navidad de gran oferta de Amazon para ni\u00f1os adultos, espect\u00e1culo de magia de baile callejero com\u00fan, corbata de seda colorida, lazo para el cuello F\u00e1cil de poner y quitar, adecuado para adultos, ni\u00f1os, ampliamente utilizado en fiestas, vacaciones navide\u00f1as.1. Nuestra corbata de lentejuelas de sirena est\u00e1 hecha con lentejuelas de alta calidad:<br \/>2. Diferentes formas de embalaje para elegir:<\/p>\n<p>Bolsa OPP, tarjeta de papel, 1, 2, 3 piezas o cualquier otra forma de embalaje personalizada<br \/>3. Varios colores para elegir:<\/p>\n<p>4. Informaci\u00f3n m\u00e1s detallada para referencia:<\/p>\n<p>Material: tela + lentejuelas. Tama\u00f1o: tama\u00f1o est\u00e1ndar. Color: rojo, azul, verde, blanco, negro, amarillo, morado. Forma de logotipo: impreso en papel. Embalaje: 1 unidad por bolsa de polietileno o embalaje personalizado. Cantidad m\u00ednima de pedido: 1000 unidades. Tiempo de producci\u00f3n: 10 d\u00edas para cantidades inferiores a 2000 unidades. Forma de env\u00edo: DHL, Fedex, UPS, TNT, aire, mar seg\u00fan solicitud.<\/p>\n<p>5. Otros art\u00edculos de lentejuelas para referencia:<br \/>Certificado de cantidad<\/p>\n<p>Preguntas frecuentes:<br \/>1. P: \u00bfEst\u00e1 disponible la muestra? R: Podemos ofrecer la muestra que tenemos de forma gratuita, con el coste del env\u00edo a cargo del cliente. 2. P: \u00bfCu\u00e1ntos d\u00edas tardan las muestras?<br \/>R: Nuestra muestra disponible puede estar lista en un d\u00eda. Si se trata de una muestra personalizada, el tiempo de entrega es de 3 a 7 d\u00edas, dependiendo del dise\u00f1o. 3. P: \u00bfCu\u00e1ntos d\u00edas tarda la producci\u00f3n en masa? R: El tiempo de producci\u00f3n es de 12 a 20 d\u00edas, dependiendo de la cantidad. Si es urgente, podemos entregarlo en un plazo de 7 a 10 d\u00edas. 4. P: \u00bfCu\u00e1nto tiempo tardar\u00e9 en recibir una respuesta? R: Normalmente, respondemos en 1 hora en horario laboral. Si es urgente, puede contactarnos en 1 minuto. 5. P: \u00bfC\u00f3mo se realiza el pago?<br \/>A: Podemos aceptar diferentes formas de pago: L\/C, TT, tarjeta de cr\u00e9dito, Western Union, Money Gram, Paypal. Bienvenido a contactarnos ahora.<\/p>\n<p>Alta calidad !<\/p>\n<p>Entrega r\u00e1pida !!<\/p>\n<p>\u00a1Consulta de 1 minuto, 100% valor para usted!<\/p>\n<p><ins class=\"adsbygoogle\" data-ad-layout=\"in-article\" data-ad-format=\"fluid\" data-ad-client=\"ca-pub-2713617115809499\" data-ad-slot=\"5641077753\"><\/ins>\n                            <\/div>\n","protected":false},"excerpt":{"rendered":"<p>Corbata de lentejuelas de Navidad de gran oferta de Amazon para ni\u00f1os adultos, espect\u00e1culo de magia de baile callejero com\u00fan, corbata de seda colorida, lazo para el cuello F\u00e1cil de poner y quitar, adecuado para adultos, ni\u00f1os, ampliamente utilizado en fiestas, vacaciones navide\u00f1as.1. Nuestra corbata de lentejuelas de sirena est\u00e1 hecha con lentejuelas de alta [&hellip;]<\/p>\n","protected":false},"featured_media":6077,"comment_status":"open","ping_status":"closed","template":"","meta":[],"product_cat":[273],"product_tag":[],"class_list":["post-6076","product","type-product","status-publish","has-post-thumbnail","hentry","product_cat-atar"],"aioseo_notices":[],"_links":{"self":[{"href":"https:\/\/tiesupplier.com\/es\/wp-json\/wp\/v2\/product\/6076","targetHints":{"allow":["GET"]}}],"collection":[{"href":"https:\/\/tiesupplier.com\/es\/wp-json\/wp\/v2\/product"}],"about":[{"href":"https:\/\/tiesupplier.com\/es\/wp-json\/wp\/v2\/types\/product"}],"replies":[{"embeddable":true,"href":"https:\/\/tiesupplier.com\/es\/wp-json\/wp\/v2\/comments?post=6076"}],"version-history":[{"count":0,"href":"https:\/\/tiesupplier.com\/es\/wp-json\/wp\/v2\/product\/6076\/revisions"}],"wp:featuredmedia":[{"embeddable":true,"href":"https:\/\/tiesupplier.com\/es\/wp-json\/wp\/v2\/media\/6077"}],"wp:attachment":[{"href":"https:\/\/tiesupplier.com\/es\/wp-json\/wp\/v2\/media?parent=6076"}],"wp:term":[{"taxonomy":"product_cat","embeddable":true,"href":"https:\/\/tiesupplier.com\/es\/wp-json\/wp\/v2\/product_cat?post=6076"},{"taxonomy":"product_tag","embeddable":true,"href":"https:\/\/tiesupplier.com\/es\/wp-json\/wp\/v2\/product_tag?post=6076"}],"curies":[{"name":"wp","href":"https:\/\/api.w.org\/{rel}","templated":true}]}}