{"id":6078,"date":"2025-11-25T13:14:52","date_gmt":"2025-11-25T13:14:52","guid":{"rendered":"https:\/\/tiesupplier.com\/product\/corbatas-elasticas-ajustables-con-cremallera-para-hombre-venta-al-por-mayor\/"},"modified":"2025-11-25T13:14:52","modified_gmt":"2025-11-25T13:14:52","slug":"corbatas-elasticas-ajustables-con-cremallera-para-hombre-venta-al-por-mayor","status":"publish","type":"product","link":"https:\/\/tiesupplier.com\/es\/product\/corbatas-elasticas-ajustables-con-cremallera-para-hombre-venta-al-por-mayor\/","title":{"rendered":"Corbatas el\u00e1sticas ajustables con cremallera para hombre, venta al por mayor"},"content":{"rendered":"<div class=\"J_module\">\n<div id=\"ali-anchor-AliMagic-xd1kcu\" class=\"magic-4\" data-section=\"AliMagic-xd1kcu\" data-section-title=\"Products Description\">Descripci\u00f3n de productos<\/div>\n<\/div>\n<div class=\"J_module\">\n<div class=\"ife-detail-decorate-table\">\n<table class=\"all magic-5\">\n<tbody>\n<tr>\n<td colspan=\"1\" rowspan=\"1\">\n<div class=\"magic-6\">Nombre del producto<\/div>\n<\/td>\n<td colspan=\"1\" rowspan=\"1\">\n<div class=\"magic-7\" data-spm-anchor-id=\"a2700.wholesale.0.i31.63d26fd120T8m8\">Corbata el\u00e1stica ajustable con cremallera para hombre, venta al por mayor, de poli\u00e9ster jacquard, color blanco<\/div>\n<\/td>\n<\/tr>\n<tr>\n<td colspan=\"1\" rowspan=\"1\">\n<div class=\"magic-6\">Material<\/div>\n<\/td>\n<td colspan=\"1\" rowspan=\"1\">\n<div class=\"magic-7\">Tejido Jacquard de poli\u00e9ster<\/div>\n<\/td>\n<\/tr>\n<tr>\n<td colspan=\"1\" rowspan=\"1\">\n<div class=\"magic-6\">Embalaje<\/div>\n<\/td>\n<td colspan=\"1\" rowspan=\"1\">\n<div class=\"magic-7\">1 pieza\/bolsa de polietileno (o caja de regalo)<\/div>\n<\/td>\n<\/tr>\n<tr>\n<td colspan=\"1\" rowspan=\"1\">\n<div class=\"magic-6\">Dise\u00f1o<\/div>\n<\/td>\n<td colspan=\"1\" rowspan=\"1\">\n<div class=\"magic-7\">Corbata de cremallera perezosa<\/div>\n<\/td>\n<\/tr>\n<tr>\n<td colspan=\"1\" rowspan=\"1\">\n<div class=\"magic-6\">Tama\u00f1o<\/div>\n<\/td>\n<td colspan=\"1\" rowspan=\"1\">\n<div class=\"magic-7\">46*8 cm<\/div>\n<\/td>\n<\/tr>\n<tr>\n<td colspan=\"1\" rowspan=\"1\">\n<div class=\"magic-6\">Color<\/div>\n<\/td>\n<td colspan=\"1\" rowspan=\"1\">\n<div class=\"magic-7\">Imagen mostrada<\/div>\n<\/td>\n<\/tr>\n<tr>\n<td colspan=\"1\" rowspan=\"1\">\n<div class=\"magic-6\">Estilo<\/div>\n<\/td>\n<td colspan=\"1\" rowspan=\"1\">\n<div class=\"magic-7\">Cl\u00e1sica Popular<\/div>\n<\/td>\n<\/tr>\n<tr>\n<td colspan=\"1\" rowspan=\"1\">\n<div class=\"magic-6\">Logo<\/div>\n<\/td>\n<td colspan=\"1\" rowspan=\"1\">\n<div class=\"magic-7\">Se acepta logotipo personalizado<\/div>\n<\/td>\n<\/tr>\n<tr>\n<td colspan=\"1\" rowspan=\"1\">\n<div class=\"magic-6\">Patrona Casual<\/div>\n<\/td>\n<td colspan=\"1\" rowspan=\"1\">\n<div class=\"magic-7\">Geometr\u00eda Paisley enrejado rayado Dobby<\/div>\n<\/td>\n<\/tr>\n<tr>\n<td colspan=\"1\" rowspan=\"1\">\n<div class=\"magic-6\">Cantidad m\u00ednima de pedido<\/div>\n<\/td>\n<td colspan=\"1\" rowspan=\"1\">\n<div class=\"magic-7\">1 pieza<\/div>\n<\/td>\n<\/tr>\n<\/tbody>\n<\/table>\n<\/div>\n<\/div>\n<p><b>1. Quienes somos nosotras<\/b><br \/>\nTenemos nuestra sede en Zhejiang, China, y desde 1998 somos un aut\u00e9ntico fabricante de corbatas en China.<\/p>\n<p><b>2. \u00bfC\u00f3mo podemos garantizar la calidad?<\/b><br \/>\nSiempre una muestra de preproducci\u00f3n antes de la producci\u00f3n en masa;<br \/>\nSiempre inspecci\u00f3n final antes del env\u00edo;<\/p>\n<p><b>3.\u00bfQu\u00e9 puedes comprar con nosotras?<\/b><br \/>\nTejidos, corbatas, pajaritas y accesorios, bufandas y pa\u00f1uelos de bolsillo, chalecos, tirantes y gemelos<\/p>\n<p><b>4. \u00bfPor qu\u00e9 deber\u00eda comprar con nosotros y no con otros proveedores?<\/b><br \/>\nFabricamos principalmente corbatas, pajaritas, pa\u00f1uelos de bolsillo, bufandas, tirantes, gemelos, chalecos y tejidos jacquard te\u00f1idos en hilo. Nuestra ventaja es que podemos ofrecerle peque\u00f1as cantidades, dise\u00f1o personalizado, entrega r\u00e1pida, buen servicio y comunicaci\u00f3n, buena calidad.<\/p>\n<p><b>5. \u00bfQu\u00e9 servicios podemos ofrecer?<\/b><br \/>\nCondiciones de entrega aceptadas: FOB, CFR, CIF, EXW, FAS, CIP, FCA, DEQ, Entrega expr\u00e9s, DAF;<br \/>\nMoneda de pago aceptada: USD, EUR, GBP, CNY;<br \/>\nTipo de pago aceptado: T\/T,L\/C,D\/P D\/A,Tarjeta de cr\u00e9dito,PayPal,Western Union,Efectivo,Dep\u00f3sito en garant\u00eda;<br \/>\nIdioma hablado: ingl\u00e9s, chino<\/p>\n<table class=\"has-title all magic-7\">\n<tbody>\n<tr>\n<td colspan=\"1\" rowspan=\"1\">\n<div class=\"magic-8\">art\u00edculo<\/div>\n<\/td>\n<td colspan=\"1\" rowspan=\"1\">\n<div class=\"magic-9\">valor<\/div>\n<\/td>\n<\/tr>\n<tr>\n<td colspan=\"1\" rowspan=\"1\">\n<div class=\"magic-8\">Lugar de origen<\/div>\n<\/td>\n<td colspan=\"1\" rowspan=\"1\">\n<div class=\"magic-9\">Porcelana<\/div>\n<\/td>\n<\/tr>\n<tr>\n<td colspan=\"1\" rowspan=\"1\">\n<div class=\"magic-8\">Nombre de marca<\/div>\n<\/td>\n<td colspan=\"1\" rowspan=\"1\">\n<div class=\"magic-9\">AILINFADUN o OEM<\/div>\n<\/td>\n<\/tr>\n<tr>\n<td colspan=\"1\" rowspan=\"1\">\n<div class=\"magic-8\">N\u00famero de modelo<\/div>\n<\/td>\n<td colspan=\"1\" rowspan=\"1\">\n<div class=\"magic-9\" data-spm-anchor-id=\"a2700.details.0.i23.1c78686fCgZ2uz\">ZA4<\/div>\n<\/td>\n<\/tr>\n<tr>\n<td colspan=\"1\" rowspan=\"1\">\n<div class=\"magic-8\">Patrona Casual<\/div>\n<\/td>\n<td colspan=\"1\" rowspan=\"1\">\n<div class=\"magic-9\">Raya, florete, enrejado, lunares, otras<\/div>\n<\/td>\n<\/tr>\n<tr>\n<td colspan=\"1\" rowspan=\"1\">\n<div class=\"magic-8\">Tejer<\/div>\n<\/td>\n<td colspan=\"1\" rowspan=\"1\">\n<div class=\"magic-9\">Tejido jacquard<\/div>\n<\/td>\n<\/tr>\n<tr>\n<td colspan=\"1\" rowspan=\"1\">\n<div class=\"magic-8\">Material<\/div>\n<\/td>\n<td colspan=\"1\" rowspan=\"1\">\n<div class=\"magic-9\" data-spm-anchor-id=\"a2700.details.0.i22.1c78686fCgZ2uz\">100% poli\u00e9ster<\/div>\n<\/td>\n<\/tr>\n<tr>\n<td colspan=\"1\" rowspan=\"1\">\n<div class=\"magic-8\">Estaci\u00f3n<\/div>\n<\/td>\n<td colspan=\"1\" rowspan=\"1\">\n<div class=\"magic-9\">Primavera, oto\u00f1o, invierno<\/div>\n<\/td>\n<\/tr>\n<tr>\n<td colspan=\"1\" rowspan=\"1\">\n<div class=\"magic-8\">Estilo<\/div>\n<\/td>\n<td colspan=\"1\" rowspan=\"1\">\n<div class=\"magic-9\">Negocio<\/div>\n<\/td>\n<\/tr>\n<tr>\n<td colspan=\"1\" rowspan=\"1\">\n<div class=\"magic-8\">NOROESTE<\/div>\n<\/td>\n<td colspan=\"1\" rowspan=\"1\">\n<div class=\"magic-9\">60 gramos<\/div>\n<\/td>\n<\/tr>\n<tr>\n<td colspan=\"1\" rowspan=\"1\">\n<div class=\"magic-8\">Palabra clave<\/div>\n<\/td>\n<td colspan=\"1\" rowspan=\"1\">\n<div class=\"magic-9\">Corbata con logotipo<\/div>\n<\/td>\n<\/tr>\n<\/tbody>\n<\/table>\n<table border=\"2\" width=\"962\" cellspacing=\"0\" cellpadding=\"0\">\n<tbody>\n<tr>\n<td height=\"31\" data-spm-anchor-id=\"a2700.wholesale.0.i21.612c71535Y8m7B\">ART\u00cdCULO<\/td>\n<td>Cantidad<\/td>\n<td>ENGA\u00d1AR<\/td>\n<td>Digital<\/td>\n<td>Carga de muestra<\/td>\n<td> plazo de entrega<\/td>\n<\/tr>\n<tr>\n<td rowspan=\"6\" height=\"122\">poli\u00e9ster<br \/>\n(corbata escolar)<br \/>\nHecho una m\u00e1quina<br \/>\n960 pinos<\/td>\n<td>50 piezas<\/td>\n<td>$1.70<\/td>\n<td><\/td>\n<td rowspan=\"6\">$15.00<\/td>\n<td rowspan=\"6\">7 d\u00edas<\/td>\n<\/tr>\n<tr>\n<td height=\"19\">100 piezas<\/td>\n<td>$1.50<\/td>\n<td><\/td>\n<\/tr>\n<tr>\n<td height=\"22\">300 piezas<\/td>\n<td>$1.30<\/td>\n<td><\/td>\n<\/tr>\n<tr>\n<td height=\"19\">500 piezas<\/td>\n<td>$1.10<\/td>\n<td><\/td>\n<\/tr>\n<tr>\n<td height=\"21\">1000 piezas<\/td>\n<td>$0.80<\/td>\n<td><\/td>\n<\/tr>\n<tr>\n<td height=\"21\">2000 piezas<\/td>\n<td>$0.70<\/td>\n<td><\/td>\n<\/tr>\n<tr>\n<td rowspan=\"7\" height=\"148\">poli\u00e9ster impreso<\/td>\n<td>50 piezas<\/td>\n<td>$3.00<\/td>\n<td>$3.00<\/td>\n<td rowspan=\"3\">estampado de seda<br \/>\n30 USD por pantalla<\/td>\n<td rowspan=\"3\">10 d\u00edas<\/td>\n<\/tr>\n<tr>\n<td height=\"21\">100 piezas<\/td>\n<td>$2.50<\/td>\n<td>$2.50<\/td>\n<\/tr>\n<tr>\n<td height=\"21\">300 piezas<\/td>\n<td>$1.50<\/td>\n<td>$1.80<\/td>\n<\/tr>\n<tr>\n<td height=\"21\">500 piezas<\/td>\n<td>$1.20<\/td>\n<td>$1.50<\/td>\n<td rowspan=\"4\">impreso digitalmente<br \/>\n100usd por dise\u00f1o<\/td>\n<td rowspan=\"4\">7 d\u00edas<\/td>\n<\/tr>\n<tr>\n<td height=\"21\">1000 piezas<\/td>\n<td>$1.10<\/td>\n<td>$1.30<\/td>\n<\/tr>\n<tr>\n<td height=\"20\">2000 piezas<\/td>\n<td>$1.00<\/td>\n<td>$1.20<\/td>\n<\/tr>\n<tr>\n<td height=\"23\">3000 piezas<\/td>\n<td>$0.90<\/td>\n<td>$1.10<\/td>\n<\/tr>\n<tr>\n<td rowspan=\"8\" height=\"161\"> Microfibra<br \/>\n(club, empresa)<br \/>\nhecho a mano<br \/>\n1200 pinos<\/td>\n<td>50 piezas<\/td>\n<td>$2.40<\/td>\n<td><\/td>\n<td rowspan=\"8\">$15.00<\/td>\n<td rowspan=\"14\"> 7 d\u00edas<\/td>\n<\/tr>\n<tr>\n<td height=\"19\">100 piezas<\/td>\n<td>$2.10<\/td>\n<td><\/td>\n<\/tr>\n<tr>\n<td height=\"23\">200 piezas<\/td>\n<td>$1.90<\/td>\n<td><\/td>\n<\/tr>\n<tr>\n<td height=\"19\">300 piezas<\/td>\n<td>$1.80<\/td>\n<td><\/td>\n<\/tr>\n<tr>\n<td height=\"19\">500 piezas<\/td>\n<td>$1.60<\/td>\n<td><\/td>\n<\/tr>\n<tr>\n<td height=\"19\">1000 piezas<\/td>\n<td>$1.40<\/td>\n<td><\/td>\n<\/tr>\n<tr>\n<td height=\"19\">2000 piezas<\/td>\n<td>$1.35<\/td>\n<td><\/td>\n<\/tr>\n<tr>\n<td height=\"20\">3000 piezas<\/td>\n<td>$1.30<\/td>\n<td><\/td>\n<\/tr>\n<tr>\n<td rowspan=\"6\" height=\"115\">Seda<br \/>\ncorbata hecha a mano<br \/>\n1200 pinos<\/td>\n<td>50 piezas<\/td>\n<td>$4.90<\/td>\n<td><\/td>\n<td rowspan=\"6\">$30.00<\/td>\n<\/tr>\n<tr>\n<td height=\"19\">100 piezas<\/td>\n<td>$4.70<\/td>\n<td><\/td>\n<\/tr>\n<tr>\n<td height=\"19\">300 piezas<\/td>\n<td>$4.50<\/td>\n<td><\/td>\n<\/tr>\n<tr>\n<td height=\"19\">500 piezas<\/td>\n<td>$4.45<\/td>\n<td><\/td>\n<\/tr>\n<tr>\n<td height=\"19\">1000 piezas<\/td>\n<td>$4.40<\/td>\n<td><\/td>\n<\/tr>\n<tr>\n<td height=\"20\">2000 piezas<\/td>\n<td>$4.35<\/td>\n<td><\/td>\n<\/tr>\n<tr>\n<td rowspan=\"6\" height=\"115\">estampado de seda<\/td>\n<td>50 piezas<\/td>\n<td>$4.90<\/td>\n<td>$4.90<\/td>\n<td rowspan=\"3\">estampado de seda<br \/>\n30 USD por pantalla<\/td>\n<td rowspan=\"3\">10 d\u00edas<\/td>\n<\/tr>\n<tr>\n<td height=\"19\">100 piezas<\/td>\n<td>$4.00<\/td>\n<td>$4.20<\/td>\n<\/tr>\n<tr>\n<td height=\"19\">300 piezas<\/td>\n<td>$3.50<\/td>\n<td>$3.70<\/td>\n<\/tr>\n<tr>\n<td height=\"19\">500 piezas<\/td>\n<td>$3.30<\/td>\n<td>$3.50<\/td>\n<td rowspan=\"3\">impreso digitalmente<br \/>\n100usd por dise\u00f1o<\/td>\n<td rowspan=\"3\">7 d\u00edas<\/td>\n<\/tr>\n<tr>\n<td height=\"19\">1000 piezas<\/td>\n<td>$3.20<\/td>\n<td data-spm-anchor-id=\"a2700.wholesale.0.i31.612c71535Y8m7B\">$3.40<\/td>\n<\/tr>\n<tr>\n<td height=\"20\">2000 piezas<\/td>\n<td>$3.10<\/td>\n<td>$3.30<\/td>\n<\/tr>\n<tr>\n<td rowspan=\"7\" height=\"134\">Transporte de mercanc\u00edas por Europa<br \/>\nDHL puerta a puerta<br \/>\nlazos<\/td>\n<td>50 piezas<\/td>\n<td>2,00 USD\/pieza<\/td>\n<td><\/td>\n<td><\/td>\n<td><\/td>\n<\/tr>\n<tr>\n<td height=\"19\">100 piezas<\/td>\n<td>1,50 USD\/pieza<\/td>\n<td><\/td>\n<td><\/td>\n<td><\/td>\n<\/tr>\n<tr>\n<td height=\"19\">200 piezas<\/td>\n<td>1,20 USD\/pieza<\/td>\n<td><\/td>\n<td><\/td>\n<td><\/td>\n<\/tr>\n<tr>\n<td height=\"19\">300 piezas<\/td>\n<td>0,90 USD\/pieza<\/td>\n<td><\/td>\n<td><\/td>\n<td><\/td>\n<\/tr>\n<tr>\n<td height=\"19\">500 piezas<\/td>\n<td>0,70 USD\/pieza<\/td>\n<td><\/td>\n<td><\/td>\n<td><\/td>\n<\/tr>\n<tr>\n<td height=\"19\">1000 piezas<\/td>\n<td>0,65 USD\/pieza<\/td>\n<td><\/td>\n<td><\/td>\n<td><\/td>\n<\/tr>\n<tr>\n<td height=\"20\">2000 piezas<\/td>\n<td>0,60 USD\/pieza<\/td>\n<td><\/td>\n<td><\/td>\n<td><\/td>\n<\/tr>\n<\/tbody>\n<\/table>\n<div>\n<p><strong><span data-spm-anchor-id=\"a2700.wholesale.0.i41.612c71535Y8m7B\">C\u00f3mo hacer un pedido<\/span><\/strong><\/p>\n<\/div>\n<div>\n<ol>\n<li><strong>Dise\u00f1o:<\/strong>Env\u00edenos su dise\u00f1o art\u00edstico en archivo JPG (aseg\u00farese de que sea un archivo de alta definici\u00f3n o formato ai), o simplemente d\u00edganos su idea sobre el dise\u00f1o y los colores, y env\u00edenos el logotipo, tenemos nuestro dise\u00f1ador dibujando ilustraciones en opci\u00f3n a-b-c para su selecci\u00f3n.<\/li>\n<li><strong>Confirmaci\u00f3n de tela:<\/strong>Tome una decisi\u00f3n sobre el uso del material, ofrecemos: tejido de seda, tejido de poli\u00e9ster de 1200 agujas, tejido de poli\u00e9ster de 2400 agujas, tejido de poli\u00e9ster de 960 agujas, estampado de seda, estampado de poli\u00e9ster.<\/li>\n<li data-spm-anchor-id=\"a2700.wholesale.0.i40.612c71535Y8m7B\"><strong>Haciendo:<\/strong>Elige uno de nuestros dos m\u00e9todos de fabricaci\u00f3n: hecho a mano o a m\u00e1quina. El m\u00e9todo de fabricaci\u00f3n de una m\u00e1quina suele ser para corbatas escolares, ya que es mucho m\u00e1s duradero. <\/li>\n<li><strong>Cita:<\/strong>Danos tu cantidad de pedido objetivo, te ofrecemos el mejor precio de f\u00e1brica para ti.<\/li>\n<li><strong>Pago:<\/strong>Tras confirmar el precio, existen varios m\u00e9todos de pago. Recomendamos pagar con PayPal, Western Union, MoneyGram o Alipay para muestras y transferencia bancaria para producci\u00f3n. <\/li>\n<li><strong>Muestreo:<\/strong>Tras recibir el pago, organizaremos la toma de muestras lo antes posible. Normalmente, el plazo de entrega es de 7 a 10 d\u00edas. <\/li>\n<li><strong>Entrega:<\/strong>Utilizamos el env\u00edo expr\u00e9s internacional como nuestra soluci\u00f3n de entrega de muestra, normalmente le llegar\u00e1 en 3-7 d\u00edas h\u00e1biles con alta eficiencia; en cuanto a la producci\u00f3n, utilizaremos el aire o el barco como forma econ\u00f3mica.<\/li>\n<li><strong>Servicio postventa:<\/strong>Si hay alg\u00fan problema de calidad o pregunta, comun\u00edquese con nosotros de inmediato dentro de dos meses, le ayudaremos a resolver el problema de forma gratuita.<\/li>\n<\/ol>\n<div>\n<p><strong><span data-spm-anchor-id=\"a2700.wholesale.0.i43.612c71535Y8m7B\">Preguntas frecuentes<\/span><\/strong><\/p>\n<\/div>\n<div>\n<ul>\n<li><strong>\u00bfQu\u00e9 tipos de materiales puedes utilizar para hacer una corbata?<\/strong>\n<ul>\n<li>Ofrecemos: tejido de seda, tejido de poli\u00e9ster de 1200 agujas, tejido de poli\u00e9ster de 2400 agujas, tejido de poli\u00e9ster de 960 agujas, estampado de seda, estampado de poli\u00e9ster.<\/li>\n<\/ul>\n<\/li>\n<\/ul>\n<ul>\n<li><strong>\u00bfPuedo tejer o imprimir mi propio dise\u00f1o?<\/strong>\n<ul>\n<li>Claro que s\u00ed, solo env\u00edanos tu dise\u00f1o. Adem\u00e1s, tenemos millas de dise\u00f1os para que elijas. <\/li>\n<\/ul>\n<\/li>\n<\/ul>\n<ul>\n<li><strong>\u00bfD\u00f3nde puedo conseguir tus dise\u00f1os?<\/strong>\n<ul>\n<li>Si lo solicita, podemos enviarle fotos de muestras en archivo JPG por correo electr\u00f3nico, o enviarle una tarjeta de muestras por correo a su cargo.<\/li>\n<\/ul>\n<\/li>\n<\/ul>\n<ul>\n<li><strong>\u00bfSer\u00eda posible obtener una muestra de corbata personalizada?<\/strong>\n<ul>\n<li>Por supuesto, podemos preparar la corbata de muestra en un plazo de 7 a 10 d\u00edas.<\/li>\n<\/ul>\n<\/li>\n<\/ul>\n<ul>\n<li><strong>\u00bfCu\u00e1l es la cantidad m\u00ednima de pedido?<\/strong>\n<ul>\n<li>Nuestro pedido m\u00ednimo es de 50 unidades por dise\u00f1o\/color. El precio es flexible seg\u00fan la cantidad del pedido. <\/li>\n<\/ul>\n<\/li>\n<\/ul>\n<ul>\n<li><strong>\u00bfCuanto cuesta el muestreo de corbata?<\/strong>\n<ul>\n<li>El precio var\u00eda seg\u00fan la tela, as\u00ed que contactemos, nuestro departamento de ventas le cotizar\u00e1 el mejor precio.<\/li>\n<\/ul>\n<\/li>\n<\/ul>\n<ul>\n<li><strong>\u00bfCual es su tiempo de entrega?<\/strong>\n<ul>\n<li>Muestreo 7-10 d\u00edas, pedido al por mayor 15-20 d\u00edas.<\/li>\n<\/ul>\n<\/li>\n<\/ul>\n<ul>\n<li><strong>\u00bfC\u00f3mo debo realizar el pago?<\/strong>\n<ul>\n<li>Le recomendamos pagar a trav\u00e9s de PayPal, Western Union, Money Program, Ali Pay en cantidades peque\u00f1as (menos de US$1000), T\/T para cantidades grandes. LC para valores superiores a 10000usd. <\/li>\n<\/ul>\n<\/li>\n<\/ul>\n<ul>\n<li><strong>\u00bfQu\u00e9 tipos de certificado tienes?<\/strong>\n<ul>\n<li>Licenciatura en Ciencias, FWF.<\/li>\n<\/ul>\n<\/li>\n<\/ul>\n<ul>\n<li><strong>\u00bfPueden sus corbatas cumplir con el est\u00e1ndar europeo?<\/strong>\n<ul>\n<li data-spm-anchor-id=\"a2700.wholesale.0.i42.612c71535Y8m7B\">S\u00ed, normalmente realizamos pruebas de BV para el cliente, como H&amp;M, PEACOCKS.<\/li>\n<\/ul>\n<\/li>\n<\/ul>\n<h3>\u00bfQuienes somos?<\/h3>\n<p><a href=\"https:\/\/logo-tie.com\">Corbata con logotipo<\/a>Fabricante: Shengzhou Covherlab Garment&amp;Accessories Co., Ltd, ubicada en Shaoxing, Zhejiang, China, es una de las f\u00e1bricas l\u00edderes en China. Nuestra empresa produce y vende principalmente productos de accesorios, basados \u200b\u200ben el desarrollo a largo plazo, enfoc\u00e1ndose en la gesti\u00f3n b\u00e1sica y la calidad del producto, tiene un sistema completo de prevenci\u00f3n, venta, servicio posventa y log\u00edstica de productos para cultivar la competitividad del mercado de productos. Desde su creaci\u00f3n, nuestra empresa se ha adherido a la filosof\u00eda empresarial de \u00abgesti\u00f3n de integridad, servicio de alta calidad y ganancias para los clientes\u00bb, dedicada a brindar a los clientes el mejor servicio de calidad y los mejores productos rentables, y aprovechar Internet para traer productos de calidad al mundo.<\/p>\n<p>Tenemos una capacidad de producci\u00f3n diaria de m\u00e1s de 8000 piezas de corbatas y otros accesorios para el cuello. Nuestra gama de productos incluye corbatas, tejidos te\u00f1idos para corbatas y prendas de vestir, bufandas y pa\u00f1uelos, chalecos, pajaritas y otros accesorios para el cuello. Nuestros productos se fabrican con excelente mano de obra, materia prima de primera calidad y equipos de alta gama. Por lo tanto, podemos ofrecerle la mejor calidad al precio m\u00e1s competitivo. Nos dedicamos plenamente a la exportaci\u00f3n, por lo que conocemos sus necesidades y nos comunicamos con usted profesionalmente en ingl\u00e9s. Nuestros clientes provienen de todo el mundo. Para seguir cerca de las tendencias internacionales m\u00e1s actuales, nuestros dise\u00f1adores crean 500 dise\u00f1os nuevos cada 3 meses para satisfacer sus necesidades de dise\u00f1os y colores de moda en todo el mundo. Nos hemos consolidado como una empresa honesta, confiable y con amplia experiencia, con la que nuestros clientes conf\u00edan y desean mantener una relaci\u00f3n comercial duradera. Si desea m\u00e1s informaci\u00f3n sobre nuestra empresa, los productos y los servicios que ofrecemos, cont\u00e1ctenos o visite nuestro sitio web. Le agradecemos enormemente su colaboraci\u00f3n, ya que esperamos establecer nuevas asociaciones con diversos amigos en todo el mundo.         <\/p>\n<\/div>\n<\/div>\n<p>&nbsp;<\/p>\n","protected":false},"excerpt":{"rendered":"<p>Somos fabricantes en China. Si desea adquirir corbatas en stock al precio m\u00e1s reciente, cons\u00faltenos a continuaci\u00f3n. <\/p>\n<p>Si necesita una corbata personalizada o realizar un pedido OEM\/ODM, env\u00ede su dise\u00f1o por CORREO ELECTR\u00d3NICO.<\/p>\n<p>Correo electr\u00f3nico:<a href=\"mailto:supply@tiesupplier.com\">suministro@tiesupplier.com<\/a><\/p>\n","protected":false},"featured_media":6079,"comment_status":"open","ping_status":"closed","template":"","meta":[],"product_cat":[273],"product_tag":[276,275,286,289,290,288],"class_list":["post-6078","product","type-product","status-publish","has-post-thumbnail","hentry","product_cat-atar","product_tag-corbata-al-por-mayor","product_tag-corbata-de-cuello","product_tag-corbata-de-microfibra","product_tag-corbata-de-poliester","product_tag-corbata-de-promocion","product_tag-corbata-de-rayas","pa_material-polyester"],"aioseo_notices":[],"_links":{"self":[{"href":"https:\/\/tiesupplier.com\/es\/wp-json\/wp\/v2\/product\/6078","targetHints":{"allow":["GET"]}}],"collection":[{"href":"https:\/\/tiesupplier.com\/es\/wp-json\/wp\/v2\/product"}],"about":[{"href":"https:\/\/tiesupplier.com\/es\/wp-json\/wp\/v2\/types\/product"}],"replies":[{"embeddable":true,"href":"https:\/\/tiesupplier.com\/es\/wp-json\/wp\/v2\/comments?post=6078"}],"version-history":[{"count":0,"href":"https:\/\/tiesupplier.com\/es\/wp-json\/wp\/v2\/product\/6078\/revisions"}],"wp:featuredmedia":[{"embeddable":true,"href":"https:\/\/tiesupplier.com\/es\/wp-json\/wp\/v2\/media\/6079"}],"wp:attachment":[{"href":"https:\/\/tiesupplier.com\/es\/wp-json\/wp\/v2\/media?parent=6078"}],"wp:term":[{"taxonomy":"product_cat","embeddable":true,"href":"https:\/\/tiesupplier.com\/es\/wp-json\/wp\/v2\/product_cat?post=6078"},{"taxonomy":"product_tag","embeddable":true,"href":"https:\/\/tiesupplier.com\/es\/wp-json\/wp\/v2\/product_tag?post=6078"}],"curies":[{"name":"wp","href":"https:\/\/api.w.org\/{rel}","templated":true}]}}