{"id":6109,"date":"2025-11-25T13:13:27","date_gmt":"2025-11-25T13:13:27","guid":{"rendered":"https:\/\/tiesupplier.com\/product\/corbata-con-rayas-azul-marino-y-logotipo-escolar\/"},"modified":"2025-11-25T13:13:27","modified_gmt":"2025-11-25T13:13:27","slug":"corbata-con-rayas-azul-marino-y-logotipo-escolar","status":"publish","type":"product","link":"https:\/\/tiesupplier.com\/es\/product\/corbata-con-rayas-azul-marino-y-logotipo-escolar\/","title":{"rendered":"Corbata con rayas azul marino y logotipo escolar"},"content":{"rendered":"<div class=\"J_module\">\n<p style=\"font-style: inherit; font-weight: inherit;\" data-id=\"paragraph0\"><b><strong><i><em data-spm-anchor-id=\"a2700.details.0.i22.2b6f49ba4zqTNf\">Accesorios para hombre: \u00a1centrate en la personalizaci\u00f3n! \u00a1Bienvenido a Tie Supplier!<\/em><\/i><\/strong><\/b><\/p>\n<table style=\"font-style: inherit; font-weight: inherit;\">\n<tbody style=\"font-style: inherit; font-weight: inherit;\">\n<tr style=\"font-style: inherit; font-weight: inherit;\">\n<td style=\"font-style: inherit; font-weight: 400;\" colspan=\"1\" rowspan=\"1\"><b><strong>Producto<\/strong><\/b><\/td>\n<td style=\"font-style: inherit; font-weight: 400;\" colspan=\"4\" rowspan=\"1\">Corbata, pajarita, pa\u00f1uelo de bolsillo, pa\u00f1uelo, bufandas de invierno, bufandas estampadas, liguero, cintur\u00f3n, pa\u00f1uelo Ascot, gravata, gemelos, alfiler de corbata, caja de regalo, etc.<\/td>\n<\/tr>\n<tr style=\"font-style: inherit; font-weight: inherit;\">\n<td style=\"font-style: inherit; font-weight: 400;\" colspan=\"1\" rowspan=\"1\"><b><strong data-spm-anchor-id=\"0.0.0.i29.39104f05lpTpHW\">Dise\u00f1o, Color y Logotipo<\/strong><\/b><\/td>\n<td style=\"font-style: inherit; font-weight: 400;\" colspan=\"4\" rowspan=\"1\">\n<p data-spm-anchor-id=\"0.0.0.i17.39104f05lpTpHW\">Bienvenido personalizado. \u00a1Personalizaci\u00f3n especial para ti!<\/p>\n<\/td>\n<\/tr>\n<tr style=\"font-style: inherit; font-weight: inherit;\">\n<td style=\"font-style: inherit; font-weight: 400;\" colspan=\"1\" rowspan=\"1\"><b><strong>Material<\/strong><\/b><\/td>\n<td style=\"font-style: inherit; font-weight: 400;\" colspan=\"4\" rowspan=\"1\">Seda pura, poli\u00e9ster, microfibra, lana, algod\u00f3n, estampado, sarga de seda de 16 mm, sat\u00e9n de seda de 16 mm, sarga de poli\u00e9ster, sat\u00e9n de poli\u00e9ster, viscosa, acr\u00edlico, lino, etc.<\/td>\n<\/tr>\n<tr style=\"font-style: inherit; font-weight: inherit;\">\n<td style=\"font-style: inherit; font-weight: 400;\" colspan=\"1\" rowspan=\"1\"><b><strong>Accesorios<\/strong><\/b><\/td>\n<td style=\"font-style: inherit; font-weight: 400;\" colspan=\"4\" rowspan=\"1\">Etiqueta principal personalizada, etiqueta de cuidado, c\u00f3digo de barras, pegatinas, bolsa de polietileno, caja de regalo, etc.<\/td>\n<\/tr>\n<tr style=\"font-style: inherit; font-weight: inherit;\">\n<td style=\"font-style: inherit; font-weight: 400;\" colspan=\"1\" rowspan=\"1\"><b><strong>Obra de arte<\/strong><\/b><\/td>\n<td style=\"font-style: inherit; font-weight: 400;\" colspan=\"4\" rowspan=\"1\">Archivos de dise\u00f1o en formato AI, CDR, PDF, JPG<\/td>\n<\/tr>\n<tr style=\"font-style: inherit; font-weight: inherit;\">\n<td style=\"font-style: inherit; font-weight: 400;\" colspan=\"1\" rowspan=\"1\"><b><strong>Paquete<\/strong><\/b><\/td>\n<td style=\"font-style: inherit; font-weight: 400;\" colspan=\"4\" rowspan=\"1\">Una pieza en una bolsa de polietileno, 100 piezas\/caja interior, 3 cajas interiores en una caja de cart\u00f3n con bolsa impermeable. O personalizado.<\/td>\n<\/tr>\n<tr style=\"font-style: inherit; font-weight: inherit;\">\n<td style=\"font-style: inherit; font-weight: 400;\" colspan=\"1\" rowspan=\"1\"><b><strong>Tama\u00f1o<\/strong><\/b><\/td>\n<td style=\"font-style: inherit; font-weight: 400;\" colspan=\"4\" rowspan=\"1\">(5 &#8211; 9) CM de ancho, (110 &#8211; 165) CM de largo: seg\u00fan la solicitud espec\u00edfica del cliente.<\/td>\n<\/tr>\n<tr style=\"font-style: inherit; font-weight: inherit;\">\n<td style=\"font-style: inherit; font-weight: 400;\" colspan=\"1\" rowspan=\"1\"><b><strong>Costo de muestra<\/strong><\/b><\/td>\n<td style=\"font-style: inherit; font-weight: 400;\" colspan=\"4\" rowspan=\"1\">Muestra de stock disponible de forma gratuita. Solo tienes que pagar el costo de env\u00edo de DHL.<\/td>\n<\/tr>\n<tr style=\"font-style: inherit; font-weight: inherit;\">\n<td style=\"font-style: inherit; font-weight: 400;\" colspan=\"1\" rowspan=\"1\"><b><strong>Tiempo de muestra y tiempo de masa<\/strong><\/b><\/td>\n<td style=\"font-style: inherit; font-weight: 400;\" colspan=\"4\" rowspan=\"1\">Tiempo de muestra alrededor de 7 a 15 d\u00edas h\u00e1biles; Tiempo de entrega al por mayor alrededor de 4 a 6 semanas.<\/td>\n<\/tr>\n<tr style=\"font-style: inherit; font-weight: inherit;\">\n<td style=\"font-style: inherit; font-weight: 400;\" colspan=\"1\" rowspan=\"1\"><b><strong>Cantidad m\u00ednima de pedido<\/strong><\/b><\/td>\n<td style=\"font-style: inherit; font-weight: 400;\" colspan=\"4\" rowspan=\"1\">50 piezas<\/td>\n<\/tr>\n<tr style=\"font-style: inherit; font-weight: inherit;\">\n<td style=\"font-style: inherit; font-weight: 400;\" colspan=\"1\" rowspan=\"1\"><b><strong>Plaza de pago<\/strong><\/b><\/td>\n<td style=\"font-style: inherit; font-weight: 400;\" colspan=\"4\" rowspan=\"1\">T\/T, Western Union, efectivo, Paypal, Trade Assurance, otros pueden negociarse.<\/td>\n<\/tr>\n<tr style=\"font-style: inherit; font-weight: inherit;\">\n<td style=\"font-style: inherit; font-weight: 400;\" colspan=\"1\" rowspan=\"1\"><b><strong>Env\u00edo<\/strong><\/b><\/td>\n<td style=\"font-style: inherit; font-weight: 400;\" colspan=\"4\" rowspan=\"1\">\n<p data-spm-anchor-id=\"a2700.details.0.i21.2b6f49ba4zqTNf\">Por aire o DHL, Fedex, TNT o mar, etc.<\/p>\n<\/td>\n<\/tr>\n<\/tbody>\n<\/table>\n<\/div>\n<h3 style=\"text-align: center;\"><strong>\u00bfQuienes somos?<\/strong><\/h3>\n<p>Fabricante proveedor de corbatas: Shengzhou Covherlab Garment&amp;Accessories Co., Ltd, ubicada en Shaoxing, Zhejiang, China, es una de las f\u00e1bricas l\u00edderes en China. Nuestra empresa produce y vende principalmente productos de accesorios, basados \u200b\u200ben el desarrollo a largo plazo, enfoc\u00e1ndose en la gesti\u00f3n b\u00e1sica y la calidad del producto, tiene un sistema completo de prevenci\u00f3n, venta, servicio posventa y log\u00edstica de productos para cultivar la competitividad del mercado de productos. Desde su creaci\u00f3n, nuestra empresa se ha adherido a la filosof\u00eda empresarial de \u00abgesti\u00f3n de integridad, servicio de alta calidad y ganancias para los clientes\u00bb, dedicada a brindar a los clientes el mejor servicio de calidad y los mejores productos rentables, y aprovechar Internet para traer productos de calidad al mundo.<\/p>\n<p>Tenemos una capacidad de producci\u00f3n diaria de m\u00e1s de 8000 piezas de corbatas y otros accesorios para el cuello. Nuestra gama de productos incluye corbatas, tejidos te\u00f1idos para corbatas y prendas de vestir, bufandas y pa\u00f1uelos, chalecos, pajaritas y otros accesorios para el cuello. Nuestros productos se fabrican con excelente mano de obra, materia prima de primera calidad y equipos de alta gama. Por lo tanto, podemos ofrecerle la mejor calidad al precio m\u00e1s competitivo. Nos dedicamos plenamente a la exportaci\u00f3n, por lo que conocemos sus necesidades y nos comunicamos con usted profesionalmente en ingl\u00e9s. Nuestros clientes provienen de todo el mundo. Para seguir cerca de las tendencias internacionales m\u00e1s actuales, nuestros dise\u00f1adores crean 500 dise\u00f1os nuevos cada 3 meses para satisfacer sus necesidades de dise\u00f1os y colores de moda en todo el mundo. Nos hemos consolidado como una empresa honesta, confiable y con amplia experiencia, con la que nuestros clientes conf\u00edan y desean mantener una relaci\u00f3n comercial duradera. Si desea m\u00e1s informaci\u00f3n sobre nuestra empresa, los productos y los servicios que ofrecemos, cont\u00e1ctenos o visite nuestro sitio web. Le agradecemos enormemente su colaboraci\u00f3n, ya que esperamos establecer nuevas asociaciones con diversos amigos en todo el mundo.         <\/p>\n<div class=\"J_module\">\n<div class=\"detail-decorate-json-renderer-container\">\n<div class=\"magic-20\">\n<h3 class=\"magic-22\" style=\"text-align: center;\" data-spm-anchor-id=\"a2700.details.0.i21.58c05998YmFRA6\"><strong>\u00bfPOR QU\u00c9 ELEGIRNOS?<\/strong><\/h3>\n<div class=\"magic-23\">\n<div class=\"magic-24\">\n<div class=\"magic-25\">\n<p class=\"magic-26\" data-spm-anchor-id=\"a2700.details.0.i24.58c05998YmFRA6\">P: \u00bfCu\u00e1l es el mejor precio que puedes ofrecer? R: El precio depende del material, la cantidad, el dise\u00f1o y el logotipo. Por favor, h\u00e1ganos saber m\u00e1s detalles de su producto, le ofreceremos nuestro mejor precio y calidad. P: \u00bfPuedo realizar un pedido de muestra? A: S\u00ed, los pedidos de muestra ser\u00e1n bienvenidos. Realice un pedido de muestras a trav\u00e9s de Alibaba Trade Assurance. P: \u00bfPuedo usar mi propio logotipo o dise\u00f1o? R: S\u00ed, disponemos de logotipos y dise\u00f1os personalizados para producci\u00f3n masiva. P: \u00bfTiene alg\u00fan MOQ para pedidos personalizados? R: S\u00ed, todo depende de dise\u00f1os espec\u00edficos. P: \u00bfCu\u00e1l es su plazo de entrega y tiempo de env\u00edo? A: Plazo de entrega: aproximadamente 15-25 d\u00edas despu\u00e9s de confirmado el pedido. Tiempo de env\u00edo: normalmente alrededor de 3-7 d\u00edas P: \u00bfCu\u00e1l es su m\u00e9todo de env\u00edo para nuestros productos? A: Normalmente por Fedex, DHL, UPS o TNT servicio puerta a puerta.<\/p>\n<\/div>\n<\/div>\n<\/div>\n<\/div>\n<\/div>\n<\/div>\n","protected":false},"excerpt":{"rendered":"<p>Somos fabricantes en China. Si desea adquirir corbatas en stock al precio m\u00e1s reciente, cons\u00faltenos a continuaci\u00f3n. <\/p>\n<p>Si necesita una corbata personalizada o realizar un pedido OEM\/ODM, env\u00ede su dise\u00f1o por CORREO ELECTR\u00d3NICO.<\/p>\n<p>Correo electr\u00f3nico:<a href=\"mailto:supply@tiesupplier.com\">suministro@tiesupplier.com<\/a><\/p>\n","protected":false},"featured_media":6110,"comment_status":"open","ping_status":"closed","template":"","meta":[],"product_cat":[273],"product_tag":[281,275,282,291],"class_list":["post-6109","product","type-product","status-publish","has-post-thumbnail","hentry","product_cat-atar","product_tag-corbata-con-logotipo","product_tag-corbata-de-cuello","product_tag-corbata-personalizada","product_tag-hombres"],"aioseo_notices":[],"_links":{"self":[{"href":"https:\/\/tiesupplier.com\/es\/wp-json\/wp\/v2\/product\/6109","targetHints":{"allow":["GET"]}}],"collection":[{"href":"https:\/\/tiesupplier.com\/es\/wp-json\/wp\/v2\/product"}],"about":[{"href":"https:\/\/tiesupplier.com\/es\/wp-json\/wp\/v2\/types\/product"}],"replies":[{"embeddable":true,"href":"https:\/\/tiesupplier.com\/es\/wp-json\/wp\/v2\/comments?post=6109"}],"version-history":[{"count":0,"href":"https:\/\/tiesupplier.com\/es\/wp-json\/wp\/v2\/product\/6109\/revisions"}],"wp:featuredmedia":[{"embeddable":true,"href":"https:\/\/tiesupplier.com\/es\/wp-json\/wp\/v2\/media\/6110"}],"wp:attachment":[{"href":"https:\/\/tiesupplier.com\/es\/wp-json\/wp\/v2\/media?parent=6109"}],"wp:term":[{"taxonomy":"product_cat","embeddable":true,"href":"https:\/\/tiesupplier.com\/es\/wp-json\/wp\/v2\/product_cat?post=6109"},{"taxonomy":"product_tag","embeddable":true,"href":"https:\/\/tiesupplier.com\/es\/wp-json\/wp\/v2\/product_tag?post=6109"}],"curies":[{"name":"wp","href":"https:\/\/api.w.org\/{rel}","templated":true}]}}