{"id":6113,"date":"2025-11-25T13:13:27","date_gmt":"2025-11-25T13:13:27","guid":{"rendered":"https:\/\/tiesupplier.com\/product\/corbata-con-el-logotipo-de-una-compania-de-seguros-de-vida-de-china\/"},"modified":"2025-11-25T13:13:27","modified_gmt":"2025-11-25T13:13:27","slug":"corbata-con-el-logotipo-de-una-compania-de-seguros-de-vida-de-china","status":"publish","type":"product","link":"https:\/\/tiesupplier.com\/es\/product\/corbata-con-el-logotipo-de-una-compania-de-seguros-de-vida-de-china\/","title":{"rendered":"Corbata con el logotipo de una compa\u00f1\u00eda de seguros de vida de China"},"content":{"rendered":"<div class=\"J_module\">\n<h3 id=\"ali-anchor-AliMagic-wd8abh\" class=\"magic-3\" style=\"text-align: center;\" data-section=\"AliMagic-wd8abh\" data-section-title=\"Product Paramenters\"><strong>Par\u00e1metros del producto<\/strong><\/h3>\n<\/div>\n<div class=\"J_module\">\n<div class=\"ife-detail-decorate-table\">\n<table class=\"all magic-4\">\n<tbody>\n<tr>\n<td colspan=\"1\" rowspan=\"1\">\n<div class=\"magic-5\">\n<div class=\"magic-6\">Material<\/div>\n<\/div>\n<\/td>\n<td colspan=\"1\" rowspan=\"1\">\n<div class=\"magic-7\">\n<div class=\"magic-6\">poli\u00e9ster, seda, algod\u00f3n<\/div>\n<\/div>\n<\/td>\n<\/tr>\n<tr>\n<td colspan=\"1\" rowspan=\"1\">\n<div class=\"magic-5\">\n<div class=\"magic-6\">Dimensi\u00f3n<\/div>\n<\/div>\n<\/td>\n<td colspan=\"1\" rowspan=\"1\">\n<div class=\"magic-7\">\n<div class=\"magic-6\" data-spm-anchor-id=\"a2700.details.0.i21.19e028b0EVyNyz\">Disponible en longitud de 55\u00bb a 63\u00bb y ancho de 1,6\u00bb<\/div>\n<\/div>\n<\/td>\n<\/tr>\n<tr>\n<td colspan=\"1\" rowspan=\"1\">\n<div class=\"magic-5\">\n<div class=\"magic-6\">Paquete<\/div>\n<\/div>\n<\/td>\n<td colspan=\"1\" rowspan=\"1\">\n<div class=\"magic-7\">\n<div class=\"magic-6\">1 pieza\/bolsa de polipropileno<\/div>\n<\/div>\n<\/td>\n<\/tr>\n<tr>\n<td colspan=\"1\" rowspan=\"1\">\n<div class=\"magic-8\">\n<div class=\"magic-6\">Etiqueta principal y etiqueta de cuidado<\/div>\n<\/div>\n<\/td>\n<td colspan=\"1\" rowspan=\"1\">\n<div class=\"magic-9\">\n<div class=\"magic-6\">Seg\u00fan la solicitud del cliente<\/div>\n<\/div>\n<\/td>\n<\/tr>\n<tr>\n<td colspan=\"1\" rowspan=\"1\">\n<div class=\"magic-8\">\n<div class=\"magic-6\">Precio<\/div>\n<\/div>\n<\/td>\n<td colspan=\"1\" rowspan=\"1\">\n<div class=\"magic-9\">\n<div class=\"magic-6\">Negociable, seg\u00fan tus preferencias<\/div>\n<div class=\"magic-6\">Tela, tama\u00f1o, cantidad y dise\u00f1o<\/div>\n<\/div>\n<\/td>\n<\/tr>\n<tr>\n<td colspan=\"1\" rowspan=\"1\">\n<div class=\"magic-8\">\n<div class=\"magic-6\">G.W.<\/div>\n<\/div>\n<\/td>\n<td colspan=\"1\" rowspan=\"1\">\n<div class=\"magic-9\">\n<div class=\"magic-6\">Alrededor de 18 kg, 300 piezas\/caja sin caja de regalo<\/div>\n<\/div>\n<\/td>\n<\/tr>\n<tr>\n<td colspan=\"1\" rowspan=\"1\">\n<div class=\"magic-8\">\n<div class=\"magic-6\">Tama\u00f1o de la caja<\/div>\n<\/div>\n<\/td>\n<td colspan=\"1\" rowspan=\"1\">\n<div class=\"magic-9\">\n<div class=\"magic-6\" data-spm-anchor-id=\"a2700.details.0.i15.19e028b0EVyNyz\">80*34*35 cm<\/div>\n<\/div>\n<\/td>\n<\/tr>\n<\/tbody>\n<\/table>\n<\/div>\n<h3><strong>\u00bfQuienes somos?<\/strong><\/h3>\n<p>Fabricante proveedor de corbatas: Shengzhou Covherlab Garment&amp;Accessories Co., Ltd, ubicada en Shaoxing, Zhejiang, China, es una de las f\u00e1bricas l\u00edderes en China. Nuestra empresa produce y vende principalmente productos de accesorios, basados \u200b\u200ben el desarrollo a largo plazo, enfoc\u00e1ndose en la gesti\u00f3n b\u00e1sica y la calidad del producto, tiene un sistema completo de prevenci\u00f3n, venta, servicio posventa y log\u00edstica de productos para cultivar la competitividad del mercado de productos. Desde su creaci\u00f3n, nuestra empresa se ha adherido a la filosof\u00eda empresarial de \u00abgesti\u00f3n de integridad, servicio de alta calidad y ganancias para los clientes\u00bb, dedicada a brindar a los clientes el mejor servicio de calidad y los mejores productos rentables, y aprovechar Internet para traer productos de calidad al mundo.<\/p>\n<p>Tenemos una capacidad de producci\u00f3n diaria de m\u00e1s de 8000 piezas de corbatas y otros accesorios para el cuello. Nuestra gama de productos incluye corbatas, tejidos te\u00f1idos para corbatas y prendas de vestir, bufandas y pa\u00f1uelos, chalecos, pajaritas y otros accesorios para el cuello. Nuestros productos se fabrican con excelente mano de obra, materia prima de primera calidad y equipos de alta gama. Por lo tanto, podemos ofrecerle la mejor calidad al precio m\u00e1s competitivo. Nos dedicamos plenamente a la exportaci\u00f3n, por lo que conocemos sus necesidades y nos comunicamos con usted profesionalmente en ingl\u00e9s. Nuestros clientes provienen de todo el mundo. Para seguir cerca de las tendencias internacionales m\u00e1s actuales, nuestros dise\u00f1adores crean 500 dise\u00f1os nuevos cada 3 meses para satisfacer sus necesidades de dise\u00f1os y colores de moda en todo el mundo. Nos hemos consolidado como una empresa honesta, confiable y con amplia experiencia, con la que nuestros clientes conf\u00edan y desean mantener una relaci\u00f3n comercial duradera. Si desea m\u00e1s informaci\u00f3n sobre nuestra empresa, los productos y los servicios que ofrecemos, cont\u00e1ctenos o visite nuestro sitio web. Le agradecemos enormemente su colaboraci\u00f3n, ya que esperamos establecer nuevas asociaciones con diversos amigos en todo el mundo.         <\/p>\n<p>&nbsp;<\/p>\n<p><span style=\"font-style: inherit; font-weight: inherit;\"><span data-spm-anchor-id=\"a2700.details.0.i28.326c4d22F5qB04\">Artesan\u00edas exquisitas<\/span><\/span><\/p>\n<p><b><strong style=\"font-style: inherit;\">Utilizando tela de seda de morera 100% de alta densidad y alta calidad, delicada y suave, brillante y sedosa, saludable y respetuosa con el medio ambiente, y no es f\u00e1cil que se arrugue despu\u00e9s de usarla muchas veces.<\/strong><\/b><\/p>\n<p style=\"font-style: inherit;\">Dise\u00f1o profesional<\/p>\n<p><b><strong style=\"font-style: inherit;\">Tecnolog\u00eda de corte tridimensional, corte est\u00e1ndar de 45 grados. La pajarita es tridimensional, completa y elegante, mostrando el encanto de los hombres.<\/strong><\/b><\/p>\n<p style=\"font-style: inherit;\">Tecnolog\u00eda de te\u00f1ido de hilo<\/p>\n<p style=\"font-style: inherit; font-weight: inherit;\"><b><strong>La exclusiva tecnolog\u00eda de te\u00f1ido de hilo hace que la corbata tenga un color brillante y una textura de alta calidad.<\/strong><\/b><\/p>\n<\/div>\n","protected":false},"excerpt":{"rendered":"<p>Somos fabricantes en China. Si desea adquirir corbatas en stock al precio m\u00e1s reciente, cons\u00faltenos a continuaci\u00f3n. <\/p>\n<p>Si necesita una corbata personalizada o realizar un pedido OEM\/ODM, env\u00ede su dise\u00f1o por CORREO ELECTR\u00d3NICO.<\/p>\n<p>Correo electr\u00f3nico:<a href=\"mailto:supply@tiesupplier.com\">suministro@tiesupplier.com<\/a><\/p>\n","protected":false},"featured_media":6114,"comment_status":"open","ping_status":"closed","template":"","meta":[],"product_cat":[273],"product_tag":[281,275,286,289,288,282],"class_list":["post-6113","product","type-product","status-publish","has-post-thumbnail","hentry","product_cat-atar","product_tag-corbata-con-logotipo","product_tag-corbata-de-cuello","product_tag-corbata-de-microfibra","product_tag-corbata-de-poliester","product_tag-corbata-de-rayas","product_tag-corbata-personalizada","pa_material-polyester"],"aioseo_notices":[],"_links":{"self":[{"href":"https:\/\/tiesupplier.com\/es\/wp-json\/wp\/v2\/product\/6113","targetHints":{"allow":["GET"]}}],"collection":[{"href":"https:\/\/tiesupplier.com\/es\/wp-json\/wp\/v2\/product"}],"about":[{"href":"https:\/\/tiesupplier.com\/es\/wp-json\/wp\/v2\/types\/product"}],"replies":[{"embeddable":true,"href":"https:\/\/tiesupplier.com\/es\/wp-json\/wp\/v2\/comments?post=6113"}],"version-history":[{"count":0,"href":"https:\/\/tiesupplier.com\/es\/wp-json\/wp\/v2\/product\/6113\/revisions"}],"wp:featuredmedia":[{"embeddable":true,"href":"https:\/\/tiesupplier.com\/es\/wp-json\/wp\/v2\/media\/6114"}],"wp:attachment":[{"href":"https:\/\/tiesupplier.com\/es\/wp-json\/wp\/v2\/media?parent=6113"}],"wp:term":[{"taxonomy":"product_cat","embeddable":true,"href":"https:\/\/tiesupplier.com\/es\/wp-json\/wp\/v2\/product_cat?post=6113"},{"taxonomy":"product_tag","embeddable":true,"href":"https:\/\/tiesupplier.com\/es\/wp-json\/wp\/v2\/product_tag?post=6113"}],"curies":[{"name":"wp","href":"https:\/\/api.w.org\/{rel}","templated":true}]}}