{"id":6169,"date":"2025-11-25T13:13:26","date_gmt":"2025-11-25T13:13:26","guid":{"rendered":"https:\/\/tiesupplier.com\/product\/corbata-cuadrada-roja-de-alta-calidad\/"},"modified":"2025-11-25T13:13:26","modified_gmt":"2025-11-25T13:13:26","slug":"corbata-cuadrada-roja-de-alta-calidad","status":"publish","type":"product","link":"https:\/\/tiesupplier.com\/es\/product\/corbata-cuadrada-roja-de-alta-calidad\/","title":{"rendered":"Corbata cuadrada roja de alta calidad"},"content":{"rendered":"<table class=\"all magic-19\">\n<tbody>\n<tr>\n<td colspan=\"1\" rowspan=\"1\">\n<div class=\"magic-21\"><\/div>\n<\/td>\n<td colspan=\"1\" rowspan=\"1\">\n<div class=\"magic-22\"><\/div>\n<\/td>\n<td colspan=\"1\" rowspan=\"1\">\n<div class=\"magic-23\"><\/div>\n<\/td>\n<td colspan=\"1\" rowspan=\"1\">\n<div class=\"magic-24\"><\/div>\n<\/td>\n<\/tr>\n<tr>\n<td colspan=\"1\" rowspan=\"1\">\n<div class=\"magic-20\">1:<\/div>\n<\/td>\n<td colspan=\"1\" rowspan=\"1\">\n<div class=\"magic-21\">Tela<\/div>\n<\/td>\n<td colspan=\"1\" rowspan=\"1\">\n<div class=\"magic-22\">100 % seda, poli\u00e9ster, lino, lana y tejido de punto<\/div>\n<\/td>\n<td colspan=\"1\" rowspan=\"1\">\n<div class=\"magic-23\"><\/div>\n<\/td>\n<td colspan=\"1\" rowspan=\"1\">\n<div class=\"magic-24\"><\/div>\n<\/td>\n<\/tr>\n<tr>\n<td colspan=\"1\" rowspan=\"1\">\n<div class=\"magic-20\">2:<\/div>\n<\/td>\n<td colspan=\"1\" rowspan=\"1\">\n<div class=\"magic-21\">Talla de corbata<\/div>\n<\/td>\n<td colspan=\"1\" rowspan=\"1\">\n<div class=\"magic-22\" data-spm-anchor-id=\"a2700.wholesale.0.i33.67d37892vfySEJ\">Largo: 148 cm, ancho: 5-9,0 cm, extremo peque\u00f1o: 4,0 cm o seg\u00fan su solicitud<\/div>\n<\/td>\n<td colspan=\"1\" rowspan=\"1\">\n<div class=\"magic-23\"><\/div>\n<\/td>\n<td colspan=\"1\" rowspan=\"1\">\n<div class=\"magic-24\"><\/div>\n<\/td>\n<\/tr>\n<tr>\n<td colspan=\"1\" rowspan=\"1\">\n<div class=\"magic-20\">3:<\/div>\n<\/td>\n<td colspan=\"1\" rowspan=\"1\">\n<div class=\"magic-21\">Forma<\/div>\n<\/td>\n<td colspan=\"1\" rowspan=\"1\">\n<div class=\"magic-22\">Forma de botella, forma delgada, recta o seg\u00fan su solicitud.<\/div>\n<\/td>\n<td colspan=\"1\" rowspan=\"1\">\n<div class=\"magic-23\"><\/div>\n<\/td>\n<td colspan=\"1\" rowspan=\"1\">\n<div class=\"magic-24\"><\/div>\n<\/td>\n<\/tr>\n<tr>\n<td colspan=\"1\" rowspan=\"1\">\n<div class=\"magic-25\">4:<\/div>\n<\/td>\n<td colspan=\"1\" rowspan=\"1\">\n<div class=\"magic-26\">Corte<\/div>\n<\/td>\n<td colspan=\"1\" rowspan=\"1\">\n<div class=\"magic-27\">1<\/div>\n<\/td>\n<td colspan=\"1\" rowspan=\"1\">\n<div class=\"magic-28\"><\/div>\n<\/td>\n<td colspan=\"1\" rowspan=\"1\">\n<div class=\"magic-29\"><\/div>\n<\/td>\n<\/tr>\n<tr>\n<td colspan=\"1\" rowspan=\"1\">\n<div class=\"magic-25\">5:<\/div>\n<\/td>\n<td colspan=\"1\" rowspan=\"1\">\n<div class=\"magic-26\">Entretela<\/div>\n<\/td>\n<td colspan=\"1\" rowspan=\"1\">\n<div class=\"magic-27\">400 g de poli\u00e9ster o seg\u00fan su solicitud<\/div>\n<\/td>\n<td colspan=\"1\" rowspan=\"1\">\n<div class=\"magic-28\"><\/div>\n<\/td>\n<td colspan=\"1\" rowspan=\"1\">\n<div class=\"magic-29\"><\/div>\n<\/td>\n<\/tr>\n<tr>\n<td colspan=\"1\" rowspan=\"1\">\n<div class=\"magic-25\">6\uff1a<\/div>\n<\/td>\n<td colspan=\"1\" rowspan=\"1\">\n<div class=\"magic-26\">Propinas<\/div>\n<\/td>\n<td colspan=\"1\" rowspan=\"1\">\n<div class=\"magic-27\">Sencillo, autobasculante o seg\u00fan su solicitud.<\/div>\n<\/td>\n<td colspan=\"1\" rowspan=\"1\">\n<div class=\"magic-28\"><\/div>\n<\/td>\n<td colspan=\"1\" rowspan=\"1\">\n<div class=\"magic-29\"><\/div>\n<\/td>\n<\/tr>\n<tr>\n<td colspan=\"1\" rowspan=\"1\">\n<div class=\"magic-25\">7:<\/div>\n<\/td>\n<td colspan=\"1\" rowspan=\"1\">\n<div class=\"magic-26\">Etiqueta principal<\/div>\n<\/td>\n<td colspan=\"1\" rowspan=\"1\">\n<div class=\"magic-27\">Marca personalizada<\/div>\n<\/td>\n<td colspan=\"1\" rowspan=\"1\">\n<div class=\"magic-28\"><\/div>\n<\/td>\n<td colspan=\"1\" rowspan=\"1\">\n<div class=\"magic-29\"><\/div>\n<\/td>\n<\/tr>\n<tr>\n<td colspan=\"1\" rowspan=\"1\">\n<div class=\"magic-25\">8:<\/div>\n<\/td>\n<td colspan=\"1\" rowspan=\"1\">\n<div class=\"magic-26\">Etiqueta de cuidado<\/div>\n<\/td>\n<td colspan=\"1\" rowspan=\"1\">\n<div class=\"magic-27\">Etiqueta de cuidado personalizada<\/div>\n<\/td>\n<td colspan=\"1\" rowspan=\"1\">\n<div class=\"magic-28\"><\/div>\n<\/td>\n<td colspan=\"1\" rowspan=\"1\">\n<div class=\"magic-29\"><\/div>\n<\/td>\n<\/tr>\n<tr>\n<td colspan=\"1\" rowspan=\"1\">\n<div class=\"magic-25\">9:<\/div>\n<\/td>\n<td colspan=\"1\" rowspan=\"1\">\n<div class=\"magic-26\">Presilla<\/div>\n<\/td>\n<td colspan=\"1\" rowspan=\"1\">\n<div class=\"magic-27\">Flor normal o seg\u00fan su solicitud.<\/div>\n<\/td>\n<td colspan=\"1\" rowspan=\"1\">\n<div class=\"magic-28\"><\/div>\n<\/td>\n<td colspan=\"1\" rowspan=\"1\">\n<div class=\"magic-29\"><\/div>\n<\/td>\n<\/tr>\n<tr>\n<td colspan=\"1\" rowspan=\"1\">\n<div class=\"magic-25\">10:<\/div>\n<\/td>\n<td colspan=\"1\" rowspan=\"1\">\n<div class=\"magic-26\">Bucle<\/div>\n<\/td>\n<td colspan=\"1\" rowspan=\"1\">\n<div class=\"magic-27\">Bucle largo o bucle corto<\/div>\n<\/td>\n<td colspan=\"1\" rowspan=\"1\">\n<div class=\"magic-28\"><\/div>\n<\/td>\n<td colspan=\"1\" rowspan=\"1\">\n<div class=\"magic-29\"><\/div>\n<\/td>\n<\/tr>\n<tr>\n<td colspan=\"1\" rowspan=\"1\">\n<div class=\"magic-25\">11:<\/div>\n<\/td>\n<td colspan=\"1\" rowspan=\"1\">\n<div class=\"magic-26\">Paquete<\/div>\n<\/td>\n<td colspan=\"1\" rowspan=\"1\">\n<div class=\"magic-27\">1 pieza con bolsa de polietileno, 100 piezas\/caja interior, 2 cajas interiores\/caja exterior<\/div>\n<\/td>\n<td colspan=\"1\" rowspan=\"1\">\n<div class=\"magic-28\"><\/div>\n<\/td>\n<td colspan=\"1\" rowspan=\"1\">\n<div class=\"magic-29\"><\/div>\n<\/td>\n<\/tr>\n<tr>\n<td colspan=\"1\" rowspan=\"1\">\n<div class=\"magic-25\">12:<\/div>\n<\/td>\n<td colspan=\"1\" rowspan=\"1\">\n<div class=\"magic-26\">Gama de precios<\/div>\n<\/td>\n<td colspan=\"1\" rowspan=\"1\">\n<div class=\"magic-27\">$0,65-$5,5\/pieza<\/div>\n<\/td>\n<td colspan=\"1\" rowspan=\"1\">\n<div class=\"magic-28\"><\/div>\n<\/td>\n<td colspan=\"1\" rowspan=\"1\">\n<div class=\"magic-29\"><\/div>\n<\/td>\n<\/tr>\n<tr>\n<td colspan=\"1\" rowspan=\"1\">\n<div class=\"magic-25\">13:<\/div>\n<\/td>\n<td colspan=\"1\" rowspan=\"1\">\n<div class=\"magic-26\">Cantidad m\u00ednima de pedido<\/div>\n<\/td>\n<td colspan=\"1\" rowspan=\"1\">\n<div class=\"magic-27\">100 piezas por color<\/div>\n<\/td>\n<td colspan=\"1\" rowspan=\"1\">\n<div class=\"magic-28\"><\/div>\n<\/td>\n<td colspan=\"1\" rowspan=\"1\">\n<div class=\"magic-29\"><\/div>\n<\/td>\n<\/tr>\n<tr>\n<td colspan=\"1\" rowspan=\"1\">\n<div class=\"magic-25\">14:<\/div>\n<\/td>\n<td colspan=\"1\" rowspan=\"1\">\n<div class=\"magic-26\">Entrega de muestra<\/div>\n<\/td>\n<td colspan=\"1\" rowspan=\"1\">\n<div class=\"magic-27\">5-10 d\u00edas<\/div>\n<\/td>\n<td colspan=\"1\" rowspan=\"1\">\n<div class=\"magic-28\"><\/div>\n<\/td>\n<td colspan=\"1\" rowspan=\"1\">\n<div class=\"magic-29\"><\/div>\n<\/td>\n<\/tr>\n<tr>\n<td colspan=\"1\" rowspan=\"1\">\n<div class=\"magic-25\">15:<\/div>\n<\/td>\n<td colspan=\"1\" rowspan=\"1\">\n<div class=\"magic-26\">Entrega de pedidos<\/div>\n<\/td>\n<td colspan=\"1\" rowspan=\"1\">\n<div class=\"magic-27\">15-25 d\u00edas<\/div>\n<\/td>\n<td colspan=\"1\" rowspan=\"1\">\n<div class=\"magic-28\"><\/div>\n<\/td>\n<td colspan=\"1\" rowspan=\"1\">\n<div class=\"magic-29\"><\/div>\n<\/td>\n<\/tr>\n<tr>\n<td colspan=\"1\" rowspan=\"1\">\n<div class=\"magic-25\">16:<\/div>\n<\/td>\n<td colspan=\"1\" rowspan=\"1\">\n<div class=\"magic-26\">G.W.:<\/div>\n<\/td>\n<td colspan=\"1\" rowspan=\"1\">\n<div class=\"magic-27\">14 kg\/caja, 240 piezas de corbata normal<\/div>\n<\/td>\n<td colspan=\"1\" rowspan=\"1\">\n<div class=\"magic-28\" data-spm-anchor-id=\"a2700.wholesale.0.i16.67d37892vfySEJ\"><\/div>\n<\/td>\n<td colspan=\"1\" rowspan=\"1\">\n<div class=\"magic-29\"><\/div>\n<\/td>\n<\/tr>\n<tr>\n<td colspan=\"1\" rowspan=\"1\">\n<div class=\"magic-25\">17:<\/div>\n<\/td>\n<td colspan=\"1\" rowspan=\"1\">\n<div class=\"magic-26\">Tama\u00f1o de la caja<\/div>\n<\/td>\n<td colspan=\"1\" rowspan=\"1\">\n<div class=\"magic-27\" data-spm-anchor-id=\"a2700.wholesale.0.i15.67d37892vfySEJ\">82 * 36 * 30 cm o seg\u00fan solicitud<\/div>\n<\/td>\n<\/tr>\n<\/tbody>\n<\/table>\n<p>&nbsp;<\/p>\n<hr>\n<h3 style=\"text-align: center;\"><span style=\"color: #ff0000;\"><strong>Sobre nosotras<\/strong><\/span><\/h3>\n<p>Nuestra empresa, Shengzhou Covherlab Garment &amp; Accessary CO., LTD est\u00e1 ubicada en Necktie Town, ciudad de Shengzhou, provincia de Zhejiang, China. Cubre un \u00e1rea de terreno de 1.200 metros cuadrados, talleres estandarizados de 4.500 metros cuadrados y potencialmente tiene capacidad para 100 personas para trabajar, que es una de las empresas de ropa a gran escala en Shengzhou.<\/p>\n<p><span style=\"color: var(--go--color--text); font-family: var(--go--font-family); font-size: var(--go--font-size); font-weight: var(--go--font-weight,400); letter-spacing: var(--go--letter-spacing,normal);\">Actualmente, la empresa est\u00e1 equipada con un conjunto completo de m\u00e1quinas nuevas y avanzadas exclusivas para la fabricaci\u00f3n de ropa de moda y de ocio. Shengzhou Covherlab Garment &amp; Accessories Co., Ltd es una empresa de fabricaci\u00f3n que tambi\u00e9n se especializa en producir todo tipo de ropa de moda y de ocio.<\/span><\/p>\n<div data-spm-anchor-id=\"a2700.wholesale.0.i24.67d37892vfySEJ\">\n<div>\n<div data-spm-anchor-id=\"a2700.wholesale.0.i26.67d37892vfySEJ\">La empresa ha cooperado con muchos clientes tanto nacionales como extranjeros y ha obtenido constantemente altos elogios de nuestros clientes desde su creaci\u00f3n. La empresa mantiene la idea de gesti\u00f3n de que \u00abLa calidad demuestra la fuerza, los detalles conducen al \u00e9xito\u00bb y hace todo lo posible para hacerlo bien en cada aspecto, desde cada puntada y cada punto del procedimiento de fabricaci\u00f3n hasta la inspecci\u00f3n final, el embalaje y el env\u00edo. \u00a1Insistimos en el principio de desarrollo de &#8216;Alta calidad, eficiencia, sinceridad y enfoque de trabajo realista&#8217; para brindarle un excelente servicio de procesamiento! Le damos la m\u00e1s sincera bienvenida para que visite nuestra empresa o se ponga en contacto con nosotros para cooperar.<\/div>\n<\/div>\n<div data-spm-anchor-id=\"a2700.wholesale.0.i26.67d37892vfySEJ\">\n<hr>\n<\/div>\n<div>\n<div data-spm-anchor-id=\"a2700.wholesale.0.i26.67d37892vfySEJ\">\n<h3 class=\"magic-4\" style=\"text-align: center;\" data-id=\"title0\"><strong><span class=\"magic-51\" style=\"color: #ff0000;\"><span class=\"magic-5\" data-spm-anchor-id=\"a2700.wholesale.0.i31.67d37892vfySEJ\">NUESTRA GARANT\u00cdA<\/span><\/span><\/strong><\/h3>\n<div class=\"magic-6\">\n<div class=\"magic-7\" data-spm-anchor-id=\"a2700.wholesale.0.i29.67d37892vfySEJ\">\n<div class=\"magic-8\" data-id=\"paragraph0\" data-spm-anchor-id=\"a2700.wholesale.0.i30.67d37892vfySEJ\"><span class=\"magic-9\" data-spm-anchor-id=\"a2700.wholesale.0.i32.67d37892vfySEJ\">Pregunta sobre la fecha de entrega:<\/span><\/p>\n<div data-spm-anchor-id=\"a2700.wholesale.0.i27.67d37892vfySEJ\"><span class=\"magic-9\" data-spm-anchor-id=\"a2700.wholesale.0.i28.67d37892vfySEJ\"> * Producci\u00f3n en masa 100% segura dentro del mismo d\u00eda de confirmaci\u00f3n.<\/p>\n<p>Pregunta de calidad:<br \/>\n* Calidad de producci\u00f3n igual a la confirmada o pedido que vendemos.<\/p>\n<p>Pregunta de pago:<br \/>\n* Basado en las condiciones de pago de Alibaba<\/span><\/div>\n<\/div>\n<\/div>\n<\/div>\n<\/div>\n<\/div>\n<\/div>\n","protected":false},"excerpt":{"rendered":"<p>Somos fabricantes en China. Si desea adquirir corbatas en stock al precio m\u00e1s reciente, cons\u00faltenos a continuaci\u00f3n. <\/p>\n<p>Si necesita una corbata personalizada o realizar un pedido OEM\/ODM, env\u00ede su dise\u00f1o por CORREO ELECTR\u00d3NICO.<\/p>\n<p>Correo electr\u00f3nico:<a href=\"mailto:supply@tiesupplier.com\">suministro@tiesupplier.com<\/a><\/p>\n","protected":false},"featured_media":6170,"comment_status":"open","ping_status":"closed","template":"","meta":[],"product_cat":[273],"product_tag":[294,275,286,289,288],"class_list":["post-6169","product","type-product","status-publish","has-post-thumbnail","hentry","product_cat-atar","product_tag-corbata-cuadrada","product_tag-corbata-de-cuello","product_tag-corbata-de-microfibra","product_tag-corbata-de-poliester","product_tag-corbata-de-rayas","pa_material-polyester"],"aioseo_notices":[],"_links":{"self":[{"href":"https:\/\/tiesupplier.com\/es\/wp-json\/wp\/v2\/product\/6169","targetHints":{"allow":["GET"]}}],"collection":[{"href":"https:\/\/tiesupplier.com\/es\/wp-json\/wp\/v2\/product"}],"about":[{"href":"https:\/\/tiesupplier.com\/es\/wp-json\/wp\/v2\/types\/product"}],"replies":[{"embeddable":true,"href":"https:\/\/tiesupplier.com\/es\/wp-json\/wp\/v2\/comments?post=6169"}],"version-history":[{"count":0,"href":"https:\/\/tiesupplier.com\/es\/wp-json\/wp\/v2\/product\/6169\/revisions"}],"wp:featuredmedia":[{"embeddable":true,"href":"https:\/\/tiesupplier.com\/es\/wp-json\/wp\/v2\/media\/6170"}],"wp:attachment":[{"href":"https:\/\/tiesupplier.com\/es\/wp-json\/wp\/v2\/media?parent=6169"}],"wp:term":[{"taxonomy":"product_cat","embeddable":true,"href":"https:\/\/tiesupplier.com\/es\/wp-json\/wp\/v2\/product_cat?post=6169"},{"taxonomy":"product_tag","embeddable":true,"href":"https:\/\/tiesupplier.com\/es\/wp-json\/wp\/v2\/product_tag?post=6169"}],"curies":[{"name":"wp","href":"https:\/\/api.w.org\/{rel}","templated":true}]}}