{"id":6171,"date":"2025-11-25T13:13:26","date_gmt":"2025-11-25T13:13:26","guid":{"rendered":"https:\/\/tiesupplier.com\/product\/corbata-fina-de-poliester-a-rayas-para-hombre-diseno-nuevo-2021-personalizada-para-la-escuela\/"},"modified":"2025-11-25T13:13:26","modified_gmt":"2025-11-25T13:13:26","slug":"corbata-fina-de-poliester-a-rayas-para-hombre-diseno-nuevo-2021-personalizada-para-la-escuela","status":"publish","type":"product","link":"https:\/\/tiesupplier.com\/es\/product\/corbata-fina-de-poliester-a-rayas-para-hombre-diseno-nuevo-2021-personalizada-para-la-escuela\/","title":{"rendered":"Corbata fina de poli\u00e9ster a rayas para hombre, dise\u00f1o nuevo, 2021, personalizada, para la escuela"},"content":{"rendered":"<div><\/div>\n<h3 id=\"ali-title-AliPostDhMb-6lhyp\" style=\"text-align: center;\"><span style=\"color: #ff0000;\"><strong>Descripci\u00f3n del producto<\/strong><\/span><\/h3>\n<div data-spm-anchor-id=\"a2700.wholesale.0.i28.9f35352dsJxLBW\">\n<table class=\"aliDataTable\">\n<tbody>\n<tr align=\"left\">\n<td>composici\u00f3n<\/td>\n<td>100% poli\u00e9ster<\/td>\n<\/tr>\n<tr align=\"left\">\n<td>Dimensiones<\/td>\n<td>145*6 cm<\/td>\n<\/tr>\n<tr align=\"left\">\n<td>patr\u00f3n de estilo<\/td>\n<td><a href=\"https:\/\/tiesupplier.com\/es\/\">corbata<\/a><\/td>\n<\/tr>\n<tr align=\"left\">\n<td>Etiqueta principal<\/td>\n<td data-spm-anchor-id=\"a2700.wholesale.0.i32.9f35352dsJxLBW\">costumbre<\/td>\n<\/tr>\n<tr align=\"left\">\n<td>etiqueta de cuidado<\/td>\n<td>composici\u00f3n ling\u00fc\u00edstica, s\u00edmbolo de lavado<\/td>\n<\/tr>\n<tr align=\"left\">\n<td>instrucciones de lavado<\/td>\n<td>No lavar, no usar lej\u00eda.<\/td>\n<\/tr>\n<tr align=\"left\">\n<td>el paquete<\/td>\n<td>Bolsa de poli\u00e9ster, cajas de papel.<\/td>\n<\/tr>\n<tr align=\"left\">\n<td>Cantidad m\u00ednima de pedido<\/td>\n<td>10 piezas\/color<\/td>\n<\/tr>\n<tr align=\"left\">\n<td>tiempo de muestra<\/td>\n<td>3-4 d\u00edas<\/td>\n<\/tr>\n<tr align=\"left\">\n<td>tiempo del producto<\/td>\n<td>7 d\u00edas<\/td>\n<\/tr>\n<tr align=\"left\">\n<td>peso bruto<\/td>\n<td>aproximadamente 0,77 kg\/caja para 10 piezas de corbata normal<\/td>\n<\/tr>\n<tr align=\"left\">\n<td>tama\u00f1o de la caja<\/td>\n<td data-spm-anchor-id=\"a2700.wholesale.0.i31.9f35352dsJxLBW\">31*23*9cm<\/td>\n<\/tr>\n<\/tbody>\n<\/table>\n<h3 style=\"text-align: center;\"><span style=\"color: #ff0000;\"><strong>Perfil de la empresa<\/strong><\/span><\/h3>\n<div class=\"magic-60\"><span class=\"magic-6\" style=\"font-family: Tahoma;\">1.<b><i data-spm-anchor-id=\"a2700.details.0.i26.5259411eeV5DA8\">Laboratorio COVHER de Suzhou<\/i><\/b>Co., Ltd fue establecida en 2010.<\/span><\/div>\n<div class=\"magic-60\">2. Nuestros productos principales son ropa para mujer y ni\u00f1os, tops, pantalones y accesorios. Camisetas, pijamas y textiles para el hogar de seda para hombre.<\/div>\n<div class=\"magic-60\">3.Tenemos<b><i>OEKO, SGS<\/i><\/b>,<b><i>6A <\/i><\/b>y otros certificados.<\/div>\n<div class=\"magic-60\">4.La tasa calificada de productos ha terminado.<b><i>99,99%<\/i>.<\/b><\/div>\n<div class=\"magic-60\">5.La vida laboral promedio de nuestras empleadas excede<b><i>10<\/i><\/b>a\u00f1os.<\/div>\n<div class=\"magic-60\" data-spm-anchor-id=\"a2700.details.0.i25.5259411eeV5DA8\">6.Dedicado a<b><i>estricto control de calidad<\/i><\/b>and <i><b>Cliente pensativa <\/b><b>servicio<\/b><\/i>Nuestro personal experimentado est\u00e1 siempre disponible para discutir sus necesidades y garantizar la plena satisfacci\u00f3n del cliente.<\/div>\n<h3 style=\"text-align: center;\"><span style=\"color: #ff0000;\"><strong>Preguntas frecuentes<\/strong><\/span><\/h3>\n<p><strong>P: \u00bfC\u00f3mo pagar las muestras y los cargos expr\u00e9s?<\/strong><\/p>\n<p><span data-spm-anchor-id=\"a2700.wholesale.0.i33.9f35352dsJxLBW\">A:Puede pagar directamente a la cuenta de nuestra empresa. Para aquellos clientes que tienen una cuenta express, enviaremos las muestras por flete recogido.<\/span><\/p>\n<p>&nbsp;<\/p>\n<p><strong>P:\u00bfCu\u00e1les son sus condiciones de pago?<\/strong><\/p>\n<p><span data-spm-anchor-id=\"a2700.wholesale.0.i34.9f35352dsJxLBW\">R: Generalmente, aceptamos T\/T, L\/C irrevocable a la vista. Para pedidos regulares, preferimos un 30% por adelantado, un 70% contra una copia de B\/L.<\/span><\/p>\n<p>&nbsp;<\/p>\n<p><strong>P:\u00bfC\u00f3mo controlan la calidad?<\/strong><\/p>\n<p>A:Tenemos un equipo de control de calidad que cumple con TQM, cada paso cumple con los est\u00e1ndares. Al mismo tiempo, tomar\u00e1n fotograf\u00edas y grabar\u00e1n videos para usted.<\/p>\n<p>&nbsp;<\/p>\n<p><strong>P:\u00bfPor qu\u00e9 deber\u00eda elegir su empresa?<\/strong><\/p>\n<p>A: 1, contamos con nuestra propia log\u00edstica que coopera con diferentes transportistas en los puertos de destino. Es bueno para usted hacer DDP o DDU.<\/p>\n<p>A: 2, tenemos nuestro propio almac\u00e9n en el puerto de Ningbo. Si desea mezclar productos dispares en diferentes tiendas, podemos ayudarlo a finalizar el trabajo cuando nuestros trabajadores reciban los productos de los proveedores. Se imprimir\u00e1n nuevas etiquetas de cart\u00f3n y se crear\u00e1n nuevas paletas con identificaciones \u00fanicas, lo que le ahorrar\u00e1 costos de mano de obra.<\/p>\n<\/div>\n","protected":false},"excerpt":{"rendered":"<p>Somos fabricantes en China. Si desea adquirir corbatas en stock al precio m\u00e1s reciente, cons\u00faltenos a continuaci\u00f3n. <\/p>\n<p>Si necesita una corbata personalizada o realizar un pedido OEM\/ODM, env\u00ede su dise\u00f1o por CORREO ELECTR\u00d3NICO.<\/p>\n<p>Correo electr\u00f3nico:<a href=\"mailto:supply@tiesupplier.com\">suministro@tiesupplier.com<\/a><\/p>\n","protected":false},"featured_media":6172,"comment_status":"open","ping_status":"closed","template":"","meta":[],"product_cat":[273],"product_tag":[281,291,283],"class_list":["post-6171","product","type-product","status-publish","has-post-thumbnail","hentry","product_cat-atar","product_tag-corbata-con-logotipo","product_tag-hombres","product_tag-pajarita-de-poliester","pa_material-silk"],"aioseo_notices":[],"_links":{"self":[{"href":"https:\/\/tiesupplier.com\/es\/wp-json\/wp\/v2\/product\/6171","targetHints":{"allow":["GET"]}}],"collection":[{"href":"https:\/\/tiesupplier.com\/es\/wp-json\/wp\/v2\/product"}],"about":[{"href":"https:\/\/tiesupplier.com\/es\/wp-json\/wp\/v2\/types\/product"}],"replies":[{"embeddable":true,"href":"https:\/\/tiesupplier.com\/es\/wp-json\/wp\/v2\/comments?post=6171"}],"version-history":[{"count":0,"href":"https:\/\/tiesupplier.com\/es\/wp-json\/wp\/v2\/product\/6171\/revisions"}],"wp:featuredmedia":[{"embeddable":true,"href":"https:\/\/tiesupplier.com\/es\/wp-json\/wp\/v2\/media\/6172"}],"wp:attachment":[{"href":"https:\/\/tiesupplier.com\/es\/wp-json\/wp\/v2\/media?parent=6171"}],"wp:term":[{"taxonomy":"product_cat","embeddable":true,"href":"https:\/\/tiesupplier.com\/es\/wp-json\/wp\/v2\/product_cat?post=6171"},{"taxonomy":"product_tag","embeddable":true,"href":"https:\/\/tiesupplier.com\/es\/wp-json\/wp\/v2\/product_tag?post=6171"}],"curies":[{"name":"wp","href":"https:\/\/api.w.org\/{rel}","templated":true}]}}