{"id":6173,"date":"2025-11-25T13:13:26","date_gmt":"2025-11-25T13:13:26","guid":{"rendered":"https:\/\/tiesupplier.com\/product\/corbata-de-negocios-de-jacquard-de-alta-calidad-estilo-retro-nostalgico-perfecto\/"},"modified":"2025-11-25T13:13:26","modified_gmt":"2025-11-25T13:13:26","slug":"corbata-de-negocios-de-jacquard-de-alta-calidad-estilo-retro-nostalgico-perfecto","status":"publish","type":"product","link":"https:\/\/tiesupplier.com\/es\/product\/corbata-de-negocios-de-jacquard-de-alta-calidad-estilo-retro-nostalgico-perfecto\/","title":{"rendered":"Corbata de negocios de jacquard de alta calidad, estilo retro nost\u00e1lgico perfecto"},"content":{"rendered":"<table class=\"is-zebra all magic-4\">\n<tbody>\n<tr>\n<td colspan=\"1\" rowspan=\"1\">\n<div class=\"magic-5\">\n<div class=\"magic-6\" data-spm-anchor-id=\"0.0.0.i42.49274f0591m7X9\"><b data-spm-anchor-id=\"0.0.0.i28.49274f05avYhT5\"><span class=\"magic-7\" style=\"color: #811313; font-family: Arial;\">Dise\u00f1o, Color y Logotipo<\/span><\/b><\/div>\n<\/div>\n<\/td>\n<td colspan=\"1\" rowspan=\"1\">\n<div class=\"magic-8\" data-spm-anchor-id=\"a2700.wholesale.0.i30.613823dbPJp4hO\">\n<div class=\"magic-9\" data-spm-anchor-id=\"0.0.0.i104.49274f05avYhT5\"><span class=\"magic-10\" style=\"font-family: Arial;\"><span class=\"magic-11\" data-spm-anchor-id=\"0.0.0.i86.49274f05avYhT5\">Bienvenido personalizado. <\/span><b class=\"magic-11\" data-spm-anchor-id=\"0.0.0.i226.49274f05avYhT5\"><span class=\"magic-11\">Deja que tu logotipo sea \u00fanica.<\/span><\/b><\/span><\/div>\n<\/div>\n<\/td>\n<\/tr>\n<tr>\n<td colspan=\"1\" rowspan=\"1\">\n<div class=\"magic-5\">\n<div class=\"magic-6\" data-spm-anchor-id=\"0.0.0.i169.49274f05avYhT5\"><span class=\"magic-12\" style=\"color: #8a1616; font-family: Arial;\"><b class=\"magic-11\">Material<\/b><\/span><\/div>\n<\/div>\n<\/td>\n<td colspan=\"1\" rowspan=\"1\">\n<div class=\"magic-8\">\n<div class=\"magic-9\" data-spm-anchor-id=\"0.0.0.i199.49274f05avYhT5\"><span class=\"magic-10\" style=\"font-family: Arial;\"><span class=\"magic-11\">Tejido jacquard de seda pura, estampado de seda pura: sarga de 16 mm, sat\u00e9n de 16 mm, mezcla de seda: algod\u00f3n de seda, viscosa de seda, lana de seda, lino de seda, poli\u00e9ster, algod\u00f3n, lino, lana, etc.<b class=\"magic-11\" data-spm-anchor-id=\"0.0.0.i216.49274f05avYhT5\">Amplia gama para <\/b><\/span><b class=\"magic-11\" data-spm-anchor-id=\"0.0.0.i219.49274f05avYhT5\"><span class=\"magic-11\">Su selecci\u00f3n.<\/span><\/b><\/span><\/div>\n<\/div>\n<\/td>\n<\/tr>\n<tr>\n<td colspan=\"1\" rowspan=\"1\">\n<div class=\"magic-5\">\n<div class=\"magic-6\" data-spm-anchor-id=\"0.0.0.i180.49274f05avYhT5\"><b class=\"magic-11\"><span class=\"magic-12\" style=\"color: #8a1616; font-family: Arial;\">Forma<\/span><\/b><\/div>\n<\/div>\n<\/td>\n<td colspan=\"1\" rowspan=\"1\">\n<div class=\"magic-8\"><span class=\"magic-10\" style=\"font-family: Arial;\">Semi botella, botella o recta.<\/span><\/div>\n<\/td>\n<\/tr>\n<tr>\n<td colspan=\"1\" rowspan=\"1\">\n<div class=\"magic-5\">\n<div class=\"magic-6\"><b class=\"magic-11\" data-spm-anchor-id=\"0.0.0.i182.49274f05avYhT5\"><span class=\"magic-12\" style=\"color: #8a1616; font-family: Arial;\">Accesorios<\/span><\/b><\/div>\n<\/div>\n<\/td>\n<td colspan=\"1\" rowspan=\"1\">\n<div class=\"magic-8\"><span class=\"magic-10\" style=\"font-family: Arial;\"><span class=\"magic-11\">Etiquetas principales personalizadas, etiquetas de cuidado, c\u00f3digos de barras, pegatinas, bolsas de polietileno, cajas de regalo, etc. <\/span><span class=\"magic-11\"><b class=\"magic-11\" data-spm-anchor-id=\"0.0.0.i241.49274f05avYhT5\">Acepte sus demandas especiales, le permitir\u00e1 ahorrar tiempo y preocupaciones.<\/b><\/span><\/span><\/div>\n<\/td>\n<\/tr>\n<tr>\n<td colspan=\"1\" rowspan=\"1\">\n<div class=\"magic-5\">\n<div class=\"magic-6\"><b class=\"magic-11\"><span class=\"magic-12\" style=\"color: #8a1616; font-family: Arial;\"> Funciones<\/span><\/b><\/div>\n<\/div>\n<\/td>\n<td colspan=\"1\" rowspan=\"1\">\n<div class=\"magic-8\"><span class=\"magic-10\" style=\"font-family: Arial;\">Uso para boda,<span class=\"magic-11\">Reuni\u00f3n, fiesta, etc.<\/span><\/span><\/div>\n<\/td>\n<\/tr>\n<tr>\n<td colspan=\"1\" rowspan=\"1\">\n<div class=\"magic-5\">\n<div class=\"magic-6\"><b class=\"magic-11\"><span class=\"magic-12\" style=\"color: #8a1616; font-family: Arial;\"> Obra de arte<\/span><\/b><\/div>\n<\/div>\n<\/td>\n<td colspan=\"1\" rowspan=\"1\">\n<div class=\"magic-8\"><span class=\"magic-10\" style=\"font-family: Arial;\"><span class=\"magic-11\">Archivos de dise\u00f1o en formato AI,CDR,PDF,JPG. <\/span><b class=\"magic-11\" data-spm-anchor-id=\"0.0.0.i245.49274f05avYhT5\"><span class=\"magic-11\">Convierte tu buena idea en realidad.<\/span><\/b><\/span><\/div>\n<\/td>\n<\/tr>\n<tr>\n<td colspan=\"1\" rowspan=\"1\">\n<div class=\"magic-5\">\n<div class=\"magic-6\"><b class=\"magic-11\"><span class=\"magic-12\" style=\"color: #8a1616; font-family: Arial;\">Ventajas <\/span><\/b><\/div>\n<\/div>\n<\/td>\n<td colspan=\"1\" rowspan=\"1\">\n<div class=\"magic-8\"><span class=\"magic-10\" style=\"font-family: Arial;\"><b class=\"magic-11\" data-spm-anchor-id=\"0.0.0.i19.49274f0591m7X9\">Haz que cada corbata sea tuya con tu propio dise\u00f1o<\/b><\/span><\/div>\n<\/td>\n<\/tr>\n<tr>\n<td colspan=\"1\" rowspan=\"1\">\n<div class=\"magic-5\">\n<div class=\"magic-6\"><b class=\"magic-11\"><span class=\"magic-12\" style=\"color: #8a1616; font-family: Arial;\"> Paquete<\/span><\/b><\/div>\n<\/div>\n<\/td>\n<td colspan=\"1\" rowspan=\"1\">\n<div class=\"magic-8\"><span class=\"magic-10\" style=\"font-family: Arial;\">Una pieza en una bolsa de polietileno, 100 piezas\/caja interior, 3 cajas interiores en una caja de cart\u00f3n con bolsa impermeable. <b class=\"magic-11\" data-spm-anchor-id=\"0.0.0.i258.49274f05avYhT5\"><span class=\"magic-11\">Haz lo que quieras, piensa lo que te importa.<\/span><\/b><\/span><\/div>\n<\/td>\n<\/tr>\n<tr>\n<td colspan=\"1\" rowspan=\"1\">\n<div class=\"magic-5\">\n<div class=\"magic-6\"><b class=\"magic-11\"><span class=\"magic-12\" style=\"color: #8a1616; font-family: Arial;\">Tama\u00f1o<\/span><\/b><\/div>\n<\/div>\n<\/td>\n<td colspan=\"1\" rowspan=\"1\">\n<div class=\"magic-8\"><span class=\"magic-10\" style=\"font-family: Arial;\">(4-9)CM de ancho,(110-165)CM de largo-seg\u00fan solicitud espec\u00edfica del cliente.<b class=\"magic-11\"><span class=\"magic-11\">Hacer<\/span><\/b> <span class=\"magic-11\"><b class=\"magic-11\" data-spm-anchor-id=\"0.0.0.i1.49274f05t2z7C8\">Tama\u00f1o designado para adaptarse a su cuello<\/b><\/span><\/span><\/div>\n<\/td>\n<\/tr>\n<tr>\n<td colspan=\"1\" rowspan=\"1\">\n<div class=\"magic-5\">\n<div class=\"magic-6\"><b class=\"magic-11\"><span class=\"magic-12\" style=\"color: #8a1616; font-family: Arial;\">Costo de muestra<\/span><\/b><\/div>\n<\/div>\n<\/td>\n<td colspan=\"1\" rowspan=\"1\">\n<div class=\"magic-8\"><span class=\"magic-10\" style=\"font-family: Arial;\">Muestra de stock disponible de forma gratuita. <b class=\"magic-11\" data-spm-anchor-id=\"0.0.0.i269.49274f05avYhT5\"><span class=\"magic-11\">Solo tienes que pagar el costo de env\u00edo de DHL.<\/span><\/b><\/span><\/div>\n<\/td>\n<\/tr>\n<tr>\n<td colspan=\"1\" rowspan=\"1\">\n<div class=\"magic-5\">\n<div class=\"magic-6\"><b class=\"magic-11\"><span class=\"magic-12\" style=\"color: #8a1616; font-family: Arial;\">Tiempo de muestra y tiempo de masa<\/span><\/b><\/div>\n<\/div>\n<\/td>\n<td colspan=\"1\" rowspan=\"1\">\n<div class=\"magic-8\"><span class=\"magic-10\" style=\"font-family: Arial;\">Tiempo de muestra alrededor de 7 a 15 d\u00edas h\u00e1biles; Tiempo de entrega al por mayor alrededor de 4 a 6 semanas. <span class=\"magic-11\"><b class=\"magic-11\" data-spm-anchor-id=\"0.0.0.i24.49274f0591m7X9\">Nuestra profesional, su satisfacci\u00f3n.<\/b><\/span><\/span><\/div>\n<\/td>\n<\/tr>\n<tr>\n<td colspan=\"1\" rowspan=\"1\">\n<div class=\"magic-5\">\n<div class=\"magic-6\" data-spm-anchor-id=\"0.0.0.i67.49274f0591m7X9\"><b class=\"magic-11\"><span class=\"magic-12\" style=\"color: #8a1616; font-family: Arial;\">Cantidad m\u00ednima de pedido <\/span><\/b><\/div>\n<\/div>\n<\/td>\n<td colspan=\"1\" rowspan=\"1\">\n<div class=\"magic-8\"><span class=\"magic-10\" style=\"font-family: Arial;\">50 uds. <b class=\"magic-11\" data-spm-anchor-id=\"0.0.0.i277.49274f05avYhT5\"><span class=\"magic-11\">MOQ bajo para evitar desperdicio innecesario de sus productos y dinero.<\/span><\/b><\/span><\/div>\n<\/td>\n<\/tr>\n<tr>\n<td colspan=\"1\" rowspan=\"1\">\n<div class=\"magic-5\">\n<div class=\"magic-6\"><b class=\"magic-11\"><span class=\"magic-12\" style=\"color: #8a1616; font-family: Arial;\">Plaza de pago<\/span><\/b><\/div>\n<\/div>\n<\/td>\n<td colspan=\"1\" rowspan=\"1\">\n<div class=\"magic-8\"><span class=\"magic-10\" style=\"font-family: Arial;\">T\/T, Western Union, efectivo, Paypal, Trade Assurance, otros pueden negociarse. <span class=\"magic-11\"><b class=\"magic-11\" data-spm-anchor-id=\"0.0.0.i29.49274f0591m7X9\">Solo 30% de dep\u00f3sito, haga que su capital flotante sea m\u00e1s efectivo.<\/b><\/span><\/span><\/div>\n<\/td>\n<\/tr>\n<tr>\n<td colspan=\"1\" rowspan=\"1\">\n<div class=\"magic-5\">\n<div class=\"magic-6\"><b class=\"magic-11\" data-spm-anchor-id=\"0.0.0.i184.49274f05avYhT5\"><span class=\"magic-12\" style=\"color: #8a1616; font-family: Arial;\">Env\u00edo<\/span><\/b><\/div>\n<\/div>\n<\/td>\n<td colspan=\"1\" rowspan=\"1\">\n<div class=\"magic-8\"><span class=\"magic-10\" style=\"font-family: Arial;\"><span class=\"magic-11\">Por aire, DHL o mar. Si eliges DHL<\/span> <b class=\"magic-11\" data-spm-anchor-id=\"0.0.0.i288.49274f05avYhT5\"><span class=\"magic-11\">Es m\u00e1s r\u00e1pido como si compras en el mercado local.<\/span><\/b><\/span><\/div>\n<\/td>\n<\/tr>\n<tr>\n<td colspan=\"2\" rowspan=\"1\">\n<div class=\"magic-13\"><span class=\"magic-14\" style=\"font-family: Arial;\">Corbatas, corbatas de hombre, corbatas mas\u00f3nicas, corbatas escolares, corbatas de cuello, corbatas florales, corbatas, corbatas de hombre, corbatas de lujo, corbata de seda personalizada, corbata<br \/>\nNegro, caja de regalo para corbata, corbata para hombre, corbatas de seda para hombre, corbatas para hombre, corbata de seda, corbata con logotipo personalizado, corbatas de seda personalizadas para hombre, corbata de oficina, corbata de seda hecha a mano, corbata de seda con estampado paisley, corbatas de sublimaci\u00f3n, corbata para hombre, corbata de seda Shengzhou, conjunto de corbatas personalizadas, corbata de alta calidad<\/span><\/div>\n<\/td>\n<\/tr>\n<\/tbody>\n<\/table>\n<h3 style=\"text-align: center;\"><span style=\"color: #ff0000;\"><strong>Perfil de la empresa<\/strong><\/span><\/h3>\n<p><b><span style=\"font-size: large;\">SHENGZHOU COVHERLAB CORBATA Y ROPA CO., LTD.<\/span><\/b><span style=\"font-size: medium;\" data-spm-anchor-id=\"a2700.wholesale.0.i27.79575b160ZV9Kd\">Ubicado en NO.98, Gaoxiang Rd, \u00e1rea de Chengdong, zona de desarrollo econ\u00f3mico de la ciudad de Shengzhou. Tenemos 20 a\u00f1os de experiencia en accesorios para hombres, m\u00e1s de 100 trabajos experimentados, l\u00ednea de producci\u00f3n completa desde la tela hasta el producto final como corbata, pajarita, etc. Nuestros productos principales son corbatas, pajaritas, gemelos, bufandas, pa\u00f1uelos de bolsillo y telas jacquard y estampados de colores, etc. Bienvenido a visitarnos.<\/span><\/p>\n<h3 style=\"text-align: center;\"><span style=\"color: #ff0000;\"><strong>Preguntas frecuentes<\/strong><\/span><\/h3>\n<p><b>1.\u00bfQu\u00e9 tipo de empresa es?<\/b><br \/>\nSomos un fabricante profesional y nuestra f\u00e1brica produce todas las telas y productos por nosotros mismos.<br \/>\nLe damos la bienvenida a visitarnos en la ciudad de Shengzhou.<\/p>\n<p><b>2.\u00bfQu\u00e9 producto tienes?<\/b><br \/>\nNuestros productos incluyen corbatas, bufandas, pajaritas, cajas de regalo, chalecos, pa\u00f1uelos, gemelos, jacquard de colores y telas estampadas, etc.<\/p>\n<p><b>3. \u00bfQu\u00e9 servicio puedes ofrecer?<\/b><br \/>\nOfrecemos servicios OEM y ODM<\/p>\n<p><b>4. \u00bfC\u00f3mo realizar un pedido?<\/b><br \/>\n(1) Podemos hacer que la muestra siga su idea.<br \/>\n(2) Usted confirma la muestra, paga el dep\u00f3sito y comenzamos la producci\u00f3n.<br \/>\n(3). Usted organiza el pago del saldo y nosotros le entregamos los productos.<\/p>\n<p><b>5.\u00bfPuedes hacer un peque\u00f1o pedido de prueba primero?<\/b><br \/>\nEst\u00e1 bien incluso si desea realizar un pedido de menos de 50 piezas por color, le invitamos a realizar un pedido de prueba primero.<\/p>\n<p><b>6. \u00bfQu\u00e9 formas de pago puedes aceptar?<\/b><br \/>\nPodemos aceptar T\/T, Western Union, PayPal.<\/p>\n","protected":false},"excerpt":{"rendered":"<p>Somos fabricantes en China. Si desea adquirir corbatas en stock al precio m\u00e1s reciente, cons\u00faltenos a continuaci\u00f3n. <\/p>\n<p>Si necesita una corbata personalizada o realizar un pedido OEM\/ODM, env\u00ede su dise\u00f1o por CORREO ELECTR\u00d3NICO.<\/p>\n<p>Correo electr\u00f3nico:<a href=\"mailto:supply@tiesupplier.com\">suministro@tiesupplier.com<\/a><\/p>\n","protected":false},"featured_media":6174,"comment_status":"open","ping_status":"closed","template":"","meta":[],"product_cat":[273],"product_tag":[276,294,275,289,288,282,283,295],"class_list":["post-6173","product","type-product","status-publish","has-post-thumbnail","hentry","product_cat-atar","product_tag-corbata-al-por-mayor","product_tag-corbata-cuadrada","product_tag-corbata-de-cuello","product_tag-corbata-de-poliester","product_tag-corbata-de-rayas","product_tag-corbata-personalizada","product_tag-pajarita-de-poliester","product_tag-pajarita-para-mascotas","pa_material-polyester"],"aioseo_notices":[],"_links":{"self":[{"href":"https:\/\/tiesupplier.com\/es\/wp-json\/wp\/v2\/product\/6173","targetHints":{"allow":["GET"]}}],"collection":[{"href":"https:\/\/tiesupplier.com\/es\/wp-json\/wp\/v2\/product"}],"about":[{"href":"https:\/\/tiesupplier.com\/es\/wp-json\/wp\/v2\/types\/product"}],"replies":[{"embeddable":true,"href":"https:\/\/tiesupplier.com\/es\/wp-json\/wp\/v2\/comments?post=6173"}],"version-history":[{"count":0,"href":"https:\/\/tiesupplier.com\/es\/wp-json\/wp\/v2\/product\/6173\/revisions"}],"wp:featuredmedia":[{"embeddable":true,"href":"https:\/\/tiesupplier.com\/es\/wp-json\/wp\/v2\/media\/6174"}],"wp:attachment":[{"href":"https:\/\/tiesupplier.com\/es\/wp-json\/wp\/v2\/media?parent=6173"}],"wp:term":[{"taxonomy":"product_cat","embeddable":true,"href":"https:\/\/tiesupplier.com\/es\/wp-json\/wp\/v2\/product_cat?post=6173"},{"taxonomy":"product_tag","embeddable":true,"href":"https:\/\/tiesupplier.com\/es\/wp-json\/wp\/v2\/product_tag?post=6173"}],"curies":[{"name":"wp","href":"https:\/\/api.w.org\/{rel}","templated":true}]}}