{"id":6175,"date":"2025-11-25T13:13:26","date_gmt":"2025-11-25T13:13:26","guid":{"rendered":"https:\/\/tiesupplier.com\/product\/corbatas-tejidas-de-plumas-de-jacquard-para-hombre-al-por-mayor\/"},"modified":"2025-11-25T13:13:26","modified_gmt":"2025-11-25T13:13:26","slug":"corbatas-tejidas-de-plumas-de-jacquard-para-hombre-al-por-mayor","status":"publish","type":"product","link":"https:\/\/tiesupplier.com\/es\/product\/corbatas-tejidas-de-plumas-de-jacquard-para-hombre-al-por-mayor\/","title":{"rendered":"Corbatas tejidas de plumas de jacquard para hombre al por mayor"},"content":{"rendered":"<table style=\"font-weight: 400;\">\n<tbody style=\"font-style: inherit; font-weight: inherit;\">\n<tr style=\"font-style: inherit; font-weight: inherit;\">\n<td style=\"font-style: inherit; font-weight: 400;\" colspan=\"2\" rowspan=\"1\"><b><strong>Nombre del producto:<\/strong><\/b>Corbatas cl\u00e1sicas de moda para hombre, de rayas, cuadros, amarillos y azul marino, de tejido jacquard, 100 % seda, con estampado de cachemira.<\/td>\n<\/tr>\n<tr style=\"font-style: inherit; font-weight: inherit;\">\n<td style=\"font-style: inherit; font-weight: 400;\" colspan=\"1\" rowspan=\"1\"><b><strong>Material: <\/strong><\/b>100% microfibra<\/td>\n<td style=\"font-style: inherit; font-weight: 400;\" colspan=\"1\" rowspan=\"1\"><b><strong>Cantidad m\u00ednima de pedido:<\/strong><\/b>10 piezas pueden ser de diferentes colores.<\/td>\n<\/tr>\n<tr style=\"font-style: inherit; font-weight: inherit;\">\n<td style=\"font-style: inherit; font-weight: 400;\" colspan=\"1\" rowspan=\"1\"><b><strong>Tama\u00f1o:<\/strong><\/b>7,5 x 148 cm<\/td>\n<td style=\"font-style: inherit; font-weight: 400;\" colspan=\"1\" rowspan=\"1\"><b><strong>Tiempo de muestra: <\/strong><\/b>3 d\u00edas<\/td>\n<\/tr>\n<tr style=\"font-style: inherit; font-weight: inherit;\">\n<td style=\"font-style: inherit; font-weight: 400;\" colspan=\"1\" rowspan=\"1\"><b><strong>Dise\u00f1o:<\/strong><\/b>Lunares, cuadros, flores, cachemir, rayas<\/td>\n<td style=\"font-style: inherit; font-weight: 400;\" colspan=\"1\" rowspan=\"2\"><b><strong>Tiempo de env\u00edo:<\/strong><\/b>5-99 piezas se enviar\u00e1n por YUNTU: 15-35 d\u00edas de llegada; 100-200 piezas se enviar\u00e1n por DHL\/TNT: 5-7 d\u00edas de llegada<\/td>\n<\/tr>\n<tr style=\"font-style: inherit; font-weight: inherit;\">\n<td style=\"font-style: inherit; font-weight: 400;\" colspan=\"1\" rowspan=\"1\"><b><strong>Color:<\/strong><\/b>69 colores de esta serie est\u00e1n listos para enviarse.<\/td>\n<\/tr>\n<tr style=\"font-style: inherit; font-weight: inherit;\">\n<td style=\"font-style: inherit; font-weight: 400;\" colspan=\"1\" rowspan=\"1\"><b><strong>Embalaje<\/strong><\/b>: 1 pieza\/bolsa de PP, 100 piezas por caja<\/td>\n<td style=\"font-style: inherit; font-weight: 400;\" colspan=\"1\" rowspan=\"1\"><b><strong>M\u00e9todo de pago: <\/strong><\/b>Transferencia bancaria, Visa, Cheque electr\u00f3nico<\/td>\n<\/tr>\n<tr style=\"font-style: inherit; font-weight: inherit;\">\n<td style=\"font-style: inherit; font-weight: 400;\" colspan=\"1\" rowspan=\"1\"><b><strong>Forma de env\u00edo: <\/strong><\/b>Yuntu, DHL, TNT, FedEx<\/td>\n<td style=\"font-style: inherit; font-weight: 400;\" colspan=\"1\" rowspan=\"1\"><b><strong>Capacidad de suministro: <\/strong><\/b>500000 piezas\/mes<\/td>\n<\/tr>\n<tr style=\"font-style: inherit; font-weight: inherit;\">\n<td style=\"font-style: inherit; font-weight: 400;\" colspan=\"2\" rowspan=\"1\">\n<p data-spm-anchor-id=\"a2700.wholesale.0.i15.5fa66185Ek81Qj\"><b><strong>Pedido OEM: <\/strong><\/b>Se puede personalizar cualquier patr\u00f3n, color o tama\u00f1o. Se ofrecer\u00e1n muestras antes del pedido.<\/p>\n<\/td>\n<\/tr>\n<\/tbody>\n<\/table>\n<h3 style=\"text-align: center;\"><span style=\"color: #ff0000;\"><strong>Preguntas frecuentes<\/strong><\/span><\/h3>\n<p><span class=\"magic-65\" style=\"color: #0f19b5;\"><b>1. Who are we?<\/b><\/span><span class=\"magic-66\"><br \/>\nEasy Way Fashion is a professional manufacturer and supplier of men fashion accessories more than 15 years.<\/span><\/p>\n<p><span class=\"magic-65\" style=\"color: #0f19b5;\"><b>2. How can we guarantee quality?<\/b><\/span><span class=\"magic-64\"><span class=\"magic-66\"><br \/>\nWe always offer a pre-production sample before mass production &amp; final Inspection before shipment;<\/span><\/span><\/p>\n<p><span class=\"magic-65\" style=\"color: #0f19b5;\"><b>3.What can you buy from us?<\/b><\/span><span class=\"magic-66\"><br \/>\na.Neckties and necktie fabric,<br \/>\nb.Pocket Squares;<br \/>\nc.Belts ( leather belts, PU belts and Knitted Elastic Belts);<br \/>\nd.Scarves;<br \/>\ne. Lapel Pins(Brooches);<br \/>\nf. Suspenders.<\/span><\/p>\n<p><span class=\"magic-65\" style=\"color: #0f19b5;\"><b>4. Why should you buy from us not from other suppliers?<\/b><\/span><span class=\"magic-66\" data-spm-anchor-id=\"a2700.wholesale.0.i25.5fa66185Ek81Qj\"><br \/>\n(1).We have been in this field for 15 years so that we have the best products supply chains. Then we can offer you the best price,<br \/>\nbest quality and steady delivery time and after-sale service.<\/span><\/p>\n<p>(2). Hemos dise\u00f1ado una amplia gama de dise\u00f1os en cada campo y seguimos actualiz\u00e1ndolos;<\/p>\n<p>(3). Tenemos miles de art\u00edculos en stock y listos para enviar en 48 horas;<\/p>\n<p>(4). Asistimos cada vez a las ferias cantonales y a las ferias comerciales en pa\u00edses extranjeros, para poder hablar cara a cara a tiempo.<\/p>\n<p>(5). Contamos con un experimentado equipo comercial internacional para comunicarnos con usted y comprender exactamente lo que necesita.<\/p>\n<p>\u00a1Hagamos negocios juntos hoy! \u00a1Seremos tu socio y tu amigo!<\/p>\n<p>&nbsp;<\/p>\n<p>&nbsp;<\/p>\n","protected":false},"excerpt":{"rendered":"<p>Somos fabricantes en China. Si desea adquirir corbatas en stock al precio m\u00e1s reciente, cons\u00faltenos a continuaci\u00f3n. <\/p>\n<p>Si necesita una corbata personalizada o realizar un pedido OEM\/ODM, env\u00ede su dise\u00f1o por CORREO ELECTR\u00d3NICO.<\/p>\n<p>Correo electr\u00f3nico:<a href=\"mailto:supply@tiesupplier.com\">suministro@tiesupplier.com<\/a><\/p>\n","protected":false},"featured_media":6176,"comment_status":"open","ping_status":"closed","template":"","meta":[],"product_cat":[273],"product_tag":[293,276,281,285,275,286,282,291],"class_list":["post-6175","product","type-product","status-publish","has-post-thumbnail","hentry","product_cat-atar","product_tag-atar","product_tag-corbata-al-por-mayor","product_tag-corbata-con-logotipo","product_tag-corbata-de-color-liso","product_tag-corbata-de-cuello","product_tag-corbata-de-microfibra","product_tag-corbata-personalizada","product_tag-hombres","pa_material-polyester"],"aioseo_notices":[],"_links":{"self":[{"href":"https:\/\/tiesupplier.com\/es\/wp-json\/wp\/v2\/product\/6175","targetHints":{"allow":["GET"]}}],"collection":[{"href":"https:\/\/tiesupplier.com\/es\/wp-json\/wp\/v2\/product"}],"about":[{"href":"https:\/\/tiesupplier.com\/es\/wp-json\/wp\/v2\/types\/product"}],"replies":[{"embeddable":true,"href":"https:\/\/tiesupplier.com\/es\/wp-json\/wp\/v2\/comments?post=6175"}],"version-history":[{"count":0,"href":"https:\/\/tiesupplier.com\/es\/wp-json\/wp\/v2\/product\/6175\/revisions"}],"wp:featuredmedia":[{"embeddable":true,"href":"https:\/\/tiesupplier.com\/es\/wp-json\/wp\/v2\/media\/6176"}],"wp:attachment":[{"href":"https:\/\/tiesupplier.com\/es\/wp-json\/wp\/v2\/media?parent=6175"}],"wp:term":[{"taxonomy":"product_cat","embeddable":true,"href":"https:\/\/tiesupplier.com\/es\/wp-json\/wp\/v2\/product_cat?post=6175"},{"taxonomy":"product_tag","embeddable":true,"href":"https:\/\/tiesupplier.com\/es\/wp-json\/wp\/v2\/product_tag?post=6175"}],"curies":[{"name":"wp","href":"https:\/\/api.w.org\/{rel}","templated":true}]}}