{"id":6206,"date":"2025-11-25T13:11:26","date_gmt":"2025-11-25T13:11:26","guid":{"rendered":"https:\/\/tiesupplier.com\/product\/bandas-para-el-pelo-con-estampados-coleteros-y-bufandas\/"},"modified":"2025-11-25T13:11:26","modified_gmt":"2025-11-25T13:11:26","slug":"bandas-para-el-pelo-con-estampados-coleteros-y-bufandas","status":"publish","type":"product","link":"https:\/\/tiesupplier.com\/es\/product\/bandas-para-el-pelo-con-estampados-coleteros-y-bufandas\/","title":{"rendered":"Bandas para el pelo con estampados, coleteros y bufandas"},"content":{"rendered":"<p>Estilo del art\u00edculo: Diadema<br \/>\nMaterial: poli\u00e9ster, gasa, seda.<br \/>\nG\u00e9nero: Mujer\/Dama\/Ni\u00f1a\/Mujer<br \/>\nTipo de patr\u00f3n: impreso<br \/>\nEstilo: \u00c9tnica \/ De moda \/ Rom\u00e1ntica<br \/>\nEstilo del tocado: Dulce \/ Novedad \/ Activa<br \/>\nTemporada:Primavera, Oto\u00f1o, Invierno, Verano<br \/>\nOcasi\u00f3n de uso: diario, festivo, regalo, festival.<br \/>\nColor: como en la imagen<\/p>\n<p>Embalaje: 1 pieza<\/p>\n<p>Nota:<br \/>\nEl color real puede ser ligeramente diferente al de las im\u00e1genes debido a la resoluci\u00f3n de la pantalla, el brillo, etc. \u00a1No te preocupes!<\/p>\n","protected":false},"excerpt":{"rendered":"<p>Somos fabricantes en China. Si desea adquirir corbatas en stock al precio m\u00e1s reciente, cons\u00faltenos a continuaci\u00f3n. <\/p>\n<p>Si necesita una corbata personalizada o realizar un pedido OEM\/ODM, env\u00ede su dise\u00f1o por CORREO ELECTR\u00d3NICO.<\/p>\n<p>Correo electr\u00f3nico:suministro@tiesupplier.com<\/p>\n","protected":false},"featured_media":6226,"comment_status":"open","ping_status":"closed","template":"","meta":[],"product_cat":[278],"product_tag":[296,297],"class_list":["post-6206","product","type-product","status-publish","has-post-thumbnail","hentry","product_cat-bufanda","product_tag-banda-para-el-cabello","product_tag-panuelo-de-bolsillo"],"aioseo_notices":[],"_links":{"self":[{"href":"https:\/\/tiesupplier.com\/es\/wp-json\/wp\/v2\/product\/6206","targetHints":{"allow":["GET"]}}],"collection":[{"href":"https:\/\/tiesupplier.com\/es\/wp-json\/wp\/v2\/product"}],"about":[{"href":"https:\/\/tiesupplier.com\/es\/wp-json\/wp\/v2\/types\/product"}],"replies":[{"embeddable":true,"href":"https:\/\/tiesupplier.com\/es\/wp-json\/wp\/v2\/comments?post=6206"}],"version-history":[{"count":0,"href":"https:\/\/tiesupplier.com\/es\/wp-json\/wp\/v2\/product\/6206\/revisions"}],"wp:featuredmedia":[{"embeddable":true,"href":"https:\/\/tiesupplier.com\/es\/wp-json\/wp\/v2\/media\/6226"}],"wp:attachment":[{"href":"https:\/\/tiesupplier.com\/es\/wp-json\/wp\/v2\/media?parent=6206"}],"wp:term":[{"taxonomy":"product_cat","embeddable":true,"href":"https:\/\/tiesupplier.com\/es\/wp-json\/wp\/v2\/product_cat?post=6206"},{"taxonomy":"product_tag","embeddable":true,"href":"https:\/\/tiesupplier.com\/es\/wp-json\/wp\/v2\/product_tag?post=6206"}],"curies":[{"name":"wp","href":"https:\/\/api.w.org\/{rel}","templated":true}]}}