{"id":6227,"date":"2025-11-25T13:11:26","date_gmt":"2025-11-25T13:11:26","guid":{"rendered":"https:\/\/tiesupplier.com\/product\/corbata-100-seda-para-hombre-con-estampado-de-flores\/"},"modified":"2025-11-25T13:11:26","modified_gmt":"2025-11-25T13:11:26","slug":"corbata-100-seda-para-hombre-con-estampado-de-flores","status":"publish","type":"product","link":"https:\/\/tiesupplier.com\/es\/product\/corbata-100-seda-para-hombre-con-estampado-de-flores\/","title":{"rendered":"Corbata 100% seda para hombre con estampado de flores"},"content":{"rendered":"<p>Esta corbata de lujo est\u00e1 exquisitamente elaborada y magn\u00edficamente tejida en seda pura. Todos los dise\u00f1os \u00fanicos tienen su origen en obras de arte abstractas pintadas a mano que han sido reproducidas con el m\u00e1ximo detalle y claridad para Tie Supplier.<\/p>\n<p>Simple, elegante y muy atemporal, Tie Supplier ya era su opci\u00f3n preferida para prendas de vestir modernas y de corte est\u00e1ndar, as\u00ed que \u00bfpor qu\u00e9 no ser\u00eda tambi\u00e9n su opci\u00f3n preferida para encontrar los accesorios que combinen?<\/p>\n","protected":false},"excerpt":{"rendered":"<p>Somos fabricantes en China. Si desea adquirir corbatas en stock al precio m\u00e1s reciente, cons\u00faltenos a continuaci\u00f3n. <\/p>\n<p>Si necesita una corbata personalizada o realizar un pedido OEM\/ODM, env\u00ede su dise\u00f1o por CORREO ELECTR\u00d3NICO.<\/p>\n<p>Correo electr\u00f3nico:<a href=\"mailto:supply@tiesupplier.com\">suministro@tiesupplier.com<\/a><\/p>\n","protected":false},"featured_media":6228,"comment_status":"open","ping_status":"closed","template":"","meta":[],"product_cat":[273],"product_tag":[275],"class_list":["post-6227","product","type-product","status-publish","has-post-thumbnail","hentry","product_cat-atar","product_tag-corbata-de-cuello","pa_material-silk"],"aioseo_notices":[],"_links":{"self":[{"href":"https:\/\/tiesupplier.com\/es\/wp-json\/wp\/v2\/product\/6227","targetHints":{"allow":["GET"]}}],"collection":[{"href":"https:\/\/tiesupplier.com\/es\/wp-json\/wp\/v2\/product"}],"about":[{"href":"https:\/\/tiesupplier.com\/es\/wp-json\/wp\/v2\/types\/product"}],"replies":[{"embeddable":true,"href":"https:\/\/tiesupplier.com\/es\/wp-json\/wp\/v2\/comments?post=6227"}],"version-history":[{"count":0,"href":"https:\/\/tiesupplier.com\/es\/wp-json\/wp\/v2\/product\/6227\/revisions"}],"wp:featuredmedia":[{"embeddable":true,"href":"https:\/\/tiesupplier.com\/es\/wp-json\/wp\/v2\/media\/6228"}],"wp:attachment":[{"href":"https:\/\/tiesupplier.com\/es\/wp-json\/wp\/v2\/media?parent=6227"}],"wp:term":[{"taxonomy":"product_cat","embeddable":true,"href":"https:\/\/tiesupplier.com\/es\/wp-json\/wp\/v2\/product_cat?post=6227"},{"taxonomy":"product_tag","embeddable":true,"href":"https:\/\/tiesupplier.com\/es\/wp-json\/wp\/v2\/product_tag?post=6227"}],"curies":[{"name":"wp","href":"https:\/\/api.w.org\/{rel}","templated":true}]}}