{"id":6240,"date":"2025-11-25T13:11:26","date_gmt":"2025-11-25T13:11:26","guid":{"rendered":"https:\/\/tiesupplier.com\/product\/corbata-de-seda-clasica-y-comoda-para-hombre\/"},"modified":"2025-11-25T13:11:26","modified_gmt":"2025-11-25T13:11:26","slug":"corbata-de-seda-clasica-y-comoda-para-hombre","status":"publish","type":"product","link":"https:\/\/tiesupplier.com\/es\/product\/corbata-de-seda-clasica-y-comoda-para-hombre\/","title":{"rendered":"CORBATA DE SEDA CL\u00c1SICA Y C\u00d3MODA PARA HOMBRE"},"content":{"rendered":"<p>La seda es el material m\u00e1s fino del mundo y la mejor opci\u00f3n de tejido para corbatas de seda. Las corbatas de seda son un elemento b\u00e1sico para bodas, reuniones de empresas y clientes y otros eventos formales que requieren vestirse elegante. En estos eventos, querr\u00e1s usar una corbata que sea c\u00f3moda de usar y \u00fanica.<\/p>\n","protected":false},"excerpt":{"rendered":"<p>Somos fabricantes en China. Si desea adquirir corbatas en stock al precio m\u00e1s reciente, cons\u00faltenos a continuaci\u00f3n. <\/p>\n<p>Si necesita una corbata personalizada o realizar un pedido OEM\/ODM, env\u00ede su dise\u00f1o por CORREO ELECTR\u00d3NICO.<\/p>\n<p>Correo electr\u00f3nico:<a href=\"mailto:supply@tiesupplier.com\">suministro@tiesupplier.com<\/a><\/p>\n","protected":false},"featured_media":6245,"comment_status":"open","ping_status":"closed","template":"","meta":[],"product_cat":[273],"product_tag":[286],"class_list":["post-6240","product","type-product","status-publish","has-post-thumbnail","hentry","product_cat-atar","product_tag-corbata-de-microfibra","pa_material-silk"],"aioseo_notices":[],"_links":{"self":[{"href":"https:\/\/tiesupplier.com\/es\/wp-json\/wp\/v2\/product\/6240","targetHints":{"allow":["GET"]}}],"collection":[{"href":"https:\/\/tiesupplier.com\/es\/wp-json\/wp\/v2\/product"}],"about":[{"href":"https:\/\/tiesupplier.com\/es\/wp-json\/wp\/v2\/types\/product"}],"replies":[{"embeddable":true,"href":"https:\/\/tiesupplier.com\/es\/wp-json\/wp\/v2\/comments?post=6240"}],"version-history":[{"count":0,"href":"https:\/\/tiesupplier.com\/es\/wp-json\/wp\/v2\/product\/6240\/revisions"}],"wp:featuredmedia":[{"embeddable":true,"href":"https:\/\/tiesupplier.com\/es\/wp-json\/wp\/v2\/media\/6245"}],"wp:attachment":[{"href":"https:\/\/tiesupplier.com\/es\/wp-json\/wp\/v2\/media?parent=6240"}],"wp:term":[{"taxonomy":"product_cat","embeddable":true,"href":"https:\/\/tiesupplier.com\/es\/wp-json\/wp\/v2\/product_cat?post=6240"},{"taxonomy":"product_tag","embeddable":true,"href":"https:\/\/tiesupplier.com\/es\/wp-json\/wp\/v2\/product_tag?post=6240"}],"curies":[{"name":"wp","href":"https:\/\/api.w.org\/{rel}","templated":true}]}}