{"id":6246,"date":"2025-11-25T13:11:26","date_gmt":"2025-11-25T13:11:26","guid":{"rendered":"https:\/\/tiesupplier.com\/product\/corbata-tradicional-estandar-de-ropa-de-trabajo-para-hombre\/"},"modified":"2025-11-25T13:11:26","modified_gmt":"2025-11-25T13:11:26","slug":"corbata-tradicional-estandar-de-ropa-de-trabajo-para-hombre","status":"publish","type":"product","link":"https:\/\/tiesupplier.com\/es\/product\/corbata-tradicional-estandar-de-ropa-de-trabajo-para-hombre\/","title":{"rendered":"Corbata tradicional est\u00e1ndar de ropa de trabajo para hombre"},"content":{"rendered":"<p>Las corbatas est\u00e1n todas en stock.<br \/>\nAgregue una nueva textura al look de su negocio con esta corbata de TIE SUPPLIER. La exclusiva tela Granadina combinada con un color atemporal crea la corbata de negocios definitiva.<\/p>\n<p>Tenemos dos excelentes sugerencias de combinaci\u00f3n para usted: para un estilo de negocios cl\u00e1sico, le sugerimos un traje gris, una camisa blanca y un clip de corbata plateado; para un look de verano elegante, le sugerimos combinar esta corbata con un traje color crema, una camisa celeste y un pa\u00f1uelo de bolsillo azul marino a juego. Fabricado en tejido de granadina.<\/p>\n<p>Largo de la corbata: 58&#8243;, Ancho: 3.5&#8243;<\/p>\n","protected":false},"excerpt":{"rendered":"<p>Somos fabricantes en China. Si desea adquirir corbatas en stock al precio m\u00e1s reciente, cons\u00faltenos a continuaci\u00f3n. <\/p>\n<p>Si necesita una corbata personalizada o realizar un pedido OEM\/ODM, env\u00ede su dise\u00f1o por CORREO ELECTR\u00d3NICO.<\/p>\n<p>Correo electr\u00f3nico:suministro@tiesupplier.com<\/p>\n","protected":false},"featured_media":6247,"comment_status":"open","ping_status":"closed","template":"","meta":[],"product_cat":[273],"product_tag":[281,286,290],"class_list":["post-6246","product","type-product","status-publish","has-post-thumbnail","hentry","product_cat-atar","product_tag-corbata-con-logotipo","product_tag-corbata-de-microfibra","product_tag-corbata-de-promocion","pa_material-polyester"],"aioseo_notices":[],"_links":{"self":[{"href":"https:\/\/tiesupplier.com\/es\/wp-json\/wp\/v2\/product\/6246","targetHints":{"allow":["GET"]}}],"collection":[{"href":"https:\/\/tiesupplier.com\/es\/wp-json\/wp\/v2\/product"}],"about":[{"href":"https:\/\/tiesupplier.com\/es\/wp-json\/wp\/v2\/types\/product"}],"replies":[{"embeddable":true,"href":"https:\/\/tiesupplier.com\/es\/wp-json\/wp\/v2\/comments?post=6246"}],"version-history":[{"count":0,"href":"https:\/\/tiesupplier.com\/es\/wp-json\/wp\/v2\/product\/6246\/revisions"}],"wp:featuredmedia":[{"embeddable":true,"href":"https:\/\/tiesupplier.com\/es\/wp-json\/wp\/v2\/media\/6247"}],"wp:attachment":[{"href":"https:\/\/tiesupplier.com\/es\/wp-json\/wp\/v2\/media?parent=6246"}],"wp:term":[{"taxonomy":"product_cat","embeddable":true,"href":"https:\/\/tiesupplier.com\/es\/wp-json\/wp\/v2\/product_cat?post=6246"},{"taxonomy":"product_tag","embeddable":true,"href":"https:\/\/tiesupplier.com\/es\/wp-json\/wp\/v2\/product_tag?post=6246"}],"curies":[{"name":"wp","href":"https:\/\/api.w.org\/{rel}","templated":true}]}}