{"id":6256,"date":"2025-11-25T13:11:26","date_gmt":"2025-11-25T13:11:26","guid":{"rendered":"https:\/\/tiesupplier.com\/product\/corbatas-casuales-de-microfibra-de-color-liso\/"},"modified":"2025-11-25T13:11:26","modified_gmt":"2025-11-25T13:11:26","slug":"corbatas-casuales-de-microfibra-de-color-liso","status":"publish","type":"product","link":"https:\/\/tiesupplier.com\/es\/product\/corbatas-casuales-de-microfibra-de-color-liso\/","title":{"rendered":"Corbatas casuales de microfibra de color liso"},"content":{"rendered":"<p>Actualice su colecci\u00f3n de camisas de vestir con esta corbata de rayas elegante y sin esfuerzo en deliciosos tonos de todo tipo de colores s\u00f3lidos. Las texturas sutiles y los colores tonales dram\u00e1ticos hacen de esta corbata un accesorio atemporal que puede agregar instant\u00e1neamente un toque moderno a cualquier conjunto.<\/p>\n<p>Esta hermosa corbata mon\u00f3tona est\u00e1 dise\u00f1ada por Tie Supplier y est\u00e1 hecha con una microfibra resistente a las manchas. Esta corbata viene en una multitud de otras combinaciones de colores.<\/p>\n","protected":false},"excerpt":{"rendered":"<p>Somos fabricantes en China. Si desea adquirir corbatas en stock al precio m\u00e1s reciente, cons\u00faltenos a continuaci\u00f3n. <\/p>\n<p>Si necesita una corbata personalizada o realizar un pedido OEM\/ODM, env\u00ede su dise\u00f1o por CORREO ELECTR\u00d3NICO.<\/p>\n<p>Correo electr\u00f3nico:suministro@tiesupplier.com<\/p>\n","protected":false},"featured_media":6257,"comment_status":"open","ping_status":"closed","template":"","meta":[],"product_cat":[273],"product_tag":[285,275],"class_list":["post-6256","product","type-product","status-publish","has-post-thumbnail","hentry","product_cat-atar","product_tag-corbata-de-color-liso","product_tag-corbata-de-cuello","pa_material-polyester"],"aioseo_notices":[],"_links":{"self":[{"href":"https:\/\/tiesupplier.com\/es\/wp-json\/wp\/v2\/product\/6256","targetHints":{"allow":["GET"]}}],"collection":[{"href":"https:\/\/tiesupplier.com\/es\/wp-json\/wp\/v2\/product"}],"about":[{"href":"https:\/\/tiesupplier.com\/es\/wp-json\/wp\/v2\/types\/product"}],"replies":[{"embeddable":true,"href":"https:\/\/tiesupplier.com\/es\/wp-json\/wp\/v2\/comments?post=6256"}],"version-history":[{"count":0,"href":"https:\/\/tiesupplier.com\/es\/wp-json\/wp\/v2\/product\/6256\/revisions"}],"wp:featuredmedia":[{"embeddable":true,"href":"https:\/\/tiesupplier.com\/es\/wp-json\/wp\/v2\/media\/6257"}],"wp:attachment":[{"href":"https:\/\/tiesupplier.com\/es\/wp-json\/wp\/v2\/media?parent=6256"}],"wp:term":[{"taxonomy":"product_cat","embeddable":true,"href":"https:\/\/tiesupplier.com\/es\/wp-json\/wp\/v2\/product_cat?post=6256"},{"taxonomy":"product_tag","embeddable":true,"href":"https:\/\/tiesupplier.com\/es\/wp-json\/wp\/v2\/product_tag?post=6256"}],"curies":[{"name":"wp","href":"https:\/\/api.w.org\/{rel}","templated":true}]}}