{"id":6279,"date":"2025-11-25T13:11:26","date_gmt":"2025-11-25T13:11:26","guid":{"rendered":"https:\/\/tiesupplier.com\/product\/corbata-de-poliester-con-cremallera-hecha-a-mano-de-promocion\/"},"modified":"2025-11-25T13:11:26","modified_gmt":"2025-11-25T13:11:26","slug":"corbata-de-poliester-con-cremallera-hecha-a-mano-de-promocion","status":"publish","type":"product","link":"https:\/\/tiesupplier.com\/es\/product\/corbata-de-poliester-con-cremallera-hecha-a-mano-de-promocion\/","title":{"rendered":"Corbata de poli\u00e9ster con cremallera hecha a mano de promoci\u00f3n"},"content":{"rendered":"<p>Tama\u00f1o de esta corbata: 48 x 7 cm, su tama\u00f1o normal para hombres adultos.<br \/>\n\u00bfPor qu\u00e9 elegir esta corbata? \u00a1Es muy econ\u00f3mica! Si busca corbatas promocionales o de stock para comprar al por mayor, esta es la mejor opci\u00f3n.<\/p>\n","protected":false},"excerpt":{"rendered":"<p>Somos fabricantes en China. Si desea adquirir corbatas en stock al precio m\u00e1s reciente, cons\u00faltenos a continuaci\u00f3n. <\/p>\n<p>Si necesita una corbata personalizada o realizar un pedido OEM\/ODM, env\u00ede su dise\u00f1o por CORREO ELECTR\u00d3NICO.<\/p>\n<p>Correo electr\u00f3nico:suministro@tiesupplier.com<\/p>\n","protected":false},"featured_media":6280,"comment_status":"open","ping_status":"closed","template":"","meta":[],"product_cat":[273],"product_tag":[276,286,290],"class_list":["post-6279","product","type-product","status-publish","has-post-thumbnail","hentry","product_cat-atar","product_tag-corbata-al-por-mayor","product_tag-corbata-de-microfibra","product_tag-corbata-de-promocion","pa_material-polyester"],"aioseo_notices":[],"_links":{"self":[{"href":"https:\/\/tiesupplier.com\/es\/wp-json\/wp\/v2\/product\/6279","targetHints":{"allow":["GET"]}}],"collection":[{"href":"https:\/\/tiesupplier.com\/es\/wp-json\/wp\/v2\/product"}],"about":[{"href":"https:\/\/tiesupplier.com\/es\/wp-json\/wp\/v2\/types\/product"}],"replies":[{"embeddable":true,"href":"https:\/\/tiesupplier.com\/es\/wp-json\/wp\/v2\/comments?post=6279"}],"version-history":[{"count":0,"href":"https:\/\/tiesupplier.com\/es\/wp-json\/wp\/v2\/product\/6279\/revisions"}],"wp:featuredmedia":[{"embeddable":true,"href":"https:\/\/tiesupplier.com\/es\/wp-json\/wp\/v2\/media\/6280"}],"wp:attachment":[{"href":"https:\/\/tiesupplier.com\/es\/wp-json\/wp\/v2\/media?parent=6279"}],"wp:term":[{"taxonomy":"product_cat","embeddable":true,"href":"https:\/\/tiesupplier.com\/es\/wp-json\/wp\/v2\/product_cat?post=6279"},{"taxonomy":"product_tag","embeddable":true,"href":"https:\/\/tiesupplier.com\/es\/wp-json\/wp\/v2\/product_tag?post=6279"}],"curies":[{"name":"wp","href":"https:\/\/api.w.org\/{rel}","templated":true}]}}