{"id":6300,"date":"2025-11-25T13:11:26","date_gmt":"2025-11-25T13:11:26","guid":{"rendered":"https:\/\/tiesupplier.com\/product\/dibujo-diy-corbata-de-algodon-blanca\/"},"modified":"2025-11-25T13:11:26","modified_gmt":"2025-11-25T13:11:26","slug":"dibujo-diy-corbata-de-algodon-blanca","status":"publish","type":"product","link":"https:\/\/tiesupplier.com\/es\/product\/dibujo-diy-corbata-de-algodon-blanca\/","title":{"rendered":"DIBUJO DIY Corbata de algod\u00f3n blanca"},"content":{"rendered":"<p>Esta corbata es de color s\u00f3lido, blanco. El material es algod\u00f3n, que se siente c\u00f3modo.<br \/>\nPuedes dibujar en esta corbata y hacer t\u00fa mismo tu patr\u00f3n favorito en ella.<\/p>\n","protected":false},"excerpt":{"rendered":"<p>Somos fabricantes en China. Si desea adquirir corbatas en stock al precio m\u00e1s reciente, cons\u00faltenos a continuaci\u00f3n. <\/p>\n<p>Si necesita una corbata personalizada o realizar un pedido OEM\/ODM, env\u00ede su dise\u00f1o por CORREO ELECTR\u00d3NICO.<\/p>\n<p>Correo electr\u00f3nico:suministro@tiesupplier.com<\/p>\n","protected":false},"featured_media":6301,"comment_status":"open","ping_status":"closed","template":"","meta":[],"product_cat":[273],"product_tag":[274,285,282],"class_list":["post-6300","product","type-product","status-publish","has-post-thumbnail","hentry","product_cat-atar","product_tag-corbata-de-algodon","product_tag-corbata-de-color-liso","product_tag-corbata-personalizada","pa_material-cotton"],"aioseo_notices":[],"_links":{"self":[{"href":"https:\/\/tiesupplier.com\/es\/wp-json\/wp\/v2\/product\/6300","targetHints":{"allow":["GET"]}}],"collection":[{"href":"https:\/\/tiesupplier.com\/es\/wp-json\/wp\/v2\/product"}],"about":[{"href":"https:\/\/tiesupplier.com\/es\/wp-json\/wp\/v2\/types\/product"}],"replies":[{"embeddable":true,"href":"https:\/\/tiesupplier.com\/es\/wp-json\/wp\/v2\/comments?post=6300"}],"version-history":[{"count":0,"href":"https:\/\/tiesupplier.com\/es\/wp-json\/wp\/v2\/product\/6300\/revisions"}],"wp:featuredmedia":[{"embeddable":true,"href":"https:\/\/tiesupplier.com\/es\/wp-json\/wp\/v2\/media\/6301"}],"wp:attachment":[{"href":"https:\/\/tiesupplier.com\/es\/wp-json\/wp\/v2\/media?parent=6300"}],"wp:term":[{"taxonomy":"product_cat","embeddable":true,"href":"https:\/\/tiesupplier.com\/es\/wp-json\/wp\/v2\/product_cat?post=6300"},{"taxonomy":"product_tag","embeddable":true,"href":"https:\/\/tiesupplier.com\/es\/wp-json\/wp\/v2\/product_tag?post=6300"}],"curies":[{"name":"wp","href":"https:\/\/api.w.org\/{rel}","templated":true}]}}