{"id":6306,"date":"2025-11-25T13:11:26","date_gmt":"2025-11-25T13:11:26","guid":{"rendered":"https:\/\/tiesupplier.com\/product\/corbata-de-rayas-personalizada-para-hombre-10-patrones-de-corbata-para-elegir\/"},"modified":"2025-11-25T13:11:26","modified_gmt":"2025-11-25T13:11:26","slug":"corbata-de-rayas-personalizada-para-hombre-10-patrones-de-corbata-para-elegir","status":"publish","type":"product","link":"https:\/\/tiesupplier.com\/es\/product\/corbata-de-rayas-personalizada-para-hombre-10-patrones-de-corbata-para-elegir\/","title":{"rendered":"Corbata de rayas personalizada para hombre, 10 patrones de corbata para elegir"},"content":{"rendered":"<p>Esta moderna corbata a rayas se destacar\u00e1 instant\u00e1neamente entre todas las dem\u00e1s corbatas de tu armario. Es una corbata que agregar\u00e1 un color llamativo a cualquier conjunto manteniendo al mismo tiempo el aspecto cl\u00e1sico y profesional.<\/p>\n<p>Esta corbata combina bien con casi cualquier color de traje. Preferimos usar esta corbata en los meses de verano junto con un traje gris, una camisa blanca y un pa\u00f1uelo de bolsillo rosa. Fabricado en microfibra por Tie Supplier.<\/p>\n<p>Puedes personalizar tu corbata con tu dise\u00f1o. Simplemente env\u00edanos tu idea.<\/p>\n","protected":false},"excerpt":{"rendered":"<p>Somos fabricantes en China. Si desea adquirir corbatas en stock al precio m\u00e1s reciente, cons\u00faltenos a continuaci\u00f3n. <\/p>\n<p>Si necesita una corbata personalizada o realizar un pedido OEM\/ODM, env\u00ede su dise\u00f1o por CORREO ELECTR\u00d3NICO.<\/p>\n<p>Correo electr\u00f3nico:suministro@tiesupplier.com<\/p>\n","protected":false},"featured_media":6317,"comment_status":"open","ping_status":"closed","template":"","meta":[],"product_cat":[273],"product_tag":[275,282],"class_list":["post-6306","product","type-product","status-publish","has-post-thumbnail","hentry","product_cat-atar","product_tag-corbata-de-cuello","product_tag-corbata-personalizada","pa_material-polyester"],"aioseo_notices":[],"_links":{"self":[{"href":"https:\/\/tiesupplier.com\/es\/wp-json\/wp\/v2\/product\/6306","targetHints":{"allow":["GET"]}}],"collection":[{"href":"https:\/\/tiesupplier.com\/es\/wp-json\/wp\/v2\/product"}],"about":[{"href":"https:\/\/tiesupplier.com\/es\/wp-json\/wp\/v2\/types\/product"}],"replies":[{"embeddable":true,"href":"https:\/\/tiesupplier.com\/es\/wp-json\/wp\/v2\/comments?post=6306"}],"version-history":[{"count":0,"href":"https:\/\/tiesupplier.com\/es\/wp-json\/wp\/v2\/product\/6306\/revisions"}],"wp:featuredmedia":[{"embeddable":true,"href":"https:\/\/tiesupplier.com\/es\/wp-json\/wp\/v2\/media\/6317"}],"wp:attachment":[{"href":"https:\/\/tiesupplier.com\/es\/wp-json\/wp\/v2\/media?parent=6306"}],"wp:term":[{"taxonomy":"product_cat","embeddable":true,"href":"https:\/\/tiesupplier.com\/es\/wp-json\/wp\/v2\/product_cat?post=6306"},{"taxonomy":"product_tag","embeddable":true,"href":"https:\/\/tiesupplier.com\/es\/wp-json\/wp\/v2\/product_tag?post=6306"}],"curies":[{"name":"wp","href":"https:\/\/api.w.org\/{rel}","templated":true}]}}