{"id":6318,"date":"2025-11-25T13:11:26","date_gmt":"2025-11-25T13:11:26","guid":{"rendered":"https:\/\/tiesupplier.com\/product\/comoda-corbata-de-microfibra-de-alta-calidad\/"},"modified":"2025-11-25T13:11:26","modified_gmt":"2025-11-25T13:11:26","slug":"comoda-corbata-de-microfibra-de-alta-calidad","status":"publish","type":"product","link":"https:\/\/tiesupplier.com\/es\/product\/comoda-corbata-de-microfibra-de-alta-calidad\/","title":{"rendered":"C\u00f3moda corbata de microfibra de alta calidad"},"content":{"rendered":"<p>El proveedor de corbatas ha creado una corbata de rayas contempor\u00e1nea en colores cl\u00e1sicos y conservadores. Estas corbatas son perfectas para aquellos que quieren un dise\u00f1o ligeramente diferente pero quieren mantener un atuendo cl\u00e1sico y profesional.<\/p>\n<p>\u00a1La corbata se puede usar con cualquier color de traje! Adem\u00e1s, es una corbata que se adaptar\u00e1 bien a cualquier \u00e9poca del a\u00f1o. Esta corbata es tan vers\u00e1til que simplemente pertenece al guardarropa de cualquier persona que use corbata. Hecho a mano en poli\u00e9ster por Tie Supplier.<\/p>\n","protected":false},"excerpt":{"rendered":"<p>Somos fabricantes en China. Si desea adquirir corbatas en stock al precio m\u00e1s reciente, cons\u00faltenos a continuaci\u00f3n. <\/p>\n<p>Si necesita una corbata personalizada o realizar un pedido OEM\/ODM, env\u00ede su dise\u00f1o por CORREO ELECTR\u00d3NICO.<\/p>\n<p>Correo electr\u00f3nico:suministro@tiesupplier.com<\/p>\n","protected":false},"featured_media":6320,"comment_status":"open","ping_status":"closed","template":"","meta":[],"product_cat":[273],"product_tag":[275,286],"class_list":["post-6318","product","type-product","status-publish","has-post-thumbnail","hentry","product_cat-atar","product_tag-corbata-de-cuello","product_tag-corbata-de-microfibra","pa_material-polyester"],"aioseo_notices":[],"_links":{"self":[{"href":"https:\/\/tiesupplier.com\/es\/wp-json\/wp\/v2\/product\/6318","targetHints":{"allow":["GET"]}}],"collection":[{"href":"https:\/\/tiesupplier.com\/es\/wp-json\/wp\/v2\/product"}],"about":[{"href":"https:\/\/tiesupplier.com\/es\/wp-json\/wp\/v2\/types\/product"}],"replies":[{"embeddable":true,"href":"https:\/\/tiesupplier.com\/es\/wp-json\/wp\/v2\/comments?post=6318"}],"version-history":[{"count":0,"href":"https:\/\/tiesupplier.com\/es\/wp-json\/wp\/v2\/product\/6318\/revisions"}],"wp:featuredmedia":[{"embeddable":true,"href":"https:\/\/tiesupplier.com\/es\/wp-json\/wp\/v2\/media\/6320"}],"wp:attachment":[{"href":"https:\/\/tiesupplier.com\/es\/wp-json\/wp\/v2\/media?parent=6318"}],"wp:term":[{"taxonomy":"product_cat","embeddable":true,"href":"https:\/\/tiesupplier.com\/es\/wp-json\/wp\/v2\/product_cat?post=6318"},{"taxonomy":"product_tag","embeddable":true,"href":"https:\/\/tiesupplier.com\/es\/wp-json\/wp\/v2\/product_tag?post=6318"}],"curies":[{"name":"wp","href":"https:\/\/api.w.org\/{rel}","templated":true}]}}