{"id":6331,"date":"2025-11-25T13:11:26","date_gmt":"2025-11-25T13:11:26","guid":{"rendered":"https:\/\/tiesupplier.com\/product\/corbatas-tradicionales-baratas-al-por-mayor-para-hombres\/"},"modified":"2025-11-25T13:11:26","modified_gmt":"2025-11-25T13:11:26","slug":"corbatas-tradicionales-baratas-al-por-mayor-para-hombres","status":"publish","type":"product","link":"https:\/\/tiesupplier.com\/es\/product\/corbatas-tradicionales-baratas-al-por-mayor-para-hombres\/","title":{"rendered":"Corbatas tradicionales baratas al por mayor para hombres"},"content":{"rendered":"<p>Estos son los dise\u00f1os cl\u00e1sicos de Tie Supplier. Es una corbata que est\u00e1 de moda pero no es demasiado llamativa para usarla en su pr\u00f3xima reuni\u00f3n de junta directiva. Combina esta corbata con una camisa blanca lisa para lograr un look m\u00e1s conservador. \u00bfQuieres algo un poco m\u00e1s vanguardista y a la moda? Entonces combina esta corbata con una camisa negra lisa, un traje negro y un pa\u00f1uelo azul a juego.<\/p>\n<p>Todas estas corbatas est\u00e1n disponibles en stock.<\/p>\n","protected":false},"excerpt":{"rendered":"<p>Somos fabricantes en China. Si desea adquirir corbatas en stock al precio m\u00e1s reciente, cons\u00faltenos a continuaci\u00f3n. <\/p>\n<p>Si necesita una corbata personalizada o realizar un pedido OEM\/ODM, env\u00ede su dise\u00f1o por CORREO ELECTR\u00d3NICO.<\/p>\n<p>Correo electr\u00f3nico:suministro@tiesupplier.com<\/p>\n","protected":false},"featured_media":6332,"comment_status":"open","ping_status":"closed","template":"","meta":[],"product_cat":[273],"product_tag":[276,275],"class_list":["post-6331","product","type-product","status-publish","has-post-thumbnail","hentry","product_cat-atar","product_tag-corbata-al-por-mayor","product_tag-corbata-de-cuello","pa_material-polyester"],"aioseo_notices":[],"_links":{"self":[{"href":"https:\/\/tiesupplier.com\/es\/wp-json\/wp\/v2\/product\/6331","targetHints":{"allow":["GET"]}}],"collection":[{"href":"https:\/\/tiesupplier.com\/es\/wp-json\/wp\/v2\/product"}],"about":[{"href":"https:\/\/tiesupplier.com\/es\/wp-json\/wp\/v2\/types\/product"}],"replies":[{"embeddable":true,"href":"https:\/\/tiesupplier.com\/es\/wp-json\/wp\/v2\/comments?post=6331"}],"version-history":[{"count":0,"href":"https:\/\/tiesupplier.com\/es\/wp-json\/wp\/v2\/product\/6331\/revisions"}],"wp:featuredmedia":[{"embeddable":true,"href":"https:\/\/tiesupplier.com\/es\/wp-json\/wp\/v2\/media\/6332"}],"wp:attachment":[{"href":"https:\/\/tiesupplier.com\/es\/wp-json\/wp\/v2\/media?parent=6331"}],"wp:term":[{"taxonomy":"product_cat","embeddable":true,"href":"https:\/\/tiesupplier.com\/es\/wp-json\/wp\/v2\/product_cat?post=6331"},{"taxonomy":"product_tag","embeddable":true,"href":"https:\/\/tiesupplier.com\/es\/wp-json\/wp\/v2\/product_tag?post=6331"}],"curies":[{"name":"wp","href":"https:\/\/api.w.org\/{rel}","templated":true}]}}