{"id":6383,"date":"2025-11-25T13:11:26","date_gmt":"2025-11-25T13:11:26","guid":{"rendered":"https:\/\/tiesupplier.com\/product\/pajarita-para-mascotas-con-estampado-colorido-para-venta-al-por-mayor\/"},"modified":"2025-11-25T13:11:26","modified_gmt":"2025-11-25T13:11:26","slug":"pajarita-para-mascotas-con-estampado-colorido-para-venta-al-por-mayor","status":"publish","type":"product","link":"https:\/\/tiesupplier.com\/es\/product\/pajarita-para-mascotas-con-estampado-colorido-para-venta-al-por-mayor\/","title":{"rendered":"Pajarita para mascotas con estampado colorido para venta al por mayor"},"content":{"rendered":"<p>Esta pajarita mascota tiene 25 colores a elegir.<\/p>\n<p>Todo el patr\u00f3n est\u00e1 en stock. Puedes a\u00f1adirlo a tu carrito para comprarlo.<\/p>\n<p>Si tiene un pedido de corbatas para mascotas, tambi\u00e9n puede contactarnos.<\/p>\n","protected":false},"excerpt":{"rendered":"<p>Somos fabricantes en China. Si desea adquirir corbatas en stock al precio m\u00e1s reciente, cons\u00faltenos a continuaci\u00f3n. <\/p>\n<p>Si necesita una corbata personalizada o realizar un pedido OEM\/ODM, env\u00ede su dise\u00f1o por CORREO ELECTR\u00d3NICO.<\/p>\n<p>Correo electr\u00f3nico:<a href=\"mailto:supply@tiesupplier.com\">suministro@tiesupplier.com<\/a><\/p>\n","protected":false},"featured_media":6384,"comment_status":"open","ping_status":"closed","template":"","meta":[],"product_cat":[278],"product_tag":[287,298,295],"class_list":["post-6383","product","type-product","status-publish","has-post-thumbnail","hentry","product_cat-bufanda","product_tag-corbata-de-nino","product_tag-corbata-para-mascotas","product_tag-pajarita-para-mascotas","pa_material-polyester"],"aioseo_notices":[],"_links":{"self":[{"href":"https:\/\/tiesupplier.com\/es\/wp-json\/wp\/v2\/product\/6383","targetHints":{"allow":["GET"]}}],"collection":[{"href":"https:\/\/tiesupplier.com\/es\/wp-json\/wp\/v2\/product"}],"about":[{"href":"https:\/\/tiesupplier.com\/es\/wp-json\/wp\/v2\/types\/product"}],"replies":[{"embeddable":true,"href":"https:\/\/tiesupplier.com\/es\/wp-json\/wp\/v2\/comments?post=6383"}],"version-history":[{"count":0,"href":"https:\/\/tiesupplier.com\/es\/wp-json\/wp\/v2\/product\/6383\/revisions"}],"wp:featuredmedia":[{"embeddable":true,"href":"https:\/\/tiesupplier.com\/es\/wp-json\/wp\/v2\/media\/6384"}],"wp:attachment":[{"href":"https:\/\/tiesupplier.com\/es\/wp-json\/wp\/v2\/media?parent=6383"}],"wp:term":[{"taxonomy":"product_cat","embeddable":true,"href":"https:\/\/tiesupplier.com\/es\/wp-json\/wp\/v2\/product_cat?post=6383"},{"taxonomy":"product_tag","embeddable":true,"href":"https:\/\/tiesupplier.com\/es\/wp-json\/wp\/v2\/product_tag?post=6383"}],"curies":[{"name":"wp","href":"https:\/\/api.w.org\/{rel}","templated":true}]}}