{"id":6385,"date":"2025-11-25T13:11:26","date_gmt":"2025-11-25T13:11:26","guid":{"rendered":"https:\/\/tiesupplier.com\/product\/panuelo-de-bolsillo-de-algodon-con-estampado-de-flores-2424cm\/"},"modified":"2025-11-25T13:11:26","modified_gmt":"2025-11-25T13:11:26","slug":"panuelo-de-bolsillo-de-algodon-con-estampado-de-flores-2424cm","status":"publish","type":"product","link":"https:\/\/tiesupplier.com\/es\/product\/panuelo-de-bolsillo-de-algodon-con-estampado-de-flores-2424cm\/","title":{"rendered":"Pa\u00f1uelo de bolsillo de algod\u00f3n con estampado de flores 24*24CM"},"content":{"rendered":"<table class=\"aliDataTable\" border=\"5\">\n<tbody>\n<tr>\n<td width=\"41\" data-spm-anchor-id=\"a2700.details.0.i15.2b1c1b0dzwHFlg\">1<\/td>\n<td width=\"122\"><strong> composici\u00f3n<\/strong><\/td>\n<td width=\"547\"><strong> La tela de algod\u00f3n u otra puede ser seg\u00fan los requisitos del cliente.<\/strong><\/td>\n<\/tr>\n<tr>\n<td>  2<\/td>\n<td> <strong>Tama\u00f1o 24*24<\/strong><\/td>\n<td><strong>24*24CM, o personalizado<\/strong><\/td>\n<\/tr>\n<tr>\n<td>  3<\/td>\n<td><strong> Embalaje<\/strong><\/td>\n<td><strong> 1 pieza\/bolsa de polietileno o caja de regalo u otras seg\u00fan sus requisitos espec\u00edficos<\/strong><\/td>\n<\/tr>\n<tr>\n<td>  4<\/td>\n<td><strong> Condiciones de entrega<\/strong><\/td>\n<td><strong> FOB Shanghai o Ningbo o por empresa expr\u00e9s<\/strong><\/td>\n<\/tr>\n<tr>\n<td>  5<\/td>\n<td><strong> El tiempo de entrega<\/strong><\/td>\n<td><strong> aproximadamente 20 d\u00edas a un mes despu\u00e9s de recibir su pago por adelantado<\/strong><\/td>\n<\/tr>\n<tr>\n<td>  6<\/td>\n<td><strong> Precio<\/strong><\/td>\n<td><strong><span data-spm-anchor-id=\"a2700.details.0.i16.2b1c1b0dzwHFlg\"> Negociable, seg\u00fan su tela, tama\u00f1o, cantidad y dise\u00f1o.<\/span><\/strong><\/td>\n<\/tr>\n<tr>\n<td>  7<\/td>\n<td><strong> Cantidad m\u00ednima de pedido<\/strong><\/td>\n<td data-spm-anchor-id=\"a2700.details.0.i35.2b1c1b0dzwHFlg\"><strong> 100 piezas por color\/dise\u00f1o o simplemente dame tu cantidad<\/strong><\/td>\n<\/tr>\n<tr>\n<td>  8<\/td>\n<td><strong> Condiciones de pago<\/strong><\/td>\n<td><strong> T\/T por adelantado o Paypal o Western Union<\/strong><\/td>\n<\/tr>\n<tr>\n<td>  9<\/td>\n<td><strong> Costo de la muestra<\/strong><\/td>\n<td><strong> Necesita una costa adecuada<\/strong><\/td>\n<\/tr>\n<tr>\n<td>  10<\/td>\n<td><strong> Tiempo de muestra<\/strong><\/td>\n<td><strong> Aproximadamente 1 semana a 10 d\u00edas<\/strong><\/td>\n<\/tr>\n<\/tbody>\n<\/table>\n<p data-spm-anchor-id=\"a2700.details.0.i34.2b1c1b0dzwHFlg\"><strong>Podemos hacer cualquier dise\u00f1o que desees. No dudes en contactarme cuando quieras. <\/strong>.<\/p>\n","protected":false},"excerpt":{"rendered":"<p>Somos fabricantes en China. Si desea adquirir corbatas en stock al precio m\u00e1s reciente, cons\u00faltenos a continuaci\u00f3n. <\/p>\n<p>Si necesita una corbata personalizada o realizar un pedido OEM\/ODM, env\u00ede su dise\u00f1o por CORREO ELECTR\u00d3NICO.<\/p>\n<p>Correo electr\u00f3nico:<a href=\"mailto:supply@tiesupplier.com\">suministro@tiesupplier.com<\/a><\/p>\n","protected":false},"featured_media":6403,"comment_status":"open","ping_status":"closed","template":"","meta":[],"product_cat":[278],"product_tag":[297],"class_list":["post-6385","product","type-product","status-publish","has-post-thumbnail","hentry","product_cat-bufanda","product_tag-panuelo-de-bolsillo","pa_material-cotton"],"aioseo_notices":[],"_links":{"self":[{"href":"https:\/\/tiesupplier.com\/es\/wp-json\/wp\/v2\/product\/6385","targetHints":{"allow":["GET"]}}],"collection":[{"href":"https:\/\/tiesupplier.com\/es\/wp-json\/wp\/v2\/product"}],"about":[{"href":"https:\/\/tiesupplier.com\/es\/wp-json\/wp\/v2\/types\/product"}],"replies":[{"embeddable":true,"href":"https:\/\/tiesupplier.com\/es\/wp-json\/wp\/v2\/comments?post=6385"}],"version-history":[{"count":0,"href":"https:\/\/tiesupplier.com\/es\/wp-json\/wp\/v2\/product\/6385\/revisions"}],"wp:featuredmedia":[{"embeddable":true,"href":"https:\/\/tiesupplier.com\/es\/wp-json\/wp\/v2\/media\/6403"}],"wp:attachment":[{"href":"https:\/\/tiesupplier.com\/es\/wp-json\/wp\/v2\/media?parent=6385"}],"wp:term":[{"taxonomy":"product_cat","embeddable":true,"href":"https:\/\/tiesupplier.com\/es\/wp-json\/wp\/v2\/product_cat?post=6385"},{"taxonomy":"product_tag","embeddable":true,"href":"https:\/\/tiesupplier.com\/es\/wp-json\/wp\/v2\/product_tag?post=6385"}],"curies":[{"name":"wp","href":"https:\/\/api.w.org\/{rel}","templated":true}]}}