{"id":6404,"date":"2025-11-25T13:11:25","date_gmt":"2025-11-25T13:11:25","guid":{"rendered":"https:\/\/tiesupplier.com\/product\/corbata-personalizada-para-hombre-hecha-a-mano-en-tela-100-poliester\/"},"modified":"2025-11-25T13:11:25","modified_gmt":"2025-11-25T13:11:25","slug":"corbata-personalizada-para-hombre-hecha-a-mano-en-tela-100-poliester","status":"publish","type":"product","link":"https:\/\/tiesupplier.com\/es\/product\/corbata-personalizada-para-hombre-hecha-a-mano-en-tela-100-poliester\/","title":{"rendered":"Corbata personalizada para hombre hecha a mano en tela 100% poli\u00e9ster"},"content":{"rendered":"<p>Esta corbata fue hecha 100% a mano. La tela de poli\u00e9ster es c\u00f3moda.<\/p>\n<p>Puedes agregar tu logotipo para personalizarlo. Solo env\u00edanos tu idea, la dejaremos realidad.<\/p>\n","protected":false},"excerpt":{"rendered":"<p>Somos fabricantes en China. Si desea adquirir corbatas en stock al precio m\u00e1s reciente, cons\u00faltenos a continuaci\u00f3n. <\/p>\n<p>Si necesita una corbata personalizada o realizar un pedido OEM\/ODM, env\u00ede su dise\u00f1o por CORREO ELECTR\u00d3NICO.<\/p>\n<p>Correo electr\u00f3nico:<a href=\"mailto:supply@tiesupplier.com\">suministro@tiesupplier.com<\/a><\/p>\n","protected":false},"featured_media":6405,"comment_status":"open","ping_status":"closed","template":"","meta":[],"product_cat":[273],"product_tag":[275,282],"class_list":["post-6404","product","type-product","status-publish","has-post-thumbnail","hentry","product_cat-atar","product_tag-corbata-de-cuello","product_tag-corbata-personalizada","pa_material-polyester"],"aioseo_notices":[],"_links":{"self":[{"href":"https:\/\/tiesupplier.com\/es\/wp-json\/wp\/v2\/product\/6404","targetHints":{"allow":["GET"]}}],"collection":[{"href":"https:\/\/tiesupplier.com\/es\/wp-json\/wp\/v2\/product"}],"about":[{"href":"https:\/\/tiesupplier.com\/es\/wp-json\/wp\/v2\/types\/product"}],"replies":[{"embeddable":true,"href":"https:\/\/tiesupplier.com\/es\/wp-json\/wp\/v2\/comments?post=6404"}],"version-history":[{"count":0,"href":"https:\/\/tiesupplier.com\/es\/wp-json\/wp\/v2\/product\/6404\/revisions"}],"wp:featuredmedia":[{"embeddable":true,"href":"https:\/\/tiesupplier.com\/es\/wp-json\/wp\/v2\/media\/6405"}],"wp:attachment":[{"href":"https:\/\/tiesupplier.com\/es\/wp-json\/wp\/v2\/media?parent=6404"}],"wp:term":[{"taxonomy":"product_cat","embeddable":true,"href":"https:\/\/tiesupplier.com\/es\/wp-json\/wp\/v2\/product_cat?post=6404"},{"taxonomy":"product_tag","embeddable":true,"href":"https:\/\/tiesupplier.com\/es\/wp-json\/wp\/v2\/product_tag?post=6404"}],"curies":[{"name":"wp","href":"https:\/\/api.w.org\/{rel}","templated":true}]}}