{"id":6421,"date":"2025-11-25T13:09:35","date_gmt":"2025-11-25T13:09:35","guid":{"rendered":"https:\/\/tiesupplier.com\/product\/corbata-cuadrada-azul-marino-con-hilo-plateado-para-hombre\/"},"modified":"2025-11-25T13:09:35","modified_gmt":"2025-11-25T13:09:35","slug":"corbata-cuadrada-azul-marino-con-hilo-plateado-para-hombre","status":"publish","type":"product","link":"https:\/\/tiesupplier.com\/es\/product\/corbata-cuadrada-azul-marino-con-hilo-plateado-para-hombre\/","title":{"rendered":"Corbata Cuadrada Azul Marino con Hilo Plateado para hombre"},"content":{"rendered":"<p>Esta corbata cuadrada con el cl\u00e1sico azul marino te da estabilidad, y el hilo plateado te da agilidad.<\/p>\n<p>Esta corbata est\u00e1 hecha de poli\u00e9ster. El poli\u00e9ster es una tela de microfibra de poli\u00e9ster brillante y rica con grosgrain aut\u00e9ntico. Esta corbata de dise\u00f1o delgado que te hace lucir joven e inteligente es ideal para ocasiones de negocios. Combina con trajes ajustados para equilibrarlo, luce muy elegante y te hace una persona m\u00e1s agradable. Las corbatas de poli\u00e9ster para hombres (corbatas delgadas) siguen las teor\u00edas de coordinaci\u00f3n de trajes de negocios, por lo que tendr\u00e1 un estilo comercial perfecto para generar confianza en el trabajo.<\/p>\n","protected":false},"excerpt":{"rendered":"<p>Somos fabricantes en China. Si desea adquirir corbatas en stock al precio m\u00e1s reciente, cons\u00faltenos a continuaci\u00f3n. <\/p>\n<p>Si necesita una corbata personalizada o realizar un pedido OEM\/ODM, env\u00ede su dise\u00f1o por CORREO ELECTR\u00d3NICO.<\/p>\n<p>Correo electr\u00f3nico:<a href=\"mailto:supply@tiesupplier.com\">suministro@tiesupplier.com<\/a><\/p>\n","protected":false},"featured_media":6422,"comment_status":"open","ping_status":"closed","template":"","meta":[],"product_cat":[273],"product_tag":[294],"class_list":["post-6421","product","type-product","status-publish","has-post-thumbnail","hentry","product_cat-atar","product_tag-corbata-cuadrada","pa_material-polyester"],"aioseo_notices":[],"_links":{"self":[{"href":"https:\/\/tiesupplier.com\/es\/wp-json\/wp\/v2\/product\/6421","targetHints":{"allow":["GET"]}}],"collection":[{"href":"https:\/\/tiesupplier.com\/es\/wp-json\/wp\/v2\/product"}],"about":[{"href":"https:\/\/tiesupplier.com\/es\/wp-json\/wp\/v2\/types\/product"}],"replies":[{"embeddable":true,"href":"https:\/\/tiesupplier.com\/es\/wp-json\/wp\/v2\/comments?post=6421"}],"version-history":[{"count":0,"href":"https:\/\/tiesupplier.com\/es\/wp-json\/wp\/v2\/product\/6421\/revisions"}],"wp:featuredmedia":[{"embeddable":true,"href":"https:\/\/tiesupplier.com\/es\/wp-json\/wp\/v2\/media\/6422"}],"wp:attachment":[{"href":"https:\/\/tiesupplier.com\/es\/wp-json\/wp\/v2\/media?parent=6421"}],"wp:term":[{"taxonomy":"product_cat","embeddable":true,"href":"https:\/\/tiesupplier.com\/es\/wp-json\/wp\/v2\/product_cat?post=6421"},{"taxonomy":"product_tag","embeddable":true,"href":"https:\/\/tiesupplier.com\/es\/wp-json\/wp\/v2\/product_tag?post=6421"}],"curies":[{"name":"wp","href":"https:\/\/api.w.org\/{rel}","templated":true}]}}