{"id":6425,"date":"2025-11-25T13:09:35","date_gmt":"2025-11-25T13:09:35","guid":{"rendered":"https:\/\/tiesupplier.com\/product\/corbata-de-cuello-azul-marino-con-lunares-para-hombre-corbatas-de-moda\/"},"modified":"2025-11-25T13:09:35","modified_gmt":"2025-11-25T13:09:35","slug":"corbata-de-cuello-azul-marino-con-lunares-para-hombre-corbatas-de-moda","status":"publish","type":"product","link":"https:\/\/tiesupplier.com\/es\/product\/corbata-de-cuello-azul-marino-con-lunares-para-hombre-corbatas-de-moda\/","title":{"rendered":"Corbata de cuello azul marino con lunares para hombre Corbatas de moda"},"content":{"rendered":"<p>La tela de esta corbata es poli\u00e9ster, dise\u00f1ada por el dise\u00f1ador y hecha a mano. La apariencia es suave y sin arrugas, y llevar esta corbata har\u00e1 que la persona de negocios se vea m\u00e1s profesional.<\/p>\n<p>El producto est\u00e1 en stock.<\/p>\n","protected":false},"excerpt":{"rendered":"<p>Somos fabricantes en China. Si desea adquirir corbatas en stock al precio m\u00e1s reciente, cons\u00faltenos a continuaci\u00f3n. <\/p>\n<p>Si necesita una corbata personalizada o realizar un pedido OEM\/ODM, env\u00ede su dise\u00f1o por CORREO ELECTR\u00d3NICO.<\/p>\n<p>Correo electr\u00f3nico:<a href=\"mailto:supply@tiesupplier.com\">suministro@tiesupplier.com<\/a><\/p>\n","protected":false},"featured_media":6426,"comment_status":"open","ping_status":"closed","template":"","meta":[],"product_cat":[273],"product_tag":[289,290,288],"class_list":["post-6425","product","type-product","status-publish","has-post-thumbnail","hentry","product_cat-atar","product_tag-corbata-de-poliester","product_tag-corbata-de-promocion","product_tag-corbata-de-rayas","pa_material-polyester"],"aioseo_notices":[],"_links":{"self":[{"href":"https:\/\/tiesupplier.com\/es\/wp-json\/wp\/v2\/product\/6425","targetHints":{"allow":["GET"]}}],"collection":[{"href":"https:\/\/tiesupplier.com\/es\/wp-json\/wp\/v2\/product"}],"about":[{"href":"https:\/\/tiesupplier.com\/es\/wp-json\/wp\/v2\/types\/product"}],"replies":[{"embeddable":true,"href":"https:\/\/tiesupplier.com\/es\/wp-json\/wp\/v2\/comments?post=6425"}],"version-history":[{"count":0,"href":"https:\/\/tiesupplier.com\/es\/wp-json\/wp\/v2\/product\/6425\/revisions"}],"wp:featuredmedia":[{"embeddable":true,"href":"https:\/\/tiesupplier.com\/es\/wp-json\/wp\/v2\/media\/6426"}],"wp:attachment":[{"href":"https:\/\/tiesupplier.com\/es\/wp-json\/wp\/v2\/media?parent=6425"}],"wp:term":[{"taxonomy":"product_cat","embeddable":true,"href":"https:\/\/tiesupplier.com\/es\/wp-json\/wp\/v2\/product_cat?post=6425"},{"taxonomy":"product_tag","embeddable":true,"href":"https:\/\/tiesupplier.com\/es\/wp-json\/wp\/v2\/product_tag?post=6425"}],"curies":[{"name":"wp","href":"https:\/\/api.w.org\/{rel}","templated":true}]}}