{"id":6452,"date":"2025-11-25T13:09:35","date_gmt":"2025-11-25T13:09:35","guid":{"rendered":"https:\/\/tiesupplier.com\/product\/corbata-de-cambio-gradual-con-raya-para-hombre\/"},"modified":"2025-11-25T13:09:35","modified_gmt":"2025-11-25T13:09:35","slug":"corbata-de-cambio-gradual-con-raya-para-hombre","status":"publish","type":"product","link":"https:\/\/tiesupplier.com\/es\/product\/corbata-de-cambio-gradual-con-raya-para-hombre\/","title":{"rendered":"Corbata de cambio gradual con raya para hombre"},"content":{"rendered":"<p>La mayor\u00eda de los dise\u00f1os de corbatas encajan f\u00e1cilmente en ciertas categor\u00edas: rayas, cuadros, flores, etc. Es raro que un dise\u00f1o logre desafiar todas estas categor\u00edas establecidas&#8230; \u00a1y entonces, en Tie Supplier, el juego se abre por completo! Este dise\u00f1o de cambio gradual est\u00e1 garantizado para llamar la atenci\u00f3n de los dem\u00e1s.<\/p>\n<p>Este sorprendente nuevo dise\u00f1o tiene toques de azul marino y blanco esparcidos sobre un brillante tono turquesa. Esta corbata sin duda ser\u00e1 tema de conversaci\u00f3n en cualquier evento en el que la uses, y tambi\u00e9n podr\u00e1s presumir de que tu corbata est\u00e1 de moda, pero tambi\u00e9n es ecol\u00f3gica. Esta corbata est\u00e1 hecha de 100% poli\u00e9ster.<\/p>\n","protected":false},"excerpt":{"rendered":"<p>Somos fabricantes en China. Si desea adquirir corbatas en stock al precio m\u00e1s reciente, cons\u00faltenos a continuaci\u00f3n. <\/p>\n<p>Si necesita una corbata personalizada o realizar un pedido OEM\/ODM, env\u00ede su dise\u00f1o por CORREO ELECTR\u00d3NICO.<\/p>\n<p>Correo electr\u00f3nico:suministro@tiesupplier.com<\/p>\n","protected":false},"featured_media":6453,"comment_status":"open","ping_status":"closed","template":"","meta":[],"product_cat":[273],"product_tag":[299,275,288],"class_list":["post-6452","product","type-product","status-publish","has-post-thumbnail","hentry","product_cat-atar","product_tag-corbata-de-cambio-gradual","product_tag-corbata-de-cuello","product_tag-corbata-de-rayas","pa_material-polyester"],"aioseo_notices":[],"_links":{"self":[{"href":"https:\/\/tiesupplier.com\/es\/wp-json\/wp\/v2\/product\/6452","targetHints":{"allow":["GET"]}}],"collection":[{"href":"https:\/\/tiesupplier.com\/es\/wp-json\/wp\/v2\/product"}],"about":[{"href":"https:\/\/tiesupplier.com\/es\/wp-json\/wp\/v2\/types\/product"}],"replies":[{"embeddable":true,"href":"https:\/\/tiesupplier.com\/es\/wp-json\/wp\/v2\/comments?post=6452"}],"version-history":[{"count":0,"href":"https:\/\/tiesupplier.com\/es\/wp-json\/wp\/v2\/product\/6452\/revisions"}],"wp:featuredmedia":[{"embeddable":true,"href":"https:\/\/tiesupplier.com\/es\/wp-json\/wp\/v2\/media\/6453"}],"wp:attachment":[{"href":"https:\/\/tiesupplier.com\/es\/wp-json\/wp\/v2\/media?parent=6452"}],"wp:term":[{"taxonomy":"product_cat","embeddable":true,"href":"https:\/\/tiesupplier.com\/es\/wp-json\/wp\/v2\/product_cat?post=6452"},{"taxonomy":"product_tag","embeddable":true,"href":"https:\/\/tiesupplier.com\/es\/wp-json\/wp\/v2\/product_tag?post=6452"}],"curies":[{"name":"wp","href":"https:\/\/api.w.org\/{rel}","templated":true}]}}