{"id":6454,"date":"2025-11-25T13:09:35","date_gmt":"2025-11-25T13:09:35","guid":{"rendered":"https:\/\/tiesupplier.com\/product\/corbata-de-china-con-punto-rojo-y-linea-plateada\/"},"modified":"2025-11-25T13:09:35","modified_gmt":"2025-11-25T13:09:35","slug":"corbata-de-china-con-punto-rojo-y-linea-plateada","status":"publish","type":"product","link":"https:\/\/tiesupplier.com\/es\/product\/corbata-de-china-con-punto-rojo-y-linea-plateada\/","title":{"rendered":"Corbata de China con punto rojo y l\u00ednea plateada"},"content":{"rendered":"<p>El mu\u00f1eco rojo China Tie desea trajes ajustados de color plateado.<\/p>\n<p>Una corbata de granadina de color rojo oscuro (tanto de tejido peque\u00f1o como de tejido m\u00e1s grande servir\u00e1) es m\u00e1s f\u00e1cil de trabajar que con tonos de rojo m\u00e1s claros. En este conjunto, he seleccionado una opci\u00f3n de seda jacquard que tiene un ligero toque vintage. Por \u00faltimo, un pa\u00f1uelo de bolsillo de lino blanco es una opci\u00f3n confiable y tambi\u00e9n la opci\u00f3n m\u00e1s formal para un pa\u00f1uelo de bolsillo. Si deseas tomarte m\u00e1s libertades con tu cuadrado, elige algo con un color base blanco fresco para combinar tu camisa blanca con tu cuadrado.<\/p>\n","protected":false},"excerpt":{"rendered":"<p>Somos fabricantes en China. Si desea adquirir corbatas en stock al precio m\u00e1s reciente, cons\u00faltenos a continuaci\u00f3n. <\/p>\n<p>Si necesita una corbata personalizada o realizar un pedido OEM\/ODM, env\u00ede su dise\u00f1o por CORREO ELECTR\u00d3NICO.<\/p>\n<p>Correo electr\u00f3nico:<a href=\"mailto:supply@tiesupplier.com\">suministro@tiesupplier.com<\/a><\/p>\n","protected":false},"featured_media":6455,"comment_status":"open","ping_status":"closed","template":"","meta":[],"product_cat":[273],"product_tag":[285,275],"class_list":["post-6454","product","type-product","status-publish","has-post-thumbnail","hentry","product_cat-atar","product_tag-corbata-de-color-liso","product_tag-corbata-de-cuello","pa_material-polyester"],"aioseo_notices":[],"_links":{"self":[{"href":"https:\/\/tiesupplier.com\/es\/wp-json\/wp\/v2\/product\/6454","targetHints":{"allow":["GET"]}}],"collection":[{"href":"https:\/\/tiesupplier.com\/es\/wp-json\/wp\/v2\/product"}],"about":[{"href":"https:\/\/tiesupplier.com\/es\/wp-json\/wp\/v2\/types\/product"}],"replies":[{"embeddable":true,"href":"https:\/\/tiesupplier.com\/es\/wp-json\/wp\/v2\/comments?post=6454"}],"version-history":[{"count":0,"href":"https:\/\/tiesupplier.com\/es\/wp-json\/wp\/v2\/product\/6454\/revisions"}],"wp:featuredmedia":[{"embeddable":true,"href":"https:\/\/tiesupplier.com\/es\/wp-json\/wp\/v2\/media\/6455"}],"wp:attachment":[{"href":"https:\/\/tiesupplier.com\/es\/wp-json\/wp\/v2\/media?parent=6454"}],"wp:term":[{"taxonomy":"product_cat","embeddable":true,"href":"https:\/\/tiesupplier.com\/es\/wp-json\/wp\/v2\/product_cat?post=6454"},{"taxonomy":"product_tag","embeddable":true,"href":"https:\/\/tiesupplier.com\/es\/wp-json\/wp\/v2\/product_tag?post=6454"}],"curies":[{"name":"wp","href":"https:\/\/api.w.org\/{rel}","templated":true}]}}