{"id":6474,"date":"2025-11-25T13:09:35","date_gmt":"2025-11-25T13:09:35","guid":{"rendered":"https:\/\/tiesupplier.com\/product\/corbata-tejida-de-poliester-con-rayas-moradas-para-hombre\/"},"modified":"2025-11-25T13:09:35","modified_gmt":"2025-11-25T13:09:35","slug":"corbata-tejida-de-poliester-con-rayas-moradas-para-hombre","status":"publish","type":"product","link":"https:\/\/tiesupplier.com\/es\/product\/corbata-tejida-de-poliester-con-rayas-moradas-para-hombre\/","title":{"rendered":"Corbata tejida de poli\u00e9ster con rayas moradas para hombre"},"content":{"rendered":"<p>Ahora, tenemos el gran placer de presentarles nuestra corbata tejida de poli\u00e9ster con rayas moradas para hombres. La corbata tejida de poli\u00e9ster con rayas moradas se adapta al traje de color oscuro.<\/p>\n<p>Piensa en el color morado. \u00bfTe viene a la mente la realeza? A lo largo de la historia, el color p\u00farpura fue usado a menudo por la realeza. Y s\u00f3lo la realeza. Cuando se cre\u00f3 por primera vez el tinte p\u00farpura (un proceso laborioso elaborado a partir de una especie de caracol marino), era muy caro. Tan caro que las \u00fanicas personas que pod\u00edan permitirse el tinte eran la realeza. Durante la era isabelina, la reina Isabel I continu\u00f3 con esta exclusividad del color p\u00farpura y prohibi\u00f3 que cualquier persona fuera de la familia real usara ese color. Con el tiempo, se cre\u00f3 un tinte sint\u00e9tico p\u00farpura m\u00e1s asequible y el resto de nosotros, la gente com\u00fan, comenzamos a usar ese color.<\/p>\n<p>A medida que vayas acostumbr\u00e1ndote al color morado, mant\u00e9n el resto de tu atuendo neutral. Seleccione una camisa lisa de color blanco. Si vas a usar morado en la oficina o de manera m\u00e1s informal, opta por azul marino, gris o marr\u00f3n para tus pantalones, traje o chaqueta sport. El morado y el negro se pueden usar juntos, pero normalmente es un look m\u00e1s formal. Si usa un pa\u00f1uelo de bolsillo con cualquiera de estos colores, debe combinar exactamente con la corbata o ser completamente blanco.<\/p>\n<p>Una vez que hayas usado el morado regularmente con esos colores neutros y le hayas tomado la mano, puedes comenzar a agregar peque\u00f1os toques de otros colores a tu look. Aunque aqu\u00ed hay que tener cuidado. Si bien el morado se puede usar con otros colores, si exageras parecer\u00e1s un payaso. As\u00ed que, para empezar, sigue usando un traje, chaqueta sport y\/o pantalones en esos colores neutros. En cuanto a tu camisa de vestir, un patr\u00f3n sutil de cuadros o rayas con toques de color puede lucir genial con una corbata violeta. Busca una camisa con colores que complementen tu corbata morada. Quiz\u00e1s un tono similar de p\u00farpura (m\u00e1s claro o m\u00e1s oscuro) o un azul.<\/p>\n","protected":false},"excerpt":{"rendered":"<p>Somos fabricantes en China. Si desea adquirir corbatas en stock al precio m\u00e1s reciente, cons\u00faltenos a continuaci\u00f3n. <\/p>\n<p>Si necesita una corbata personalizada o realizar un pedido OEM\/ODM, env\u00ede su dise\u00f1o por CORREO ELECTR\u00d3NICO.<\/p>\n<p>Correo electr\u00f3nico:<a href=\"mailto:supply@tiesupplier.com\">suministro@tiesupplier.com<\/a><\/p>\n","protected":false},"featured_media":6475,"comment_status":"open","ping_status":"closed","template":"","meta":[],"product_cat":[273],"product_tag":[289,284],"class_list":["post-6474","product","type-product","status-publish","has-post-thumbnail","hentry","product_cat-atar","product_tag-corbata-de-poliester","product_tag-pajarita-de-color-solido","pa_material-polyester"],"aioseo_notices":[],"_links":{"self":[{"href":"https:\/\/tiesupplier.com\/es\/wp-json\/wp\/v2\/product\/6474","targetHints":{"allow":["GET"]}}],"collection":[{"href":"https:\/\/tiesupplier.com\/es\/wp-json\/wp\/v2\/product"}],"about":[{"href":"https:\/\/tiesupplier.com\/es\/wp-json\/wp\/v2\/types\/product"}],"replies":[{"embeddable":true,"href":"https:\/\/tiesupplier.com\/es\/wp-json\/wp\/v2\/comments?post=6474"}],"version-history":[{"count":0,"href":"https:\/\/tiesupplier.com\/es\/wp-json\/wp\/v2\/product\/6474\/revisions"}],"wp:featuredmedia":[{"embeddable":true,"href":"https:\/\/tiesupplier.com\/es\/wp-json\/wp\/v2\/media\/6475"}],"wp:attachment":[{"href":"https:\/\/tiesupplier.com\/es\/wp-json\/wp\/v2\/media?parent=6474"}],"wp:term":[{"taxonomy":"product_cat","embeddable":true,"href":"https:\/\/tiesupplier.com\/es\/wp-json\/wp\/v2\/product_cat?post=6474"},{"taxonomy":"product_tag","embeddable":true,"href":"https:\/\/tiesupplier.com\/es\/wp-json\/wp\/v2\/product_tag?post=6474"}],"curies":[{"name":"wp","href":"https:\/\/api.w.org\/{rel}","templated":true}]}}