{"id":6476,"date":"2025-11-25T13:09:34","date_gmt":"2025-11-25T13:09:34","guid":{"rendered":"https:\/\/tiesupplier.com\/product\/pajarita-de-2-colores-a-juego-para-hombre\/"},"modified":"2025-11-25T13:09:34","modified_gmt":"2025-11-25T13:09:34","slug":"pajarita-de-2-colores-a-juego-para-hombre","status":"publish","type":"product","link":"https:\/\/tiesupplier.com\/es\/product\/pajarita-de-2-colores-a-juego-para-hombre\/","title":{"rendered":"PAJARITA DE 2 COLORES A JUEGO PARA HOMBRE"},"content":{"rendered":"<p>Condici\u00f3n: 100% nuevo y en buen estado.<br \/>\nMaterial: poli\u00e9ster<br \/>\nTama\u00f1o:Tama\u00f1o del arco externo: 12*6 cm<br \/>\nTama\u00f1o del lazo interior: 11 x 6 cm<br \/>\nLa cuerda es ajustable, m\u00e1ximo 46 cm.<\/p>\n<p>Detalle:<br \/>\nInstalaci\u00f3n f\u00e1cil y r\u00e1pida con clip.<br \/>\nPajarita de estilo cl\u00e1sico completamente nueva.<br \/>\nUna excelente pajarita formal cl\u00e1sica de color combinado para hombre con clip, un excelente accesorio para un esmoquin o un traje.<br \/>\nFitness para hombres o ni\u00f1os. Ideal para llevar a una boda o cualquier otra ocasi\u00f3n formal.<\/p>\n","protected":false},"excerpt":{"rendered":"<p>Somos fabricantes en China. Si desea adquirir corbatas en stock al precio m\u00e1s reciente, cons\u00faltenos a continuaci\u00f3n. <\/p>\n<p>Si necesita una corbata personalizada o realizar un pedido OEM\/ODM, env\u00ede su dise\u00f1o por CORREO ELECTR\u00d3NICO.<\/p>\n<p>Correo electr\u00f3nico:suministro@tiesupplier.com<\/p>\n","protected":false},"featured_media":6477,"comment_status":"open","ping_status":"closed","template":"","meta":[],"product_cat":[278],"product_tag":[279],"class_list":["post-6476","product","type-product","status-publish","has-post-thumbnail","hentry","product_cat-bufanda","product_tag-pajarita-a-juego-con-el-color","pa_material-polyester"],"aioseo_notices":[],"_links":{"self":[{"href":"https:\/\/tiesupplier.com\/es\/wp-json\/wp\/v2\/product\/6476","targetHints":{"allow":["GET"]}}],"collection":[{"href":"https:\/\/tiesupplier.com\/es\/wp-json\/wp\/v2\/product"}],"about":[{"href":"https:\/\/tiesupplier.com\/es\/wp-json\/wp\/v2\/types\/product"}],"replies":[{"embeddable":true,"href":"https:\/\/tiesupplier.com\/es\/wp-json\/wp\/v2\/comments?post=6476"}],"version-history":[{"count":0,"href":"https:\/\/tiesupplier.com\/es\/wp-json\/wp\/v2\/product\/6476\/revisions"}],"wp:featuredmedia":[{"embeddable":true,"href":"https:\/\/tiesupplier.com\/es\/wp-json\/wp\/v2\/media\/6477"}],"wp:attachment":[{"href":"https:\/\/tiesupplier.com\/es\/wp-json\/wp\/v2\/media?parent=6476"}],"wp:term":[{"taxonomy":"product_cat","embeddable":true,"href":"https:\/\/tiesupplier.com\/es\/wp-json\/wp\/v2\/product_cat?post=6476"},{"taxonomy":"product_tag","embeddable":true,"href":"https:\/\/tiesupplier.com\/es\/wp-json\/wp\/v2\/product_tag?post=6476"}],"curies":[{"name":"wp","href":"https:\/\/api.w.org\/{rel}","templated":true}]}}