{"id":6488,"date":"2025-11-25T13:09:34","date_gmt":"2025-11-25T13:09:34","guid":{"rendered":"https:\/\/tiesupplier.com\/product\/pajarita-de-rayas-de-poliester-estilo-jk-para-dama\/"},"modified":"2025-11-25T13:09:34","modified_gmt":"2025-11-25T13:09:34","slug":"pajarita-de-rayas-de-poliester-estilo-jk-para-dama","status":"publish","type":"product","link":"https:\/\/tiesupplier.com\/es\/product\/pajarita-de-rayas-de-poliester-estilo-jk-para-dama\/","title":{"rendered":"Pajarita de rayas de poli\u00e9ster estilo JK para dama"},"content":{"rendered":"<p>Esta pajarita estilo JK con rayas parece simple y moderna. Est\u00e1 dise\u00f1ada para dama.<br \/>\nSe pueden elegir 4 colores.<\/p>\n","protected":false},"excerpt":{"rendered":"<p>Somos fabricantes en China. Si desea adquirir corbatas en stock al precio m\u00e1s reciente, cons\u00faltenos a continuaci\u00f3n. <\/p>\n<p>Si necesita una corbata personalizada o realizar un pedido OEM\/ODM, env\u00ede su dise\u00f1o por CORREO ELECTR\u00d3NICO.<\/p>\n<p>Correo electr\u00f3nico:suministro@tiesupplier.com<\/p>\n","protected":false},"featured_media":6489,"comment_status":"open","ping_status":"closed","template":"","meta":[],"product_cat":[278],"product_tag":[300],"class_list":["post-6488","product","type-product","status-publish","has-post-thumbnail","hentry","product_cat-bufanda","product_tag-pajarita-jk","pa_material-polyester"],"aioseo_notices":[],"_links":{"self":[{"href":"https:\/\/tiesupplier.com\/es\/wp-json\/wp\/v2\/product\/6488","targetHints":{"allow":["GET"]}}],"collection":[{"href":"https:\/\/tiesupplier.com\/es\/wp-json\/wp\/v2\/product"}],"about":[{"href":"https:\/\/tiesupplier.com\/es\/wp-json\/wp\/v2\/types\/product"}],"replies":[{"embeddable":true,"href":"https:\/\/tiesupplier.com\/es\/wp-json\/wp\/v2\/comments?post=6488"}],"version-history":[{"count":0,"href":"https:\/\/tiesupplier.com\/es\/wp-json\/wp\/v2\/product\/6488\/revisions"}],"wp:featuredmedia":[{"embeddable":true,"href":"https:\/\/tiesupplier.com\/es\/wp-json\/wp\/v2\/media\/6489"}],"wp:attachment":[{"href":"https:\/\/tiesupplier.com\/es\/wp-json\/wp\/v2\/media?parent=6488"}],"wp:term":[{"taxonomy":"product_cat","embeddable":true,"href":"https:\/\/tiesupplier.com\/es\/wp-json\/wp\/v2\/product_cat?post=6488"},{"taxonomy":"product_tag","embeddable":true,"href":"https:\/\/tiesupplier.com\/es\/wp-json\/wp\/v2\/product_tag?post=6488"}],"curies":[{"name":"wp","href":"https:\/\/api.w.org\/{rel}","templated":true}]}}