{"id":6495,"date":"2025-11-25T13:09:34","date_gmt":"2025-11-25T13:09:34","guid":{"rendered":"https:\/\/tiesupplier.com\/product\/corbata-de-negocios-a-rayas-de-color-azul-marino-a-juego\/"},"modified":"2025-11-25T13:09:34","modified_gmt":"2025-11-25T13:09:34","slug":"corbata-de-negocios-a-rayas-de-color-azul-marino-a-juego","status":"publish","type":"product","link":"https:\/\/tiesupplier.com\/es\/product\/corbata-de-negocios-a-rayas-de-color-azul-marino-a-juego\/","title":{"rendered":"Corbata de negocios a rayas de color azul marino a juego"},"content":{"rendered":"<p>Corbata de negocios a rayas de color azul marino a juego de moda. La corbata a rayas, de color azul real, es brillante y es muy adecuada para hombres j\u00f3venes.<\/p>\n<p>El material es poli\u00e9ster, por lo que el precio no es tan alto como la corbata de seda, es f\u00e1cil de aceptar en el mercado. La calidad del material Jacquard es alta, est\u00e1 tejido por urdimbre y trama, por lo que es f\u00e1cil hacerlo con muchos colores seg\u00fan lo personalizado.<\/p>\n","protected":false},"excerpt":{"rendered":"<p>Somos fabricantes en China. Si desea adquirir corbatas en stock al precio m\u00e1s reciente, cons\u00faltenos a continuaci\u00f3n. <\/p>\n<p>Si necesita una corbata personalizada o realizar un pedido OEM\/ODM, env\u00ede su dise\u00f1o por CORREO ELECTR\u00d3NICO.<\/p>\n<p>Correo electr\u00f3nico:<a href=\"mailto:supply@tiesupplier.com\">suministro@tiesupplier.com<\/a><\/p>\n","protected":false},"featured_media":6498,"comment_status":"open","ping_status":"closed","template":"","meta":[],"product_cat":[273],"product_tag":[293,289,288],"class_list":["post-6495","product","type-product","status-publish","has-post-thumbnail","hentry","product_cat-atar","product_tag-atar","product_tag-corbata-de-poliester","product_tag-corbata-de-rayas","pa_material-polyester"],"aioseo_notices":[],"_links":{"self":[{"href":"https:\/\/tiesupplier.com\/es\/wp-json\/wp\/v2\/product\/6495","targetHints":{"allow":["GET"]}}],"collection":[{"href":"https:\/\/tiesupplier.com\/es\/wp-json\/wp\/v2\/product"}],"about":[{"href":"https:\/\/tiesupplier.com\/es\/wp-json\/wp\/v2\/types\/product"}],"replies":[{"embeddable":true,"href":"https:\/\/tiesupplier.com\/es\/wp-json\/wp\/v2\/comments?post=6495"}],"version-history":[{"count":0,"href":"https:\/\/tiesupplier.com\/es\/wp-json\/wp\/v2\/product\/6495\/revisions"}],"wp:featuredmedia":[{"embeddable":true,"href":"https:\/\/tiesupplier.com\/es\/wp-json\/wp\/v2\/media\/6498"}],"wp:attachment":[{"href":"https:\/\/tiesupplier.com\/es\/wp-json\/wp\/v2\/media?parent=6495"}],"wp:term":[{"taxonomy":"product_cat","embeddable":true,"href":"https:\/\/tiesupplier.com\/es\/wp-json\/wp\/v2\/product_cat?post=6495"},{"taxonomy":"product_tag","embeddable":true,"href":"https:\/\/tiesupplier.com\/es\/wp-json\/wp\/v2\/product_tag?post=6495"}],"curies":[{"name":"wp","href":"https:\/\/api.w.org\/{rel}","templated":true}]}}