{"id":6501,"date":"2025-11-25T13:08:46","date_gmt":"2025-11-25T13:08:46","guid":{"rendered":"https:\/\/tiesupplier.com\/product\/pajarita-para-mujer-azafata-banco-hotel-oficina-azafata-estudiantes-jk-pajarita-de-uniforme\/"},"modified":"2025-11-25T13:08:46","modified_gmt":"2025-11-25T13:08:46","slug":"pajarita-para-mujer-azafata-banco-hotel-oficina-azafata-estudiantes-jk-pajarita-de-uniforme","status":"publish","type":"product","link":"https:\/\/tiesupplier.com\/es\/product\/pajarita-para-mujer-azafata-banco-hotel-oficina-azafata-estudiantes-jk-pajarita-de-uniforme\/","title":{"rendered":"Pajarita para mujer, azafata, banco, hotel, oficina, azafata, estudiantes JK, pajarita de uniforme"},"content":{"rendered":"<p>Patr\u00f3n: cuadros<br \/>\nEspecie: Collar<br \/>\nColor: L1, L2, L3, L4, L5, L6, L7, L8, L9, L10, L11, L12, L13, L14, L15, L16, L17, L18, L19, L20, L21, L22, L23, L24, L25, L26, color mixto y cabello hermoso<br \/>\nCategor\u00eda de producto: Pajarita<br \/>\nM\u00e9todo de procesamiento: impresi\u00f3n<br \/>\nAncho de pajarita: Normal<br \/>\nMaterial: poli\u00e9ster<br \/>\nEstilo: Cabeza plana<br \/>\nEspecificaci\u00f3n: 14 * 17 * 50 cm<br \/>\nG\u00e9nero aplicable: Femenino<br \/>\nRango de edad aplicable: adulta<br \/>\nOcasiones de regalo aplicables: asistente de vuelo, banco, hotel.<br \/>\nEstilo: Mujer<br \/>\nModelado: Arco<br \/>\nEstilo: coreano<\/p>\n","protected":false},"excerpt":{"rendered":"<p>Somos fabricantes en China. Si desea adquirir corbatas en stock al precio m\u00e1s reciente, cons\u00faltenos a continuaci\u00f3n. <\/p>\n<p>Si necesita una corbata personalizada o realizar un pedido OEM\/ODM, env\u00ede su dise\u00f1o por CORREO ELECTR\u00d3NICO.<\/p>\n<p>Correo electr\u00f3nico:suministro@tiesupplier.com<\/p>\n","protected":false},"featured_media":6502,"comment_status":"open","ping_status":"closed","template":"","meta":[],"product_cat":[278],"product_tag":[300],"class_list":["post-6501","product","type-product","status-publish","has-post-thumbnail","hentry","product_cat-bufanda","product_tag-pajarita-jk","pa_material-polyester"],"aioseo_notices":[],"_links":{"self":[{"href":"https:\/\/tiesupplier.com\/es\/wp-json\/wp\/v2\/product\/6501","targetHints":{"allow":["GET"]}}],"collection":[{"href":"https:\/\/tiesupplier.com\/es\/wp-json\/wp\/v2\/product"}],"about":[{"href":"https:\/\/tiesupplier.com\/es\/wp-json\/wp\/v2\/types\/product"}],"replies":[{"embeddable":true,"href":"https:\/\/tiesupplier.com\/es\/wp-json\/wp\/v2\/comments?post=6501"}],"version-history":[{"count":0,"href":"https:\/\/tiesupplier.com\/es\/wp-json\/wp\/v2\/product\/6501\/revisions"}],"wp:featuredmedia":[{"embeddable":true,"href":"https:\/\/tiesupplier.com\/es\/wp-json\/wp\/v2\/media\/6502"}],"wp:attachment":[{"href":"https:\/\/tiesupplier.com\/es\/wp-json\/wp\/v2\/media?parent=6501"}],"wp:term":[{"taxonomy":"product_cat","embeddable":true,"href":"https:\/\/tiesupplier.com\/es\/wp-json\/wp\/v2\/product_cat?post=6501"},{"taxonomy":"product_tag","embeddable":true,"href":"https:\/\/tiesupplier.com\/es\/wp-json\/wp\/v2\/product_tag?post=6501"}],"curies":[{"name":"wp","href":"https:\/\/api.w.org\/{rel}","templated":true}]}}