{"id":6521,"date":"2025-11-25T13:08:46","date_gmt":"2025-11-25T13:08:46","guid":{"rendered":"https:\/\/tiesupplier.com\/product\/corbata-de-poliester-a-rayas-azules-para-hombre\/"},"modified":"2025-11-25T13:08:46","modified_gmt":"2025-11-25T13:08:46","slug":"corbata-de-poliester-a-rayas-azules-para-hombre","status":"publish","type":"product","link":"https:\/\/tiesupplier.com\/es\/product\/corbata-de-poliester-a-rayas-azules-para-hombre\/","title":{"rendered":"Corbata de poli\u00e9ster a rayas azules para hombre"},"content":{"rendered":"<p>Esta corbata de poli\u00e9ster con rayas azules parece sencilla pero muy profesional.<\/p>\n<p>Material: poli\u00e9ster<br \/>\nTama\u00f1o: 145 x 7 cm<br \/>\nG\u00e9nero: Hombres<br \/>\n100% hecho a mano.<\/p>\n","protected":false},"excerpt":{"rendered":"<p>Somos fabricantes en China. Si desea adquirir corbatas en stock al precio m\u00e1s reciente, cons\u00faltenos a continuaci\u00f3n. <\/p>\n<p>Si necesita una corbata personalizada o realizar un pedido OEM\/ODM, env\u00ede su dise\u00f1o por CORREO ELECTR\u00d3NICO.<\/p>\n<p>Correo electr\u00f3nico:suministro@tiesupplier.com<\/p>\n","protected":false},"featured_media":6524,"comment_status":"open","ping_status":"closed","template":"","meta":[],"product_cat":[273],"product_tag":[285],"class_list":["post-6521","product","type-product","status-publish","has-post-thumbnail","hentry","product_cat-atar","product_tag-corbata-de-color-liso","pa_material-polyester"],"aioseo_notices":[],"_links":{"self":[{"href":"https:\/\/tiesupplier.com\/es\/wp-json\/wp\/v2\/product\/6521","targetHints":{"allow":["GET"]}}],"collection":[{"href":"https:\/\/tiesupplier.com\/es\/wp-json\/wp\/v2\/product"}],"about":[{"href":"https:\/\/tiesupplier.com\/es\/wp-json\/wp\/v2\/types\/product"}],"replies":[{"embeddable":true,"href":"https:\/\/tiesupplier.com\/es\/wp-json\/wp\/v2\/comments?post=6521"}],"version-history":[{"count":0,"href":"https:\/\/tiesupplier.com\/es\/wp-json\/wp\/v2\/product\/6521\/revisions"}],"wp:featuredmedia":[{"embeddable":true,"href":"https:\/\/tiesupplier.com\/es\/wp-json\/wp\/v2\/media\/6524"}],"wp:attachment":[{"href":"https:\/\/tiesupplier.com\/es\/wp-json\/wp\/v2\/media?parent=6521"}],"wp:term":[{"taxonomy":"product_cat","embeddable":true,"href":"https:\/\/tiesupplier.com\/es\/wp-json\/wp\/v2\/product_cat?post=6521"},{"taxonomy":"product_tag","embeddable":true,"href":"https:\/\/tiesupplier.com\/es\/wp-json\/wp\/v2\/product_tag?post=6521"}],"curies":[{"name":"wp","href":"https:\/\/api.w.org\/{rel}","templated":true}]}}