{"id":6527,"date":"2025-11-25T13:08:46","date_gmt":"2025-11-25T13:08:46","guid":{"rendered":"https:\/\/tiesupplier.com\/product\/corbata-de-rayas-rosas-de-color-liso-para-bodas-negocios-y-fiestas\/"},"modified":"2025-11-25T13:08:46","modified_gmt":"2025-11-25T13:08:46","slug":"corbata-de-rayas-rosas-de-color-liso-para-bodas-negocios-y-fiestas","status":"publish","type":"product","link":"https:\/\/tiesupplier.com\/es\/product\/corbata-de-rayas-rosas-de-color-liso-para-bodas-negocios-y-fiestas\/","title":{"rendered":"Corbata de rayas rosas de color liso para bodas, negocios y fiestas."},"content":{"rendered":"<p>Esta rosa se ve hermosa con la raya.<\/p>\n<p>Producto: Corbata<br \/>\nMaterial: poli\u00e9ster<br \/>\nTama\u00f1o: Ancho de cabeza grande 7 cm, cabeza peque\u00f1a 3,5 cm, largo 145 cm<br \/>\nG\u00e9nero aplicable: neutral\/ambos sexos<\/p>\n","protected":false},"excerpt":{"rendered":"<p>Somos fabricantes en China. Si desea adquirir corbatas en stock al precio m\u00e1s reciente, cons\u00faltenos a continuaci\u00f3n. <\/p>\n<p>Si necesita una corbata personalizada o realizar un pedido OEM\/ODM, env\u00ede su dise\u00f1o por CORREO ELECTR\u00d3NICO.<\/p>\n<p>Correo electr\u00f3nico:suministro@tiesupplier.com<\/p>\n","protected":false},"featured_media":6528,"comment_status":"open","ping_status":"closed","template":"","meta":[],"product_cat":[273],"product_tag":[285],"class_list":["post-6527","product","type-product","status-publish","has-post-thumbnail","hentry","product_cat-atar","product_tag-corbata-de-color-liso","pa_material-polyester"],"aioseo_notices":[],"_links":{"self":[{"href":"https:\/\/tiesupplier.com\/es\/wp-json\/wp\/v2\/product\/6527","targetHints":{"allow":["GET"]}}],"collection":[{"href":"https:\/\/tiesupplier.com\/es\/wp-json\/wp\/v2\/product"}],"about":[{"href":"https:\/\/tiesupplier.com\/es\/wp-json\/wp\/v2\/types\/product"}],"replies":[{"embeddable":true,"href":"https:\/\/tiesupplier.com\/es\/wp-json\/wp\/v2\/comments?post=6527"}],"version-history":[{"count":0,"href":"https:\/\/tiesupplier.com\/es\/wp-json\/wp\/v2\/product\/6527\/revisions"}],"wp:featuredmedia":[{"embeddable":true,"href":"https:\/\/tiesupplier.com\/es\/wp-json\/wp\/v2\/media\/6528"}],"wp:attachment":[{"href":"https:\/\/tiesupplier.com\/es\/wp-json\/wp\/v2\/media?parent=6527"}],"wp:term":[{"taxonomy":"product_cat","embeddable":true,"href":"https:\/\/tiesupplier.com\/es\/wp-json\/wp\/v2\/product_cat?post=6527"},{"taxonomy":"product_tag","embeddable":true,"href":"https:\/\/tiesupplier.com\/es\/wp-json\/wp\/v2\/product_tag?post=6527"}],"curies":[{"name":"wp","href":"https:\/\/api.w.org\/{rel}","templated":true}]}}