{"id":6533,"date":"2025-11-25T13:08:46","date_gmt":"2025-11-25T13:08:46","guid":{"rendered":"https:\/\/tiesupplier.com\/product\/corbata-sencilla-de-negocios-de-moda-para-hombres\/"},"modified":"2025-11-25T13:08:46","modified_gmt":"2025-11-25T13:08:46","slug":"corbata-sencilla-de-negocios-de-moda-para-hombres","status":"publish","type":"product","link":"https:\/\/tiesupplier.com\/es\/product\/corbata-sencilla-de-negocios-de-moda-para-hombres\/","title":{"rendered":"Corbata sencilla de negocios de moda para hombres"},"content":{"rendered":"<p>Ancho de la corbata: 7 cm<br \/>\nLongitud de la corbata: 145 cm<\/p>\n<p>Material: 100% seda; forro de alta calidad que puede ayudar a que la corbata mantenga su forma.<br \/>\nColor: azul<br \/>\nPatr\u00f3n: rayado<\/p>\n<p>Calidad: Alta calidad; triple inspecci\u00f3n de calidad.<br \/>\nF\u00e1cil de lavar: se puede limpiar en seco o lavar a mano.<br \/>\nOcasi\u00f3n: cualquier ocasi\u00f3n formal o informal.<\/p>\n<p>Las corbatas est\u00e1n hechas de tejido jacquard de 1200 agujas de alta densidad, lo que hace que los patrones sean m\u00e1s tridimensionales y texturizados. Ser\u00eda un regalo perfecto y una excelente decoraci\u00f3n para ti y tus amigos.<\/p>\n<p>Nos centramos en la corbata desde hace muchos a\u00f1os. Te ver\u00e1s mejor con nuestra corbata de l\u00edneas perfectas. Esta colecci\u00f3n de corbatas contiene muchos colores festivos y tradicionales de temporada, puede hacer clic en \u00abvisitar tienda\u00bb para coleccionarlos todos.<\/p>\n","protected":false},"excerpt":{"rendered":"<p>Somos fabricantes en China. Si desea adquirir corbatas en stock al precio m\u00e1s reciente, cons\u00faltenos a continuaci\u00f3n. <\/p>\n<p>Si necesita una corbata personalizada o realizar un pedido OEM\/ODM, env\u00ede su dise\u00f1o por CORREO ELECTR\u00d3NICO.<\/p>\n<p>Correo electr\u00f3nico:suministro@tiesupplier.com<\/p>\n","protected":false},"featured_media":6537,"comment_status":"open","ping_status":"closed","template":"","meta":[],"product_cat":[273],"product_tag":[293,289,282],"class_list":["post-6533","product","type-product","status-publish","has-post-thumbnail","hentry","product_cat-atar","product_tag-atar","product_tag-corbata-de-poliester","product_tag-corbata-personalizada","pa_material-polyester"],"aioseo_notices":[],"_links":{"self":[{"href":"https:\/\/tiesupplier.com\/es\/wp-json\/wp\/v2\/product\/6533","targetHints":{"allow":["GET"]}}],"collection":[{"href":"https:\/\/tiesupplier.com\/es\/wp-json\/wp\/v2\/product"}],"about":[{"href":"https:\/\/tiesupplier.com\/es\/wp-json\/wp\/v2\/types\/product"}],"replies":[{"embeddable":true,"href":"https:\/\/tiesupplier.com\/es\/wp-json\/wp\/v2\/comments?post=6533"}],"version-history":[{"count":0,"href":"https:\/\/tiesupplier.com\/es\/wp-json\/wp\/v2\/product\/6533\/revisions"}],"wp:featuredmedia":[{"embeddable":true,"href":"https:\/\/tiesupplier.com\/es\/wp-json\/wp\/v2\/media\/6537"}],"wp:attachment":[{"href":"https:\/\/tiesupplier.com\/es\/wp-json\/wp\/v2\/media?parent=6533"}],"wp:term":[{"taxonomy":"product_cat","embeddable":true,"href":"https:\/\/tiesupplier.com\/es\/wp-json\/wp\/v2\/product_cat?post=6533"},{"taxonomy":"product_tag","embeddable":true,"href":"https:\/\/tiesupplier.com\/es\/wp-json\/wp\/v2\/product_tag?post=6533"}],"curies":[{"name":"wp","href":"https:\/\/api.w.org\/{rel}","templated":true}]}}