{"id":6538,"date":"2025-11-25T13:08:46","date_gmt":"2025-11-25T13:08:46","guid":{"rendered":"https:\/\/tiesupplier.com\/product\/corbata-clasica-de-hombre-azul-marino-con-pequeno-detalle\/"},"modified":"2025-11-25T13:08:46","modified_gmt":"2025-11-25T13:08:46","slug":"corbata-clasica-de-hombre-azul-marino-con-pequeno-detalle","status":"publish","type":"product","link":"https:\/\/tiesupplier.com\/es\/product\/corbata-clasica-de-hombre-azul-marino-con-pequeno-detalle\/","title":{"rendered":"Corbata cl\u00e1sica de hombre AZUL MARINO con peque\u00f1o detalle"},"content":{"rendered":"<p>Color: azul<br \/>\nTama\u00f1o: Largo 145*7*3,5CM<br \/>\nEmbalaje: una pieza, una bolsa de polietileno<br \/>\nMaterial: 100% poli\u00e9ster tejido Jacquard<br \/>\nG\u00e9nero:Hombre <\/p>\n<p>Nota c\u00e1lida:<br \/>\n1. Permita algunas diferencias de color y tama\u00f1o.<br \/>\n2. Por lo general, demora m\u00e1s de 30 d\u00edas en llegar, tenga paciencia, gracias.<\/p>\n","protected":false},"excerpt":{"rendered":"<p>Somos fabricantes en China. Si desea adquirir corbatas en stock al precio m\u00e1s reciente, cons\u00faltenos a continuaci\u00f3n. <\/p>\n<p>Si necesita una corbata personalizada o realizar un pedido OEM\/ODM, env\u00ede su dise\u00f1o por CORREO ELECTR\u00d3NICO.<\/p>\n<p>Correo electr\u00f3nico:suministro@tiesupplier.com<\/p>\n","protected":false},"featured_media":6539,"comment_status":"open","ping_status":"closed","template":"","meta":[],"product_cat":[273],"product_tag":[289],"class_list":["post-6538","product","type-product","status-publish","has-post-thumbnail","hentry","product_cat-atar","product_tag-corbata-de-poliester","pa_material-polyester"],"aioseo_notices":[],"_links":{"self":[{"href":"https:\/\/tiesupplier.com\/es\/wp-json\/wp\/v2\/product\/6538","targetHints":{"allow":["GET"]}}],"collection":[{"href":"https:\/\/tiesupplier.com\/es\/wp-json\/wp\/v2\/product"}],"about":[{"href":"https:\/\/tiesupplier.com\/es\/wp-json\/wp\/v2\/types\/product"}],"replies":[{"embeddable":true,"href":"https:\/\/tiesupplier.com\/es\/wp-json\/wp\/v2\/comments?post=6538"}],"version-history":[{"count":0,"href":"https:\/\/tiesupplier.com\/es\/wp-json\/wp\/v2\/product\/6538\/revisions"}],"wp:featuredmedia":[{"embeddable":true,"href":"https:\/\/tiesupplier.com\/es\/wp-json\/wp\/v2\/media\/6539"}],"wp:attachment":[{"href":"https:\/\/tiesupplier.com\/es\/wp-json\/wp\/v2\/media?parent=6538"}],"wp:term":[{"taxonomy":"product_cat","embeddable":true,"href":"https:\/\/tiesupplier.com\/es\/wp-json\/wp\/v2\/product_cat?post=6538"},{"taxonomy":"product_tag","embeddable":true,"href":"https:\/\/tiesupplier.com\/es\/wp-json\/wp\/v2\/product_tag?post=6538"}],"curies":[{"name":"wp","href":"https:\/\/api.w.org\/{rel}","templated":true}]}}