{"id":6544,"date":"2025-11-25T13:08:46","date_gmt":"2025-11-25T13:08:46","guid":{"rendered":"https:\/\/tiesupplier.com\/product\/corbata-de-rayas-amarillas-doradas-con-cambio-gradual-para-hombre\/"},"modified":"2025-11-25T13:08:46","modified_gmt":"2025-11-25T13:08:46","slug":"corbata-de-rayas-amarillas-doradas-con-cambio-gradual-para-hombre","status":"publish","type":"product","link":"https:\/\/tiesupplier.com\/es\/product\/corbata-de-rayas-amarillas-doradas-con-cambio-gradual-para-hombre\/","title":{"rendered":"Corbata de rayas amarillas doradas con cambio gradual para hombre"},"content":{"rendered":"<p>Esta corbata con cambio gradual luce muy fant\u00e1stica.<br \/>\nCondici\u00f3n: Nuevo<br \/>\nMarca: tiesuplier.com<br \/>\nEstilo: corbata de negocios<br \/>\nEmbalaje: Bolsa de pl\u00e1stico protectora simple.<\/p>\n<p>***Recordatorio importante:<br \/>\n1. Dado que la apariencia de los diferentes monitores puede ser diferente, se debe permitir una ligera diferencia de color.<br \/>\n2. Seleccione un color que sea exactamente el mismo que el color marcado en la imagen.<\/p>\n","protected":false},"excerpt":{"rendered":"<p>Somos fabricantes en China. Si desea adquirir corbatas en stock al precio m\u00e1s reciente, cons\u00faltenos a continuaci\u00f3n. <\/p>\n<p>Si necesita una corbata personalizada o realizar un pedido OEM\/ODM, env\u00ede su dise\u00f1o por CORREO ELECTR\u00d3NICO.<\/p>\n<p>Correo electr\u00f3nico:suministro@tiesupplier.com<\/p>\n","protected":false},"featured_media":6545,"comment_status":"open","ping_status":"closed","template":"","meta":[],"product_cat":[273],"product_tag":[299],"class_list":["post-6544","product","type-product","status-publish","has-post-thumbnail","hentry","product_cat-atar","product_tag-corbata-de-cambio-gradual","pa_material-polyester"],"aioseo_notices":[],"_links":{"self":[{"href":"https:\/\/tiesupplier.com\/es\/wp-json\/wp\/v2\/product\/6544","targetHints":{"allow":["GET"]}}],"collection":[{"href":"https:\/\/tiesupplier.com\/es\/wp-json\/wp\/v2\/product"}],"about":[{"href":"https:\/\/tiesupplier.com\/es\/wp-json\/wp\/v2\/types\/product"}],"replies":[{"embeddable":true,"href":"https:\/\/tiesupplier.com\/es\/wp-json\/wp\/v2\/comments?post=6544"}],"version-history":[{"count":0,"href":"https:\/\/tiesupplier.com\/es\/wp-json\/wp\/v2\/product\/6544\/revisions"}],"wp:featuredmedia":[{"embeddable":true,"href":"https:\/\/tiesupplier.com\/es\/wp-json\/wp\/v2\/media\/6545"}],"wp:attachment":[{"href":"https:\/\/tiesupplier.com\/es\/wp-json\/wp\/v2\/media?parent=6544"}],"wp:term":[{"taxonomy":"product_cat","embeddable":true,"href":"https:\/\/tiesupplier.com\/es\/wp-json\/wp\/v2\/product_cat?post=6544"},{"taxonomy":"product_tag","embeddable":true,"href":"https:\/\/tiesupplier.com\/es\/wp-json\/wp\/v2\/product_tag?post=6544"}],"curies":[{"name":"wp","href":"https:\/\/api.w.org\/{rel}","templated":true}]}}