{"id":6572,"date":"2025-11-25T13:08:45","date_gmt":"2025-11-25T13:08:45","guid":{"rendered":"https:\/\/tiesupplier.com\/product\/corbata-de-rayas-de-moda-para-hombre-corbata-para-boda-o-fiesta\/"},"modified":"2025-11-25T13:08:45","modified_gmt":"2025-11-25T13:08:45","slug":"corbata-de-rayas-de-moda-para-hombre-corbata-para-boda-o-fiesta","status":"publish","type":"product","link":"https:\/\/tiesupplier.com\/es\/product\/corbata-de-rayas-de-moda-para-hombre-corbata-para-boda-o-fiesta\/","title":{"rendered":"Corbata de rayas de moda para hombre, corbata para boda o fiesta"},"content":{"rendered":"<p>Corbata fina de rayas cl\u00e1sicas. Estas rayas son muy adecuadas para un traje negro. El buen material es fino y c\u00f3modo. Las rayas negras te hacen lucir en\u00e9rgico y fresco. Ya sea que participes en una reuni\u00f3n comercial o una fiesta de amigos, la corbata de rayas es muy adecuada.<\/p>\n","protected":false},"excerpt":{"rendered":"<p>Somos fabricantes en China. Si desea adquirir corbatas en stock al precio m\u00e1s reciente, cons\u00faltenos a continuaci\u00f3n. <\/p>\n<p>Si necesita una corbata personalizada o realizar un pedido OEM\/ODM, env\u00ede su dise\u00f1o por CORREO ELECTR\u00d3NICO.<\/p>\n<p>Correo electr\u00f3nico:suministro@tiesupplier.com<\/p>\n","protected":false},"featured_media":6574,"comment_status":"open","ping_status":"closed","template":"","meta":[],"product_cat":[273],"product_tag":[274,288],"class_list":["post-6572","product","type-product","status-publish","has-post-thumbnail","hentry","product_cat-atar","product_tag-corbata-de-algodon","product_tag-corbata-de-rayas","pa_material-cotton"],"aioseo_notices":[],"_links":{"self":[{"href":"https:\/\/tiesupplier.com\/es\/wp-json\/wp\/v2\/product\/6572","targetHints":{"allow":["GET"]}}],"collection":[{"href":"https:\/\/tiesupplier.com\/es\/wp-json\/wp\/v2\/product"}],"about":[{"href":"https:\/\/tiesupplier.com\/es\/wp-json\/wp\/v2\/types\/product"}],"replies":[{"embeddable":true,"href":"https:\/\/tiesupplier.com\/es\/wp-json\/wp\/v2\/comments?post=6572"}],"version-history":[{"count":0,"href":"https:\/\/tiesupplier.com\/es\/wp-json\/wp\/v2\/product\/6572\/revisions"}],"wp:featuredmedia":[{"embeddable":true,"href":"https:\/\/tiesupplier.com\/es\/wp-json\/wp\/v2\/media\/6574"}],"wp:attachment":[{"href":"https:\/\/tiesupplier.com\/es\/wp-json\/wp\/v2\/media?parent=6572"}],"wp:term":[{"taxonomy":"product_cat","embeddable":true,"href":"https:\/\/tiesupplier.com\/es\/wp-json\/wp\/v2\/product_cat?post=6572"},{"taxonomy":"product_tag","embeddable":true,"href":"https:\/\/tiesupplier.com\/es\/wp-json\/wp\/v2\/product_tag?post=6572"}],"curies":[{"name":"wp","href":"https:\/\/api.w.org\/{rel}","templated":true}]}}