{"id":6580,"date":"2025-11-25T13:08:45","date_gmt":"2025-11-25T13:08:45","guid":{"rendered":"https:\/\/tiesupplier.com\/product\/corbata-de-poliester-de-mario-de-universal-studio-no-esta-a-la-venta\/"},"modified":"2025-11-25T13:08:45","modified_gmt":"2025-11-25T13:08:45","slug":"corbata-de-poliester-de-mario-de-universal-studio-no-esta-a-la-venta","status":"publish","type":"product","link":"https:\/\/tiesupplier.com\/es\/product\/corbata-de-poliester-de-mario-de-universal-studio-no-esta-a-la-venta\/","title":{"rendered":"Corbata de poli\u00e9ster de Mario de Universal Studio (No est\u00e1 a la venta)"},"content":{"rendered":"<p>Esta corbata tejida de Mario es un dise\u00f1o nuestro cliente de Jap\u00f3n.<\/p>\n<p>Somos proveedor de corbatas de Universal Studio ubicado en China.<\/p>\n<p>La corbata de Mario de Universal Studio no est\u00e1 a la venta.<\/p>\n<p>Por favor, no agregue al carrito.<\/p>\n","protected":false},"excerpt":{"rendered":"<p>Somos fabricantes en China. Si desea adquirir corbatas en stock al precio m\u00e1s reciente, cons\u00faltenos a continuaci\u00f3n. <\/p>\n<p>Si necesita una corbata personalizada o realizar un pedido OEM\/ODM, env\u00ede su dise\u00f1o por CORREO ELECTR\u00d3NICO.<\/p>\n<p>Correo electr\u00f3nico:suministro@tiesupplier.com<\/p>\n","protected":false},"featured_media":6584,"comment_status":"open","ping_status":"closed","template":"","meta":[],"product_cat":[273],"product_tag":[281,289,282],"class_list":["post-6580","product","type-product","status-publish","has-post-thumbnail","hentry","product_cat-atar","product_tag-corbata-con-logotipo","product_tag-corbata-de-poliester","product_tag-corbata-personalizada","pa_material-polyester"],"aioseo_notices":[],"_links":{"self":[{"href":"https:\/\/tiesupplier.com\/es\/wp-json\/wp\/v2\/product\/6580","targetHints":{"allow":["GET"]}}],"collection":[{"href":"https:\/\/tiesupplier.com\/es\/wp-json\/wp\/v2\/product"}],"about":[{"href":"https:\/\/tiesupplier.com\/es\/wp-json\/wp\/v2\/types\/product"}],"replies":[{"embeddable":true,"href":"https:\/\/tiesupplier.com\/es\/wp-json\/wp\/v2\/comments?post=6580"}],"version-history":[{"count":0,"href":"https:\/\/tiesupplier.com\/es\/wp-json\/wp\/v2\/product\/6580\/revisions"}],"wp:featuredmedia":[{"embeddable":true,"href":"https:\/\/tiesupplier.com\/es\/wp-json\/wp\/v2\/media\/6584"}],"wp:attachment":[{"href":"https:\/\/tiesupplier.com\/es\/wp-json\/wp\/v2\/media?parent=6580"}],"wp:term":[{"taxonomy":"product_cat","embeddable":true,"href":"https:\/\/tiesupplier.com\/es\/wp-json\/wp\/v2\/product_cat?post=6580"},{"taxonomy":"product_tag","embeddable":true,"href":"https:\/\/tiesupplier.com\/es\/wp-json\/wp\/v2\/product_tag?post=6580"}],"curies":[{"name":"wp","href":"https:\/\/api.w.org\/{rel}","templated":true}]}}