{"id":6586,"date":"2025-11-25T13:08:45","date_gmt":"2025-11-25T13:08:45","guid":{"rendered":"https:\/\/tiesupplier.com\/product\/corbata-de-carton-de-goma-de-piezas-dobles-para-nina\/"},"modified":"2025-11-25T13:08:45","modified_gmt":"2025-11-25T13:08:45","slug":"corbata-de-carton-de-goma-de-piezas-dobles-para-nina","status":"publish","type":"product","link":"https:\/\/tiesupplier.com\/es\/product\/corbata-de-carton-de-goma-de-piezas-dobles-para-nina\/","title":{"rendered":"Corbata de cart\u00f3n de goma de piezas dobles para ni\u00f1a"},"content":{"rendered":"<p>La corbata el\u00e1stica de poli\u00e9ster se denomina corbata de hombre perezosa con cremallera en China. Pero se utilizan m\u00e1s como corbata para ni\u00f1os. En comparaci\u00f3n con las corbatas normales, es m\u00e1s f\u00e1cil de adornar. Esta corbata tiene dos piezas. Es muy hermosa para ni\u00f1os y mujeres.<\/p>\n","protected":false},"excerpt":{"rendered":"<p>Somos fabricantes en China. Si desea adquirir corbatas en stock al precio m\u00e1s reciente, cons\u00faltenos a continuaci\u00f3n. <\/p>\n<p>Si necesita una corbata personalizada o realizar un pedido OEM\/ODM, env\u00ede su dise\u00f1o por CORREO ELECTR\u00d3NICO.<\/p>\n<p>Correo electr\u00f3nico:suministro@tiesupplier.com<\/p>\n","protected":false},"featured_media":6590,"comment_status":"open","ping_status":"closed","template":"","meta":[],"product_cat":[273],"product_tag":[281,287,282],"class_list":["post-6586","product","type-product","status-publish","has-post-thumbnail","hentry","product_cat-atar","product_tag-corbata-con-logotipo","product_tag-corbata-de-nino","product_tag-corbata-personalizada","pa_material-polyester"],"aioseo_notices":[],"_links":{"self":[{"href":"https:\/\/tiesupplier.com\/es\/wp-json\/wp\/v2\/product\/6586","targetHints":{"allow":["GET"]}}],"collection":[{"href":"https:\/\/tiesupplier.com\/es\/wp-json\/wp\/v2\/product"}],"about":[{"href":"https:\/\/tiesupplier.com\/es\/wp-json\/wp\/v2\/types\/product"}],"replies":[{"embeddable":true,"href":"https:\/\/tiesupplier.com\/es\/wp-json\/wp\/v2\/comments?post=6586"}],"version-history":[{"count":0,"href":"https:\/\/tiesupplier.com\/es\/wp-json\/wp\/v2\/product\/6586\/revisions"}],"wp:featuredmedia":[{"embeddable":true,"href":"https:\/\/tiesupplier.com\/es\/wp-json\/wp\/v2\/media\/6590"}],"wp:attachment":[{"href":"https:\/\/tiesupplier.com\/es\/wp-json\/wp\/v2\/media?parent=6586"}],"wp:term":[{"taxonomy":"product_cat","embeddable":true,"href":"https:\/\/tiesupplier.com\/es\/wp-json\/wp\/v2\/product_cat?post=6586"},{"taxonomy":"product_tag","embeddable":true,"href":"https:\/\/tiesupplier.com\/es\/wp-json\/wp\/v2\/product_tag?post=6586"}],"curies":[{"name":"wp","href":"https:\/\/api.w.org\/{rel}","templated":true}]}}