{"id":6595,"date":"2025-11-25T13:08:45","date_gmt":"2025-11-25T13:08:45","guid":{"rendered":"https:\/\/tiesupplier.com\/product\/corbata-para-mascotas-con-estampado-de-poliester-para-perros-y-gatos-pequenos\/"},"modified":"2025-11-25T13:08:45","modified_gmt":"2025-11-25T13:08:45","slug":"corbata-para-mascotas-con-estampado-de-poliester-para-perros-y-gatos-pequenos","status":"publish","type":"product","link":"https:\/\/tiesupplier.com\/es\/product\/corbata-para-mascotas-con-estampado-de-poliester-para-perros-y-gatos-pequenos\/","title":{"rendered":"Corbata para mascotas con estampado de poli\u00e9ster para perros y gatos peque\u00f1os"},"content":{"rendered":"<p>Esta corbata para mascotas est\u00e1 de moda para perros y gatos. Es muy lindo cuando el perro o el gato llevan la corbata para mascotas.<br \/>\nCondici\u00f3n: Nuevo<br \/>\nMaterial: poli\u00e9ster<br \/>\nTama\u00f1o: 9 cm de largo<br \/>\nEl paquete incluye: 1 * corbata + 1 * bolsa Opp<br \/>\nConsejos \u00fatiles: No usar blanqueador, no lavar en seco, no lavar a m\u00e1quina.<\/p>\n","protected":false},"excerpt":{"rendered":"<p style=\"text-align: left;\">Somos fabricantes en China. Si desea adquirir corbatas en stock al precio m\u00e1s reciente, cons\u00faltenos a continuaci\u00f3n. <\/p>\n<p style=\"text-align: left;\">Si necesita una corbata personalizada o realizar un pedido OEM\/ODM, env\u00ede su dise\u00f1o por CORREO ELECTR\u00d3NICO.<\/p>\n<p style=\"text-align: left;\">Correo electr\u00f3nico:suministro@tiesupplier.com<\/p>\n","protected":false},"featured_media":6596,"comment_status":"open","ping_status":"closed","template":"","meta":[],"product_cat":[273],"product_tag":[298],"class_list":["post-6595","product","type-product","status-publish","has-post-thumbnail","hentry","product_cat-atar","product_tag-corbata-para-mascotas","pa_material-polyester"],"aioseo_notices":[],"_links":{"self":[{"href":"https:\/\/tiesupplier.com\/es\/wp-json\/wp\/v2\/product\/6595","targetHints":{"allow":["GET"]}}],"collection":[{"href":"https:\/\/tiesupplier.com\/es\/wp-json\/wp\/v2\/product"}],"about":[{"href":"https:\/\/tiesupplier.com\/es\/wp-json\/wp\/v2\/types\/product"}],"replies":[{"embeddable":true,"href":"https:\/\/tiesupplier.com\/es\/wp-json\/wp\/v2\/comments?post=6595"}],"version-history":[{"count":0,"href":"https:\/\/tiesupplier.com\/es\/wp-json\/wp\/v2\/product\/6595\/revisions"}],"wp:featuredmedia":[{"embeddable":true,"href":"https:\/\/tiesupplier.com\/es\/wp-json\/wp\/v2\/media\/6596"}],"wp:attachment":[{"href":"https:\/\/tiesupplier.com\/es\/wp-json\/wp\/v2\/media?parent=6595"}],"wp:term":[{"taxonomy":"product_cat","embeddable":true,"href":"https:\/\/tiesupplier.com\/es\/wp-json\/wp\/v2\/product_cat?post=6595"},{"taxonomy":"product_tag","embeddable":true,"href":"https:\/\/tiesupplier.com\/es\/wp-json\/wp\/v2\/product_tag?post=6595"}],"curies":[{"name":"wp","href":"https:\/\/api.w.org\/{rel}","templated":true}]}}