{"id":6610,"date":"2025-11-25T13:08:45","date_gmt":"2025-11-25T13:08:45","guid":{"rendered":"https:\/\/tiesupplier.com\/product\/pajarita-de-poliester-de-color-liso-para-hombre\/"},"modified":"2025-11-25T13:08:45","modified_gmt":"2025-11-25T13:08:45","slug":"pajarita-de-poliester-de-color-liso-para-hombre","status":"publish","type":"product","link":"https:\/\/tiesupplier.com\/es\/product\/pajarita-de-poliester-de-color-liso-para-hombre\/","title":{"rendered":"Pajarita de poli\u00e9ster de color liso para hombre"},"content":{"rendered":"<p>Pajarita nueva y de alta calidad<br \/>\nMaterial: poli\u00e9ster<br \/>\nTipo de art\u00edculo: Corbatas<br \/>\nTipo de corbata: pajarita<br \/>\nTipo de patr\u00f3n: s\u00f3lido<br \/>\nTama\u00f1o: Talla \u00fanica (correa ajustable de 12 cm x 6,5 cm) (la m\u00e1s larga: 48 cm)<br \/>\nColor: 20 colores<\/p>\n<p>Paquete: 1 pajarita\/bolsa OPP<\/p>\n","protected":false},"excerpt":{"rendered":"<p>Somos fabricantes en China. Si desea adquirir corbatas en stock al precio m\u00e1s reciente, cons\u00faltenos a continuaci\u00f3n. <\/p>\n<p>Si necesita una corbata personalizada o realizar un pedido OEM\/ODM, env\u00ede su dise\u00f1o por CORREO ELECTR\u00d3NICO.<\/p>\n<p>Correo electr\u00f3nico:suministro@tiesupplier.com<\/p>\n","protected":false},"featured_media":6611,"comment_status":"open","ping_status":"closed","template":"","meta":[],"product_cat":[278],"product_tag":[284],"class_list":["post-6610","product","type-product","status-publish","has-post-thumbnail","hentry","product_cat-bufanda","product_tag-pajarita-de-color-solido","pa_material-polyester"],"aioseo_notices":[],"_links":{"self":[{"href":"https:\/\/tiesupplier.com\/es\/wp-json\/wp\/v2\/product\/6610","targetHints":{"allow":["GET"]}}],"collection":[{"href":"https:\/\/tiesupplier.com\/es\/wp-json\/wp\/v2\/product"}],"about":[{"href":"https:\/\/tiesupplier.com\/es\/wp-json\/wp\/v2\/types\/product"}],"replies":[{"embeddable":true,"href":"https:\/\/tiesupplier.com\/es\/wp-json\/wp\/v2\/comments?post=6610"}],"version-history":[{"count":0,"href":"https:\/\/tiesupplier.com\/es\/wp-json\/wp\/v2\/product\/6610\/revisions"}],"wp:featuredmedia":[{"embeddable":true,"href":"https:\/\/tiesupplier.com\/es\/wp-json\/wp\/v2\/media\/6611"}],"wp:attachment":[{"href":"https:\/\/tiesupplier.com\/es\/wp-json\/wp\/v2\/media?parent=6610"}],"wp:term":[{"taxonomy":"product_cat","embeddable":true,"href":"https:\/\/tiesupplier.com\/es\/wp-json\/wp\/v2\/product_cat?post=6610"},{"taxonomy":"product_tag","embeddable":true,"href":"https:\/\/tiesupplier.com\/es\/wp-json\/wp\/v2\/product_tag?post=6610"}],"curies":[{"name":"wp","href":"https:\/\/api.w.org\/{rel}","templated":true}]}}