{"id":6656,"date":"2025-11-25T13:08:45","date_gmt":"2025-11-25T13:08:45","guid":{"rendered":"https:\/\/tiesupplier.com\/product\/corbatas-estrechas-informales-con-flores-para-bodas-y-fiestas\/"},"modified":"2025-11-25T13:08:45","modified_gmt":"2025-11-25T13:08:45","slug":"corbatas-estrechas-informales-con-flores-para-bodas-y-fiestas","status":"publish","type":"product","link":"https:\/\/tiesupplier.com\/es\/product\/corbatas-estrechas-informales-con-flores-para-bodas-y-fiestas\/","title":{"rendered":"Corbatas estrechas informales con flores para bodas y fiestas"},"content":{"rendered":"<p>Cantidad: 1 pieza<br \/>\nCondici\u00f3n: Nuevo<br \/>\nMaterial: Algod\u00f3n<br \/>\nTama\u00f1o: 145 cm de largo (57 pulgadas) y 6,5 cm (2,56 pulgadas) de ancho.<br \/>\nEl paquete incluye: 1 * corbata + 1 * bolsa Opp<br \/>\nConsejos \u00fatiles: No usar blanqueador, no lavar en seco, no lavar a m\u00e1quina.<\/p>\n","protected":false},"excerpt":{"rendered":"<p>Somos fabricantes en China. Si desea adquirir corbatas en stock al precio m\u00e1s reciente, cons\u00faltenos a continuaci\u00f3n. <\/p>\n<p>Si necesita una corbata personalizada o realizar un pedido OEM\/ODM, env\u00ede su dise\u00f1o por CORREO ELECTR\u00d3NICO.<\/p>\n<p>Correo electr\u00f3nico:suministro@tiesupplier.com<\/p>\n","protected":false},"featured_media":6659,"comment_status":"open","ping_status":"closed","template":"","meta":[],"product_cat":[273],"product_tag":[274],"class_list":["post-6656","product","type-product","status-publish","has-post-thumbnail","hentry","product_cat-atar","product_tag-corbata-de-algodon","pa_material-cotton"],"aioseo_notices":[],"_links":{"self":[{"href":"https:\/\/tiesupplier.com\/es\/wp-json\/wp\/v2\/product\/6656","targetHints":{"allow":["GET"]}}],"collection":[{"href":"https:\/\/tiesupplier.com\/es\/wp-json\/wp\/v2\/product"}],"about":[{"href":"https:\/\/tiesupplier.com\/es\/wp-json\/wp\/v2\/types\/product"}],"replies":[{"embeddable":true,"href":"https:\/\/tiesupplier.com\/es\/wp-json\/wp\/v2\/comments?post=6656"}],"version-history":[{"count":0,"href":"https:\/\/tiesupplier.com\/es\/wp-json\/wp\/v2\/product\/6656\/revisions"}],"wp:featuredmedia":[{"embeddable":true,"href":"https:\/\/tiesupplier.com\/es\/wp-json\/wp\/v2\/media\/6659"}],"wp:attachment":[{"href":"https:\/\/tiesupplier.com\/es\/wp-json\/wp\/v2\/media?parent=6656"}],"wp:term":[{"taxonomy":"product_cat","embeddable":true,"href":"https:\/\/tiesupplier.com\/es\/wp-json\/wp\/v2\/product_cat?post=6656"},{"taxonomy":"product_tag","embeddable":true,"href":"https:\/\/tiesupplier.com\/es\/wp-json\/wp\/v2\/product_tag?post=6656"}],"curies":[{"name":"wp","href":"https:\/\/api.w.org\/{rel}","templated":true}]}}