{"id":6667,"date":"2025-11-25T13:08:45","date_gmt":"2025-11-25T13:08:45","guid":{"rendered":"https:\/\/tiesupplier.com\/product\/pajaritas-de-punto-bicapa-con-lunares-para-hombre\/"},"modified":"2025-11-25T13:08:45","modified_gmt":"2025-11-25T13:08:45","slug":"pajaritas-de-punto-bicapa-con-lunares-para-hombre","status":"publish","type":"product","link":"https:\/\/tiesupplier.com\/es\/product\/pajaritas-de-punto-bicapa-con-lunares-para-hombre\/","title":{"rendered":"Pajaritas de punto bicapa con lunares para hombre"},"content":{"rendered":"<p>Tejer una pajarita con lunares se ve moderno y lindo.<br \/>\nM\u00e9todo de procesamiento: Jacquard<br \/>\nTama\u00f1o: 12 cm x 6 cm<\/p>\n","protected":false},"excerpt":{"rendered":"<p>Somos fabricantes en China. Si desea adquirir corbatas en stock al precio m\u00e1s reciente, cons\u00faltenos a continuaci\u00f3n. <\/p>\n<p>Si necesita una corbata personalizada o realizar un pedido OEM\/ODM, env\u00ede su dise\u00f1o por CORREO ELECTR\u00d3NICO.<\/p>\n<p>Correo electr\u00f3nico:<a href=\"mailto:supply@tiesupplier.com\">suministro@tiesupplier.com<\/a><\/p>\n","protected":false},"featured_media":6668,"comment_status":"open","ping_status":"closed","template":"","meta":[],"product_cat":[278],"product_tag":[302],"class_list":["post-6667","product","type-product","status-publish","has-post-thumbnail","hentry","product_cat-bufanda","product_tag-pajarita-de-punto"],"aioseo_notices":[],"_links":{"self":[{"href":"https:\/\/tiesupplier.com\/es\/wp-json\/wp\/v2\/product\/6667","targetHints":{"allow":["GET"]}}],"collection":[{"href":"https:\/\/tiesupplier.com\/es\/wp-json\/wp\/v2\/product"}],"about":[{"href":"https:\/\/tiesupplier.com\/es\/wp-json\/wp\/v2\/types\/product"}],"replies":[{"embeddable":true,"href":"https:\/\/tiesupplier.com\/es\/wp-json\/wp\/v2\/comments?post=6667"}],"version-history":[{"count":0,"href":"https:\/\/tiesupplier.com\/es\/wp-json\/wp\/v2\/product\/6667\/revisions"}],"wp:featuredmedia":[{"embeddable":true,"href":"https:\/\/tiesupplier.com\/es\/wp-json\/wp\/v2\/media\/6668"}],"wp:attachment":[{"href":"https:\/\/tiesupplier.com\/es\/wp-json\/wp\/v2\/media?parent=6667"}],"wp:term":[{"taxonomy":"product_cat","embeddable":true,"href":"https:\/\/tiesupplier.com\/es\/wp-json\/wp\/v2\/product_cat?post=6667"},{"taxonomy":"product_tag","embeddable":true,"href":"https:\/\/tiesupplier.com\/es\/wp-json\/wp\/v2\/product_tag?post=6667"}],"curies":[{"name":"wp","href":"https:\/\/api.w.org\/{rel}","templated":true}]}}